{"id":92,"date":"2017-05-19T16:42:13","date_gmt":"2017-05-19T13:42:13","guid":{"rendered":"https:\/\/www.myscience.fi\/sv\/?page_id=92"},"modified":"2025-02-05T13:12:17","modified_gmt":"2025-02-05T11:12:17","slug":"forvaltning","status":"publish","type":"page","link":"https:\/\/www.myscience.fi\/sv\/center\/forvaltning\/","title":{"rendered":"F\u00f6rvaltning"},"content":{"rendered":"<h2><a href=\"https:\/\/www.myscience.fi\/sv\/files\/2019\/06\/luma-forvaltning.png\"><img loading=\"lazy\" decoding=\"async\" class=\"alignnone wp-image-554 size-large\" src=\"https:\/\/www.myscience.fi\/sv\/files\/2019\/06\/luma-forvaltning-1024x576.png\" alt=\"F\u00f6rvaltningssystemet av LUMA-center FInland. \" width=\"1024\" height=\"576\" srcset=\"https:\/\/www.myscience.fi\/sv\/files\/2019\/06\/luma-forvaltning-1024x576.png 1024w, https:\/\/www.myscience.fi\/sv\/files\/2019\/06\/luma-forvaltning-300x169.png 300w, https:\/\/www.myscience.fi\/sv\/files\/2019\/06\/luma-forvaltning-768x432.png 768w\" sizes=\"auto, (max-width: 1024px) 100vw, 1024px\" \/><\/a><\/h2>\n<h2>Styrelse<\/h2>\n<p>LUMA-center Finland -n\u00e4tverk har en styrelse som<\/p>\n<ul>\n<li>tar hand om n\u00e4tverkets driftsf\u00f6ruts\u00e4ttningar,<\/li>\n<li>godk\u00e4nner n\u00e4tverkets gemensamma strategi,<\/li>\n<li>godk\u00e4nner n\u00e4tverkets \u00e5rliga verksamhetsplan och budget,<\/li>\n<li>styr och st\u00f6der direkt\u00f6rens arbete s\u00e5v\u00e4l som<\/li>\n<li>godk\u00e4nner n\u00e4tverkets \u00e5rliga verksamhetsrapport.<\/li>\n<\/ul>\n<p>Varje partneruniversitet har utsett sin representant och suppleant f\u00f6r styrelsen.<\/p>\n<h3>Representanter och deras suppleanter:<\/h3>\n<table class=\"taulukko\" style=\"width: 62.5636%;height: 585px\">\n<tbody>\n<tr style=\"height: 25px\">\n<td style=\"width: 29.9349%;height: 25px\"><strong>Partneruniversitet<\/strong><\/td>\n<td style=\"width: 14.6007%;height: 25px\"><strong>Representant<\/strong><\/td>\n<td style=\"width: 17.8139%;height: 25px\"><strong>Suppleant<\/strong><\/td>\n<\/tr>\n<tr style=\"height: 51px\">\n<td style=\"width: 29.9349%;height: 51px\">Helsingfors universitet<\/td>\n<td style=\"width: 14.6007%;height: 51px\"><strong>Samuli Siltanen<\/strong><\/td>\n<td style=\"width: 17.8139%;height: 51px\"><em><br \/>\n<\/em><strong>Anne-Maria Ernvall-Hyt\u00f6nen<\/strong><\/td>\n<\/tr>\n<tr style=\"height: 51px\">\n<td style=\"width: 29.9349%;height: 51px\">Jyv\u00e4skyl\u00e4 universitet<\/td>\n<td style=\"width: 14.6007%;height: 51px\"><strong>Maija Nissinen<\/strong><\/td>\n<td style=\"width: 17.8139%;height: 51px\"><strong>Petri Ihantola<\/strong><\/td>\n<\/tr>\n<tr style=\"height: 51px\">\n<td style=\"width: 29.9349%;height: 51px\">Lapplands universitet<\/td>\n<td style=\"width: 14.6007%;height: 51px\"><strong>Ilkka Ratinen<\/strong><\/td>\n<td style=\"width: 17.8139%;height: 51px\"><strong>Pieti Tolvanen<\/strong><\/td>\n<\/tr>\n<tr style=\"height: 51px\">\n<td style=\"width: 29.9349%;height: 51px\">Aalto-universitet<\/td>\n<td style=\"width: 14.6007%;height: 51px\"><strong>Jani Romanoff<\/strong><\/td>\n<td style=\"width: 17.8139%;height: 51px\"><strong>Veli-Matti Ik\u00e4valko<\/strong><\/td>\n<\/tr>\n<tr style=\"height: 51px\">\n<td style=\"width: 29.9349%;height: 51px\">Tammerfors universitet<\/td>\n<td style=\"width: 14.6007%;height: 51px\"><strong>Pekka Verho<\/strong><\/td>\n<td style=\"width: 17.8139%;height: 51px\"><strong>Erja Sipil\u00e4<\/strong><\/td>\n<\/tr>\n<tr style=\"height: 51px\">\n<td style=\"width: 29.9349%;height: 51px\">\u00c5bo Universitet<\/td>\n<td style=\"width: 14.6007%;height: 51px\"><strong>Laszlo Major<\/strong><\/td>\n<td style=\"width: 17.8139%;height: 51px\"><strong>Pasi Nurmi<\/strong><\/td>\n<\/tr>\n<tr style=\"height: 86px\">\n<td style=\"width: 29.9349%;height: 50px\">Ule\u00e5borgs universitet<\/td>\n<td style=\"width: 14.6007%;height: 50px\"><strong>Sari Harmoinen<\/strong><\/td>\n<td style=\"width: 17.8139%;height: 50px\"><strong> Kati Pajari<\/strong><\/td>\n<\/tr>\n<tr style=\"height: 51px\">\n<td style=\"width: 29.9349%;height: 51px\">Vasa universitet<\/td>\n<td style=\"width: 14.6007%;height: 51px\"><strong>Raine Hermans<\/strong><\/td>\n<td style=\"width: 17.8139%;height: 51px\"><strong>Janne Koljonen<\/strong><\/td>\n<\/tr>\n<tr style=\"height: 51px\">\n<td style=\"width: 29.9349%;height: 51px\">LUT universitet<\/td>\n<td style=\"width: 14.6007%;height: 51px\"><strong>Nina Kykk\u00e4nen<\/strong><\/td>\n<td style=\"width: 17.8139%;height: 51px\"><strong>Leena Ikonen<\/strong><\/td>\n<\/tr>\n<tr style=\"height: 51px\">\n<td style=\"width: 29.9349%;height: 51px\">\u00c5bo Akademi<\/td>\n<td style=\"width: 14.6007%;height: 51px\"><strong>Mats Brask\u00e9n<\/strong><\/td>\n<td style=\"width: 17.8139%;height: 51px\"><strong>Johan Werkelin<\/strong><\/td>\n<\/tr>\n<tr style=\"height: 51px\">\n<td style=\"width: 29.9349%;height: 51px\">\u00d6stra Finlands universitet<\/td>\n<td style=\"width: 14.6007%;height: 51px\"><strong>Mervi Asikainen<\/strong><\/td>\n<td style=\"width: 17.8139%;height: 51px\"><strong>Sari Havu-Nuutinen<\/strong><\/td>\n<\/tr>\n<\/tbody>\n<\/table>\n<p>Styrelsen har utsett en ordf\u00f6rande (<strong>Sari Harmoinen<\/strong>) och vice ordf\u00f6rande (<strong>Mervi Asikainen<\/strong>) bland sina representanter.<\/p>\n<p>Styrelsen har dessutom beslutat att bjuda som expertrepresentanter:<\/p>\n<table class=\"taulukko\" style=\"width: 56.1351%\">\n<tbody>\n<tr>\n<td style=\"width: 26.5909%\"><\/td>\n<td style=\"width: 13.5606%\"><strong>Representant<\/strong><\/td>\n<td style=\"width: 20.6002%\"><strong>Suppleant<\/strong><\/td>\n<\/tr>\n<tr>\n<td style=\"width: 26.5909%\">Mellersta \u00d6sterbottens\u00a0<span class=\"caps\">LUMA<\/span>-center<\/td>\n<td style=\"width: 13.5606%\"><strong>Ismo Hakala<\/strong><\/td>\n<td style=\"width: 20.6002%\"><\/td>\n<\/tr>\n<tr>\n<td style=\"width: 26.5909%\">P\u00e4ij\u00e4nne-Tavastlands\u00a0<span class=\"caps\">LUMA<\/span>-center<\/td>\n<td style=\"width: 13.5606%\"><span style=\"font-weight: 400\"><strong>Tarja Kariola<\/strong><\/span><\/td>\n<td style=\"width: 20.6002%\"><strong>Minna-Maija Salomaa<\/strong><em><strong><br \/>\n<\/strong><\/em><\/td>\n<\/tr>\n<\/tbody>\n<\/table>\n<p>Styrelsen har beslutat att andra specialister kan bli uppmanade att n\u00e4rvara vid styrelsens m\u00f6ten. Vidare har styrelsen beslutat att om b\u00e5de representant och suppleant f\u00f6r universitetet hindras fr\u00e5n att delta, kan universitetet representeras av en annan expert.<\/p>\n<h2><strong>Direkt\u00f6r<\/strong><\/h2>\n<p>Direkt\u00f6ren hanterar n\u00e4tverkets operativa ledning i handlingsplanen. Direkt\u00f6ren f\u00f6rbereder ocks\u00e5 besluten f\u00f6r styrelsen.<\/p>\n<p>Rektor vid Helsingfors universitet utser direkt\u00f6ren f\u00f6r en tre\u00e5rsperiod efter samr\u00e5d med partneruniversitetet.<\/p>\n<p>Det universitet d\u00e4r verkst\u00e4llande direkt\u00f6ren arbetar \u00e4r ansvarig f\u00f6r att f\u00f6rvalta n\u00e4tverket och samordna sin verksamhet nationellt (p\u00e5 finska) och internationellt. (D<span style=\"font-weight: 400\">en svenskspr\u00e5kiga verksamheten av n\u00e4tverket koordineras i Finland av <a href=\"https:\/\/www.abo.fi\/centret-for-livslangt-larande\/luma\/\">Skolresurs<\/a><\/span><span style=\"font-weight: 400\">.)<\/span><\/p>\n<p>Fr\u00e5n och med den 1 februari 2025 kommer professor <a href=\"https:\/\/www.helsinki.fi\/sv\/om-oss\/personer\/personsokning\/jan-lundell-9011616\"><strong>Jan Lundell<\/strong><\/a> fr\u00e5n Helsingfors universitet att vara n\u00e4tverkets direkt\u00f6r. Fr\u00e5n 2013 till 2025 har professor <a href=\"https:\/\/www.helsinki.fi\/sv\/om-oss\/personer\/personsokning\/maija-aksela-9036275\"><strong>Maija Aksela<\/strong><\/a> fr\u00e5n Helsingfors universitet varit direkt\u00f6r.<\/p>\n","protected":false},"excerpt":{"rendered":"<p>Styrelse LUMA-center Finland -n\u00e4tverk har en styrelse som tar hand om n\u00e4tverkets driftsf\u00f6ruts\u00e4ttningar, godk\u00e4nner n\u00e4tverkets gemensamma strategi, godk\u00e4nner n\u00e4tverkets \u00e5rliga &#8230; <a title=\"F\u00f6rvaltning\" class=\"read-more\" href=\"https:\/\/www.myscience.fi\/sv\/center\/forvaltning\/\" aria-label=\"L\u00e4s mer om F\u00f6rvaltning\">L\u00e4s mera&#8230;<\/a><\/p>\n","protected":false},"author":1,"featured_media":0,"parent":37,"menu_order":0,"comment_status":"closed","ping_status":"closed","template":"","meta":{"generate_page_header":"","footnotes":""},"class_list":["post-92","page","type-page","status-publish"],"yoast_head":"<!-- This site is optimized with the Yoast SEO plugin v25.9 - https:\/\/yoast.com\/wordpress\/plugins\/seo\/ -->\n<title>F\u00f6rvaltning - LUMA-center Finland<\/title>\n<meta name=\"robots\" content=\"index, follow, max-snippet:-1, max-image-preview:large, max-video-preview:-1\" \/>\n<link rel=\"canonical\" href=\"https:\/\/www.myscience.fi\/sv\/center\/forvaltning\/\" \/>\n<meta property=\"og:locale\" content=\"sv_SE\" \/>\n<meta property=\"og:type\" content=\"article\" \/>\n<meta property=\"og:title\" content=\"F\u00f6rvaltning - LUMA-center Finland\" \/>\n<meta property=\"og:description\" content=\"Styrelse LUMA-center Finland -n\u00e4tverk har en styrelse som tar hand om n\u00e4tverkets driftsf\u00f6ruts\u00e4ttningar, godk\u00e4nner n\u00e4tverkets gemensamma strategi, godk\u00e4nner n\u00e4tverkets \u00e5rliga ... L\u00e4s mera...\" \/>\n<meta property=\"og:url\" content=\"https:\/\/www.myscience.fi\/sv\/center\/forvaltning\/\" \/>\n<meta property=\"og:site_name\" content=\"LUMA-center Finland\" \/>\n<meta property=\"article:modified_time\" content=\"2025-02-05T11:12:17+00:00\" \/>\n<meta property=\"og:image\" content=\"https:\/\/www.myscience.fi\/sv\/files\/2019\/06\/luma-forvaltning-1024x576.png\" \/>\n<meta name=\"twitter:card\" content=\"summary_large_image\" \/>\n<meta name=\"twitter:label1\" content=\"Ber\u00e4knad l\u00e4stid\" \/>\n\t<meta name=\"twitter:data1\" content=\"2 minuter\" \/>\n<script type=\"application\/ld+json\" class=\"yoast-schema-graph\">{\"@context\":\"https:\/\/schema.org\",\"@graph\":[{\"@type\":\"WebPage\",\"@id\":\"https:\/\/www.myscience.fi\/sv\/center\/forvaltning\/\",\"url\":\"https:\/\/www.myscience.fi\/sv\/center\/forvaltning\/\",\"name\":\"F\u00f6rvaltning - LUMA-center Finland\",\"isPartOf\":{\"@id\":\"https:\/\/www.myscience.fi\/sv\/#website\"},\"primaryImageOfPage\":{\"@id\":\"https:\/\/www.myscience.fi\/sv\/center\/forvaltning\/#primaryimage\"},\"image\":{\"@id\":\"https:\/\/www.myscience.fi\/sv\/center\/forvaltning\/#primaryimage\"},\"thumbnailUrl\":\"https:\/\/www.myscience.fi\/sv\/files\/2019\/06\/luma-forvaltning-1024x576.png\",\"datePublished\":\"2017-05-19T13:42:13+00:00\",\"dateModified\":\"2025-02-05T11:12:17+00:00\",\"breadcrumb\":{\"@id\":\"https:\/\/www.myscience.fi\/sv\/center\/forvaltning\/#breadcrumb\"},\"inLanguage\":\"sv-SE\",\"potentialAction\":[{\"@type\":\"ReadAction\",\"target\":[\"https:\/\/www.myscience.fi\/sv\/center\/forvaltning\/\"]}]},{\"@type\":\"ImageObject\",\"inLanguage\":\"sv-SE\",\"@id\":\"https:\/\/www.myscience.fi\/sv\/center\/forvaltning\/#primaryimage\",\"url\":\"https:\/\/www.myscience.fi\/sv\/files\/2019\/06\/luma-forvaltning.png\",\"contentUrl\":\"https:\/\/www.myscience.fi\/sv\/files\/2019\/06\/luma-forvaltning.png\",\"width\":2560,\"height\":1440},{\"@type\":\"BreadcrumbList\",\"@id\":\"https:\/\/www.myscience.fi\/sv\/center\/forvaltning\/#breadcrumb\",\"itemListElement\":[{\"@type\":\"ListItem\",\"position\":1,\"name\":\"Etusivu\",\"item\":\"https:\/\/www.myscience.fi\/sv\/\"},{\"@type\":\"ListItem\",\"position\":2,\"name\":\"Om oss\",\"item\":\"https:\/\/www.myscience.fi\/sv\/center\/\"},{\"@type\":\"ListItem\",\"position\":3,\"name\":\"F\u00f6rvaltning\"}]},{\"@type\":\"WebSite\",\"@id\":\"https:\/\/www.myscience.fi\/sv\/#website\",\"url\":\"https:\/\/www.myscience.fi\/sv\/\",\"name\":\"LUMA-center Finland\",\"description\":\"Ett n\u00e4tverk av finska universitet f\u00f6r att fr\u00e4mja vetenskap- och teknikfostran\",\"publisher\":{\"@id\":\"https:\/\/www.myscience.fi\/sv\/#organization\"},\"potentialAction\":[{\"@type\":\"SearchAction\",\"target\":{\"@type\":\"EntryPoint\",\"urlTemplate\":\"https:\/\/www.myscience.fi\/sv\/?s={search_term_string}\"},\"query-input\":{\"@type\":\"PropertyValueSpecification\",\"valueRequired\":true,\"valueName\":\"search_term_string\"}}],\"inLanguage\":\"sv-SE\"},{\"@type\":\"Organization\",\"@id\":\"https:\/\/www.myscience.fi\/sv\/#organization\",\"name\":\"LUMA-center Finland\",\"url\":\"https:\/\/www.myscience.fi\/sv\/\",\"logo\":{\"@type\":\"ImageObject\",\"inLanguage\":\"sv-SE\",\"@id\":\"https:\/\/www.myscience.fi\/sv\/#\/schema\/logo\/image\/\",\"url\":\"https:\/\/www.myscience.fi\/sv\/files\/2022\/05\/luma_flower-multicolored_text-black-horizontal-sv.png\",\"contentUrl\":\"https:\/\/www.myscience.fi\/sv\/files\/2022\/05\/luma_flower-multicolored_text-black-horizontal-sv.png\",\"width\":1927,\"height\":557,\"caption\":\"LUMA-center Finland\"},\"image\":{\"@id\":\"https:\/\/www.myscience.fi\/sv\/#\/schema\/logo\/image\/\"}}]}<\/script>\n<!-- \/ Yoast SEO plugin. -->","yoast_head_json":{"title":"F\u00f6rvaltning - LUMA-center Finland","robots":{"index":"index","follow":"follow","max-snippet":"max-snippet:-1","max-image-preview":"max-image-preview:large","max-video-preview":"max-video-preview:-1"},"canonical":"https:\/\/www.myscience.fi\/sv\/center\/forvaltning\/","og_locale":"sv_SE","og_type":"article","og_title":"F\u00f6rvaltning - LUMA-center Finland","og_description":"Styrelse LUMA-center Finland -n\u00e4tverk har en styrelse som tar hand om n\u00e4tverkets driftsf\u00f6ruts\u00e4ttningar, godk\u00e4nner n\u00e4tverkets gemensamma strategi, godk\u00e4nner n\u00e4tverkets \u00e5rliga ... L\u00e4s mera...","og_url":"https:\/\/www.myscience.fi\/sv\/center\/forvaltning\/","og_site_name":"LUMA-center Finland","article_modified_time":"2025-02-05T11:12:17+00:00","og_image":[{"url":"https:\/\/www.myscience.fi\/sv\/files\/2019\/06\/luma-forvaltning-1024x576.png","type":"","width":"","height":""}],"twitter_card":"summary_large_image","twitter_misc":{"Ber\u00e4knad l\u00e4stid":"2 minuter"},"schema":{"@context":"https:\/\/schema.org","@graph":[{"@type":"WebPage","@id":"https:\/\/www.myscience.fi\/sv\/center\/forvaltning\/","url":"https:\/\/www.myscience.fi\/sv\/center\/forvaltning\/","name":"F\u00f6rvaltning - LUMA-center Finland","isPartOf":{"@id":"https:\/\/www.myscience.fi\/sv\/#website"},"primaryImageOfPage":{"@id":"https:\/\/www.myscience.fi\/sv\/center\/forvaltning\/#primaryimage"},"image":{"@id":"https:\/\/www.myscience.fi\/sv\/center\/forvaltning\/#primaryimage"},"thumbnailUrl":"https:\/\/www.myscience.fi\/sv\/files\/2019\/06\/luma-forvaltning-1024x576.png","datePublished":"2017-05-19T13:42:13+00:00","dateModified":"2025-02-05T11:12:17+00:00","breadcrumb":{"@id":"https:\/\/www.myscience.fi\/sv\/center\/forvaltning\/#breadcrumb"},"inLanguage":"sv-SE","potentialAction":[{"@type":"ReadAction","target":["https:\/\/www.myscience.fi\/sv\/center\/forvaltning\/"]}]},{"@type":"ImageObject","inLanguage":"sv-SE","@id":"https:\/\/www.myscience.fi\/sv\/center\/forvaltning\/#primaryimage","url":"https:\/\/www.myscience.fi\/sv\/files\/2019\/06\/luma-forvaltning.png","contentUrl":"https:\/\/www.myscience.fi\/sv\/files\/2019\/06\/luma-forvaltning.png","width":2560,"height":1440},{"@type":"BreadcrumbList","@id":"https:\/\/www.myscience.fi\/sv\/center\/forvaltning\/#breadcrumb","itemListElement":[{"@type":"ListItem","position":1,"name":"Etusivu","item":"https:\/\/www.myscience.fi\/sv\/"},{"@type":"ListItem","position":2,"name":"Om oss","item":"https:\/\/www.myscience.fi\/sv\/center\/"},{"@type":"ListItem","position":3,"name":"F\u00f6rvaltning"}]},{"@type":"WebSite","@id":"https:\/\/www.myscience.fi\/sv\/#website","url":"https:\/\/www.myscience.fi\/sv\/","name":"LUMA-center Finland","description":"Ett n\u00e4tverk av finska universitet f\u00f6r att fr\u00e4mja vetenskap- och teknikfostran","publisher":{"@id":"https:\/\/www.myscience.fi\/sv\/#organization"},"potentialAction":[{"@type":"SearchAction","target":{"@type":"EntryPoint","urlTemplate":"https:\/\/www.myscience.fi\/sv\/?s={search_term_string}"},"query-input":{"@type":"PropertyValueSpecification","valueRequired":true,"valueName":"search_term_string"}}],"inLanguage":"sv-SE"},{"@type":"Organization","@id":"https:\/\/www.myscience.fi\/sv\/#organization","name":"LUMA-center Finland","url":"https:\/\/www.myscience.fi\/sv\/","logo":{"@type":"ImageObject","inLanguage":"sv-SE","@id":"https:\/\/www.myscience.fi\/sv\/#\/schema\/logo\/image\/","url":"https:\/\/www.myscience.fi\/sv\/files\/2022\/05\/luma_flower-multicolored_text-black-horizontal-sv.png","contentUrl":"https:\/\/www.myscience.fi\/sv\/files\/2022\/05\/luma_flower-multicolored_text-black-horizontal-sv.png","width":1927,"height":557,"caption":"LUMA-center Finland"},"image":{"@id":"https:\/\/www.myscience.fi\/sv\/#\/schema\/logo\/image\/"}}]}},"_links":{"self":[{"href":"https:\/\/www.myscience.fi\/sv\/wp-json\/wp\/v2\/pages\/92","targetHints":{"allow":["GET"]}}],"collection":[{"href":"https:\/\/www.myscience.fi\/sv\/wp-json\/wp\/v2\/pages"}],"about":[{"href":"https:\/\/www.myscience.fi\/sv\/wp-json\/wp\/v2\/types\/page"}],"author":[{"embeddable":true,"href":"https:\/\/www.myscience.fi\/sv\/wp-json\/wp\/v2\/users\/1"}],"replies":[{"embeddable":true,"href":"https:\/\/www.myscience.fi\/sv\/wp-json\/wp\/v2\/comments?post=92"}],"version-history":[{"count":14,"href":"https:\/\/www.myscience.fi\/sv\/wp-json\/wp\/v2\/pages\/92\/revisions"}],"predecessor-version":[{"id":1846,"href":"https:\/\/www.myscience.fi\/sv\/wp-json\/wp\/v2\/pages\/92\/revisions\/1846"}],"up":[{"embeddable":true,"href":"https:\/\/www.myscience.fi\/sv\/wp-json\/wp\/v2\/pages\/37"}],"wp:attachment":[{"href":"https:\/\/www.myscience.fi\/sv\/wp-json\/wp\/v2\/media?parent=92"}],"curies":[{"name":"wp","href":"https:\/\/api.w.org\/{rel}","templated":true}]}}