{"id":744,"date":"2021-10-22T15:03:43","date_gmt":"2021-10-22T12:03:43","guid":{"rendered":"https:\/\/www.myscience.fi\/sv\/?page_id=744"},"modified":"2023-03-29T10:29:58","modified_gmt":"2023-03-29T07:29:58","slug":"fangslande-luma","status":"publish","type":"page","link":"https:\/\/www.myscience.fi\/sv\/fangslande-luma\/","title":{"rendered":"F\u00e4ngslande LUMA \u2013fortbildning om helhetsskapande och \u00e4mnes\u00f6vergripande undervisning"},"content":{"rendered":"\n<p>Helhetsskapande och \u00e4mnes\u00f6vergripande undervisning lyfts fram i l\u00e4roplansgrunderna, men hur b\u00f6r de implementeras p\u00e5 skolor och daghem? Vilka arbetss\u00e4tt och inl\u00e4rningsmilj\u00f6er kan utifr\u00e5n forskningen anses vara \u00e4ndam\u00e5lsenliga? Och hur kan den h\u00e4r typen av undervisning utv\u00e4rderas?<\/p>\n\n\n\n<p>Den h\u00e4r fortbildningen ger dig m\u00f6jlighet att bekanta dig med olika s\u00e4tt att skapa \u00e4mnes\u00f6vergripande inl\u00e4rningshelheter. Arbetss\u00e4tten som lyfts fram i utbildningen kan du till\u00e4mpa antingen i samarbete med din egen skola eller ditt eget daghem eller tillsammans med andra samarbetspartner. Ut\u00f6ver nya id\u00e9er ger fortbildningen deltagarna ett ypperligt tillf\u00e4lle att knyta nya kontakter inf\u00f6r framtida samarbetsprojekt. V\u00e4lkommen med &#8211; gratis!<\/p>\n\n\n\n<p><\/p>\n\n\n<div class=\"wp-block-image\">\n<figure class=\"aligncenter size-large is-resized\"><img loading=\"lazy\" decoding=\"async\" src=\"https:\/\/www.myscience.fi\/sv\/files\/2021\/10\/LUMAn-lumoa-bansku-1200x628-1-e1680074717895-1024x468.jpg\" alt=\"\" class=\"wp-image-749\" width=\"804\" height=\"368\" srcset=\"https:\/\/www.myscience.fi\/sv\/files\/2021\/10\/LUMAn-lumoa-bansku-1200x628-1-e1680074717895-1024x468.jpg 1024w, https:\/\/www.myscience.fi\/sv\/files\/2021\/10\/LUMAn-lumoa-bansku-1200x628-1-e1680074717895-300x137.jpg 300w, https:\/\/www.myscience.fi\/sv\/files\/2021\/10\/LUMAn-lumoa-bansku-1200x628-1-e1680074717895-768x351.jpg 768w, https:\/\/www.myscience.fi\/sv\/files\/2021\/10\/LUMAn-lumoa-bansku-1200x628-1-e1680074717895.jpg 1200w\" sizes=\"auto, (max-width: 804px) 100vw, 804px\" \/><\/figure><\/div>\n\n\n<h2 class=\"wp-block-heading\" id=\"utbildningsmodulerna\">Distanskurs 1: <a href=\"https:\/\/digicampus.fi\/mod\/page\/view.php?id=192202\">Helhetsskapande undervisning och m\u00e5ngsidiga l\u00e4rmilj\u00f6er<\/a><\/h2>\n\n\n\n<p>Den h\u00e4r LUMA-kursen erbjuder deltagarna konkreta verktyg f\u00f6r att implementera helhetsskapande undervisning och m\u00e5ngsidiga l\u00e4rmilj\u00f6er i undervisningen. F\u00f6rutom verktyg och materialtips, s\u00e5 besvaras ocks\u00e5 bl.a. f\u00f6ljande fr\u00e5gor under kursen g\u00e5ng:<\/p>\n<ul>\n<li>Vad exakt borde ing\u00e5 i helhetsskapande undervisning?<\/li>\n<li>Hur implementerar jag helhetsskapande undervisning?<\/li>\n<li>Vilka arbetss\u00e4tt och inl\u00e4rningsmilj\u00f6er borde jag anv\u00e4nda (enligt forskningsresultat)?<\/li>\n<\/ul>\n<p>Under kursens g\u00e5ng bekantar du dig med materialet enligt egen tidtabell och g\u00f6r n\u00e5gra korta uppgifter som du har nytta av d\u00e5 du tar dig an helhetsskapande undervisning med din egen klass.<\/p>\n<p>Kursen \u201cHelhetsskapande undervisning och m\u00e5ngsidiga l\u00e4rmilj\u00f6er\u201d ordnas p\u00e5 distans p\u00e5 plattformen DigiCampus. Det \u00e4r gratis att delta. Kursen l\u00e4mpar sig f\u00f6r alla l\u00e4rare fr\u00e5n sm\u00e5barnspedagogiken till andra stadiet. Inneh\u00e5llet har anpassats s\u00e5 att alla deltagare hittar relevant material f\u00f6r sin m\u00e5lgrupp.<\/p>\n<p>Kursen utg\u00f6r ocks\u00e5 en introduktionskurs till de sinsemellan alternativa forts\u00e4ttningskurserna (p\u00e5 finska)<strong>\u00a0<\/strong>kring (i) virtuella l\u00e4rmilj\u00f6er, (ii) aktiverande studiebes\u00f6k utanf\u00f6r klassrummet, (iii) samarbete mellan skolor och f\u00f6retag och (iv) l\u00e4rmilj\u00f6er utanf\u00f6r d\u00f6rren (den h\u00e4r kursen \u00e4r ocks\u00e5 p\u00e5 svenska ). <strong><a href=\"https:\/\/www.myscience.fi\/luman-lumoa\/\">L\u00e4s mer om valfria kurser i webbplatsen p\u00e5 finska.<\/a><\/strong><\/p>\n\n\n\n<div class=\"wp-block-button\"><a class=\"wp-block-button__link has-background\" style=\"background-color: #007287\" href=\"https:\/\/digicampus.fi\/course\/view.php?id=2782\">Klicka f\u00f6r att komma till kursen<\/a><\/div>\n<p>\u00a0<\/p>\n\n\n\n\n<div class=\"wp-block-image\">\n<figure class=\"aligncenter size-large is-resized\"><img loading=\"lazy\" decoding=\"async\" src=\"https:\/\/www.myscience.fi\/sv\/files\/2023\/03\/IMG_7953-scaled-e1680074588620-1024x443.jpg\" alt=\"\" class=\"wp-image-1252\" width=\"795\" height=\"344\" srcset=\"https:\/\/www.myscience.fi\/sv\/files\/2023\/03\/IMG_7953-scaled-e1680074588620-1024x443.jpg 1024w, https:\/\/www.myscience.fi\/sv\/files\/2023\/03\/IMG_7953-scaled-e1680074588620-300x130.jpg 300w, https:\/\/www.myscience.fi\/sv\/files\/2023\/03\/IMG_7953-scaled-e1680074588620-768x332.jpg 768w, https:\/\/www.myscience.fi\/sv\/files\/2023\/03\/IMG_7953-scaled-e1680074588620.jpg 1200w\" sizes=\"auto, (max-width: 795px) 100vw, 795px\" \/><\/figure><\/div>\n\n\n<h2>Distanskurs 2: <a title=\"L\u00e4rmilj\u00f6er utanf\u00f6r d\u00f6rren, 2 sp\" href=\"https:\/\/digicampus.fi\/course\/view.php?id=3864\">L\u00e4rmilj\u00f6er utanf\u00f6r d\u00f6rren<\/a><\/h2>\n\n\n\n<p dir=\"ltr\">Vad \u00e4r utomhuspedagogik eller hur kan det genomf\u00f6ras inom omgivningsl\u00e4ra och matematik? I denna interaktiva distansfortbildning <i>L\u00e4rmilj\u00f6er utanf\u00f6r d\u00f6rren<\/i> f\u00e5r du ta del av information bland annat om vad forskningen s\u00e4ger om utomhuspedagogik, s\u00e4kerhet d\u00e5 man g\u00e5r ut samt bed\u00f6mning utomhus. Kursen riktar sig fr\u00e4mst till till alla pedagoger som arbetar inom den grundl\u00e4ggande utbildningen i \u00e5rskurserna 1\u20136.<\/p>\n<p dir=\"ltr\">Fortbildningens m\u00e5ls\u00e4ttning \u00e4r:<\/p>\n<ul>\n<li dir=\"ltr\" role=\"presentation\">att erbjuda deltagaren exempel p\u00e5 konkreta undervisningsexempel f\u00f6r arbete utanf\u00f6r klassrummet\u00a0\u00a0<\/li>\n<li dir=\"ltr\" role=\"presentation\">att fr\u00e4mja ett meningsfullt genomf\u00f6rande av temahelheter och bed\u00f6mningen av dessa, vilket \u00e4r centralt f\u00f6r m\u00e5len i l\u00e4roplanens grunder<\/li>\n<li dir=\"ltr\" role=\"presentation\">att st\u00f6dja genomf\u00f6randet av skolans l\u00e4roplan<\/li>\n<li dir=\"ltr\" role=\"presentation\">att st\u00f6dja fr\u00e4mjandet av h\u00e5llbar utveckling inom undervisningen<\/li>\n<\/ul>\n<p>Fortbildningen ordnas p\u00e5 distans p\u00e5 plattformen DigiCampus. Det \u00e4r gratis att delta. F\u00f6rutom att kursen inneh\u00e5ller en viss m\u00e4ngd av teori kring temat erbjuder kursen ocks\u00e5 m\u00e5nga konkreta exempel p\u00e5 aktiviteter och beskrivningar p\u00e5 uppgifter som eleverna kan utf\u00f6ra utomhus i skolans n\u00e4rmilj\u00f6. Flera av modulerna inom kursen inneh\u00e5ller en reflektionsuppgift. Uppgifterna erbjuder ocks\u00e5 en m\u00f6jlighet f\u00f6r kursdeltagarna kollegialt att dela tips och utbyta erfarenheter.\u00a0\u00a0<\/p>\n<p>Ytterligare \u00e4r det m\u00f6jligt att tillbringa en eftermiddag utomhus med kollegor och oss och f\u00e5 id\u00e9er i form av ett utecaf\u00e9. Utecaf\u00e9erna \u00e4r en frist\u00e5ende del till fortbildningen och riktad till de som inte \u00e4r s\u00e5 bevandrare i utomhuspedagogik, men som vill f\u00e5 inspiration till hur man kan jobba med sin grupp utomhus. <a href=\"https:\/\/www.myscience.fi\/sv\/files\/2023\/03\/Utecafeer_2.png\">F\u00f6r\u00a0mer info se den h\u00e4r l\u00e4nken.\u00a0<\/a><\/p>\n<p>\u00a0<\/p>\n\n\n\n<h2 class=\"wp-block-heading\">S\u00e5 h\u00e4r deltar du i kursen:<\/h2>\n\n\n\n<ol class=\"wp-block-list\">\n<li>N\u00e4tkurserna har samlats p\u00e5 en plattform som heter Digicampus. Du kommer \u00e5t kursen genom att klicka p\u00e5 l\u00e4nken under kursbeskrivningen.<\/li>\n\n\n\n<li>Du kan logga in med ett existerande anv\u00e4ndarnamn eller med HAKA-inloggning. Om du inte har dessa kan du ocks\u00e5 skapa ett nytt konto.<\/li>\n\n\n\n<li>V\u00e4lj sedan Sj\u00e4lvregistrering och Registrera mig.<\/li>\n\n\n\n<li>Varmt v\u00e4lkommen med p\u00e5 kursen! P\u00e5 kursens ing\u00e5ngssida hittar du introduktionen till kursen och instruktioner f\u00f6r genomf\u00f6rande.<br><\/li>\n<\/ol>\n\n\n\n<h2 class=\"wp-block-heading\" id=\"om-fortbildningen\"><br><strong>Om fortbildningen<\/strong><\/h2>\n\n\n\n<p>Helhetsskapande undervisning g\u00e5r vanligtvis ut p\u00e5 att olika \u00e4mnesomr\u00e5den kombineras kring ett aktuellt tema. Undervisningen kan exempelvis bygga p\u00e5 samarbete mellan olika l\u00e4ro\u00e4mnen eller med olika akt\u00f6rer utanf\u00f6r skolan eller daghemmet. Enligt forskningen \u00f6kar en v\u00e4l upplagd helhetsskapande och \u00e4mnes\u00f6vergripande undervisning elevernas intresse f\u00f6r matematisk-naturvetenskapliga \u00e4mnen (naturvetenskaper, matematik och teknologi).<\/p>\n\n\n\n<p>Fortbildningen fokuserar tematiskt p\u00e5 utomhuspedagogik och h\u00e5llbar utveckling, teknologifostran och digital undervisning. Enligt forskningen fr\u00e4mjar ett \u00e4mnes\u00f6vergripande angreppss\u00e4tt undervisningen kring dessa teman.<\/p>\n\n\n\n<p>Fortbildningen best\u00e5r av \u00f6ppna och interaktiva n\u00e4tkurser, som du enkelt kan delta i var du \u00e4n befinner dig. <strong>Ut\u00f6ver kurserna p\u00e5 finska erbjuder vi de h\u00e4r tv\u00e5 studiehelheterna ocks\u00e5 p\u00e5 svenska.<\/strong> Till sin omfattning motsvarar varje modul tv\u00e5 studiepo\u00e4ng.<\/p>\n\n\n\n<h3 class=\"wp-block-heading\" id=\"genom-att-delta-i-fortbildningen\"><strong>Genom att delta i fortbildningen \u2026<\/strong><\/h3>\n\n\n\n<ul class=\"wp-block-list\">\n<li>f\u00e5r du veta vilka f\u00f6rdelar det finns med helhetsskapande och \u00e4mnes\u00f6vergripande undervisning och hur den \u00e4r f\u00f6rankrad i l\u00e4roplansgrunderna<\/li>\n\n\n\n<li>f\u00e5r du m\u00f6jlighet att reflektera \u00f6ver temat tillsammans med kollegor<\/li>\n\n\n\n<li>f\u00e5r du ta del av ett stort antal exempel p\u00e5 helhetsskapande och \u00e4mnes\u00f6vergripande undervisning kring olika teman och p\u00e5 alla utbildningsstadier, som du direkt kan b\u00f6rja till\u00e4mpa i din egen undervisning<\/li>\n\n\n\n<li>f\u00e5r du v\u00e4rdefulla tips och respons p\u00e5 hur du planerar, genomf\u00f6r och bed\u00f6mer prestationer inom en egen \u00e4mnes\u00f6vergripande inl\u00e4rningshelhet.<\/li>\n<\/ul>\n\n\n\n<p><\/p>\n\n\n\n<h2 class=\"wp-block-heading\" id=\"om-oss\"><strong>Om oss<\/strong><\/h2>\n\n\n\n<p>Fortbildningen anordnas av LUMA-center Finland-n\u00e4tverket. N\u00e4tverket har en m\u00e5ng\u00e5rig erfarenhet inte bara av att anordna l\u00e4rarfortbildningar utan ocks\u00e5 av att bygga upp n\u00e4tbaserade utbildningshelheter. I projektet medverkar nio finl\u00e4ndska universitet. Utbildarna p\u00e5 n\u00e4tkurserna \u00e4r de fr\u00e4msta experterna i olika vetenskapsomr\u00e5den vid universiteten och hos olika samarbetspartner. Projektet leds av direkt\u00f6ren f\u00f6r LUMA-center Finland, professor Maija Aksela.<\/p>\n\n\n\n<p>Fortbildningsprojektet <em>LUMAn lumoa<\/em> \u2013 <em>F\u00e4ngslande LUMA <\/em>finansieras av Utbildningsstyrelsen. I projektet medverkar sakkunniga inom vetenskapsfostran fr\u00e5n f\u00f6ljande universitet: Aalto-universitetet, Helsingfors universitet, Jyv\u00e4skyl\u00e4 universitet, LUT-universitetet, Tammerfors universitet, Ule\u00e5borgs universitet, \u00c5bo Akademi, \u00c5bo universitet och \u00d6stra Finlands universitet.<\/p>\n","protected":false},"excerpt":{"rendered":"<p>Helhetsskapande och \u00e4mnes\u00f6vergripande undervisning lyfts fram i l\u00e4roplansgrunderna, men hur b\u00f6r de implementeras p\u00e5 skolor och daghem? Vilka arbetss\u00e4tt och &#8230; <a title=\"F\u00e4ngslande LUMA \u2013fortbildning om helhetsskapande och \u00e4mnes\u00f6vergripande undervisning\" class=\"read-more\" href=\"https:\/\/www.myscience.fi\/sv\/fangslande-luma\/\" aria-label=\"L\u00e4s mer om F\u00e4ngslande LUMA \u2013fortbildning om helhetsskapande och \u00e4mnes\u00f6vergripande undervisning\">L\u00e4s mera&#8230;<\/a><\/p>\n","protected":false},"author":1,"featured_media":1105,"parent":0,"menu_order":0,"comment_status":"closed","ping_status":"closed","template":"","meta":{"generate_page_header":"","footnotes":""},"class_list":["post-744","page","type-page","status-publish","has-post-thumbnail"],"yoast_head":"<!-- This site is optimized with the Yoast SEO plugin v25.9 - https:\/\/yoast.com\/wordpress\/plugins\/seo\/ -->\n<title>F\u00e4ngslande LUMA \u2013fortbildning om helhetsskapande och \u00e4mnes\u00f6vergripande undervisning - LUMA-center Finland<\/title>\n<meta name=\"robots\" content=\"index, follow, max-snippet:-1, max-image-preview:large, max-video-preview:-1\" \/>\n<link rel=\"canonical\" href=\"https:\/\/www.myscience.fi\/sv\/fangslande-luma\/\" \/>\n<meta property=\"og:locale\" content=\"sv_SE\" \/>\n<meta property=\"og:type\" content=\"article\" \/>\n<meta property=\"og:title\" content=\"F\u00e4ngslande LUMA \u2013fortbildning om helhetsskapande och \u00e4mnes\u00f6vergripande undervisning - LUMA-center Finland\" \/>\n<meta property=\"og:description\" content=\"Helhetsskapande och \u00e4mnes\u00f6vergripande undervisning lyfts fram i l\u00e4roplansgrunderna, men hur b\u00f6r de implementeras p\u00e5 skolor och daghem? Vilka arbetss\u00e4tt och ... L\u00e4s mera...\" \/>\n<meta property=\"og:url\" content=\"https:\/\/www.myscience.fi\/sv\/fangslande-luma\/\" \/>\n<meta property=\"og:site_name\" content=\"LUMA-center Finland\" \/>\n<meta property=\"article:modified_time\" content=\"2023-03-29T07:29:58+00:00\" \/>\n<meta property=\"og:image\" content=\"https:\/\/www.myscience.fi\/sv\/files\/2022\/09\/Luman_lumoa_verkkosivubanneri_1200x628.jpg\" \/>\n\t<meta property=\"og:image:width\" content=\"1200\" \/>\n\t<meta property=\"og:image:height\" content=\"628\" \/>\n\t<meta property=\"og:image:type\" content=\"image\/jpeg\" \/>\n<meta name=\"twitter:card\" content=\"summary_large_image\" \/>\n<meta name=\"twitter:label1\" content=\"Ber\u00e4knad l\u00e4stid\" \/>\n\t<meta name=\"twitter:data1\" content=\"5 minuter\" \/>\n<script type=\"application\/ld+json\" class=\"yoast-schema-graph\">{\"@context\":\"https:\/\/schema.org\",\"@graph\":[{\"@type\":\"WebPage\",\"@id\":\"https:\/\/www.myscience.fi\/sv\/fangslande-luma\/\",\"url\":\"https:\/\/www.myscience.fi\/sv\/fangslande-luma\/\",\"name\":\"F\u00e4ngslande LUMA \u2013fortbildning om helhetsskapande och \u00e4mnes\u00f6vergripande undervisning - LUMA-center Finland\",\"isPartOf\":{\"@id\":\"https:\/\/www.myscience.fi\/sv\/#website\"},\"primaryImageOfPage\":{\"@id\":\"https:\/\/www.myscience.fi\/sv\/fangslande-luma\/#primaryimage\"},\"image\":{\"@id\":\"https:\/\/www.myscience.fi\/sv\/fangslande-luma\/#primaryimage\"},\"thumbnailUrl\":\"https:\/\/www.myscience.fi\/sv\/files\/2022\/09\/Luman_lumoa_verkkosivubanneri_1200x628.jpg\",\"datePublished\":\"2021-10-22T12:03:43+00:00\",\"dateModified\":\"2023-03-29T07:29:58+00:00\",\"breadcrumb\":{\"@id\":\"https:\/\/www.myscience.fi\/sv\/fangslande-luma\/#breadcrumb\"},\"inLanguage\":\"sv-SE\",\"potentialAction\":[{\"@type\":\"ReadAction\",\"target\":[\"https:\/\/www.myscience.fi\/sv\/fangslande-luma\/\"]}]},{\"@type\":\"ImageObject\",\"inLanguage\":\"sv-SE\",\"@id\":\"https:\/\/www.myscience.fi\/sv\/fangslande-luma\/#primaryimage\",\"url\":\"https:\/\/www.myscience.fi\/sv\/files\/2022\/09\/Luman_lumoa_verkkosivubanneri_1200x628.jpg\",\"contentUrl\":\"https:\/\/www.myscience.fi\/sv\/files\/2022\/09\/Luman_lumoa_verkkosivubanneri_1200x628.jpg\",\"width\":1200,\"height\":628,\"caption\":\"F\u00e4ngslande LUMA fortbildning.\"},{\"@type\":\"BreadcrumbList\",\"@id\":\"https:\/\/www.myscience.fi\/sv\/fangslande-luma\/#breadcrumb\",\"itemListElement\":[{\"@type\":\"ListItem\",\"position\":1,\"name\":\"Etusivu\",\"item\":\"https:\/\/www.myscience.fi\/sv\/\"},{\"@type\":\"ListItem\",\"position\":2,\"name\":\"F\u00e4ngslande LUMA \u2013fortbildning om helhetsskapande och \u00e4mnes\u00f6vergripande undervisning\"}]},{\"@type\":\"WebSite\",\"@id\":\"https:\/\/www.myscience.fi\/sv\/#website\",\"url\":\"https:\/\/www.myscience.fi\/sv\/\",\"name\":\"LUMA-center Finland\",\"description\":\"Ett n\u00e4tverk av finska universitet f\u00f6r att fr\u00e4mja vetenskap- och teknikfostran\",\"publisher\":{\"@id\":\"https:\/\/www.myscience.fi\/sv\/#organization\"},\"potentialAction\":[{\"@type\":\"SearchAction\",\"target\":{\"@type\":\"EntryPoint\",\"urlTemplate\":\"https:\/\/www.myscience.fi\/sv\/?s={search_term_string}\"},\"query-input\":{\"@type\":\"PropertyValueSpecification\",\"valueRequired\":true,\"valueName\":\"search_term_string\"}}],\"inLanguage\":\"sv-SE\"},{\"@type\":\"Organization\",\"@id\":\"https:\/\/www.myscience.fi\/sv\/#organization\",\"name\":\"LUMA-center Finland\",\"url\":\"https:\/\/www.myscience.fi\/sv\/\",\"logo\":{\"@type\":\"ImageObject\",\"inLanguage\":\"sv-SE\",\"@id\":\"https:\/\/www.myscience.fi\/sv\/#\/schema\/logo\/image\/\",\"url\":\"https:\/\/www.myscience.fi\/sv\/files\/2022\/05\/luma_flower-multicolored_text-black-horizontal-sv.png\",\"contentUrl\":\"https:\/\/www.myscience.fi\/sv\/files\/2022\/05\/luma_flower-multicolored_text-black-horizontal-sv.png\",\"width\":1927,\"height\":557,\"caption\":\"LUMA-center Finland\"},\"image\":{\"@id\":\"https:\/\/www.myscience.fi\/sv\/#\/schema\/logo\/image\/\"}}]}<\/script>\n<!-- \/ Yoast SEO plugin. -->","yoast_head_json":{"title":"F\u00e4ngslande LUMA \u2013fortbildning om helhetsskapande och \u00e4mnes\u00f6vergripande undervisning - LUMA-center Finland","robots":{"index":"index","follow":"follow","max-snippet":"max-snippet:-1","max-image-preview":"max-image-preview:large","max-video-preview":"max-video-preview:-1"},"canonical":"https:\/\/www.myscience.fi\/sv\/fangslande-luma\/","og_locale":"sv_SE","og_type":"article","og_title":"F\u00e4ngslande LUMA \u2013fortbildning om helhetsskapande och \u00e4mnes\u00f6vergripande undervisning - LUMA-center Finland","og_description":"Helhetsskapande och \u00e4mnes\u00f6vergripande undervisning lyfts fram i l\u00e4roplansgrunderna, men hur b\u00f6r de implementeras p\u00e5 skolor och daghem? Vilka arbetss\u00e4tt och ... L\u00e4s mera...","og_url":"https:\/\/www.myscience.fi\/sv\/fangslande-luma\/","og_site_name":"LUMA-center Finland","article_modified_time":"2023-03-29T07:29:58+00:00","og_image":[{"width":1200,"height":628,"url":"https:\/\/www.myscience.fi\/sv\/files\/2022\/09\/Luman_lumoa_verkkosivubanneri_1200x628.jpg","type":"image\/jpeg"}],"twitter_card":"summary_large_image","twitter_misc":{"Ber\u00e4knad l\u00e4stid":"5 minuter"},"schema":{"@context":"https:\/\/schema.org","@graph":[{"@type":"WebPage","@id":"https:\/\/www.myscience.fi\/sv\/fangslande-luma\/","url":"https:\/\/www.myscience.fi\/sv\/fangslande-luma\/","name":"F\u00e4ngslande LUMA \u2013fortbildning om helhetsskapande och \u00e4mnes\u00f6vergripande undervisning - LUMA-center Finland","isPartOf":{"@id":"https:\/\/www.myscience.fi\/sv\/#website"},"primaryImageOfPage":{"@id":"https:\/\/www.myscience.fi\/sv\/fangslande-luma\/#primaryimage"},"image":{"@id":"https:\/\/www.myscience.fi\/sv\/fangslande-luma\/#primaryimage"},"thumbnailUrl":"https:\/\/www.myscience.fi\/sv\/files\/2022\/09\/Luman_lumoa_verkkosivubanneri_1200x628.jpg","datePublished":"2021-10-22T12:03:43+00:00","dateModified":"2023-03-29T07:29:58+00:00","breadcrumb":{"@id":"https:\/\/www.myscience.fi\/sv\/fangslande-luma\/#breadcrumb"},"inLanguage":"sv-SE","potentialAction":[{"@type":"ReadAction","target":["https:\/\/www.myscience.fi\/sv\/fangslande-luma\/"]}]},{"@type":"ImageObject","inLanguage":"sv-SE","@id":"https:\/\/www.myscience.fi\/sv\/fangslande-luma\/#primaryimage","url":"https:\/\/www.myscience.fi\/sv\/files\/2022\/09\/Luman_lumoa_verkkosivubanneri_1200x628.jpg","contentUrl":"https:\/\/www.myscience.fi\/sv\/files\/2022\/09\/Luman_lumoa_verkkosivubanneri_1200x628.jpg","width":1200,"height":628,"caption":"F\u00e4ngslande LUMA fortbildning."},{"@type":"BreadcrumbList","@id":"https:\/\/www.myscience.fi\/sv\/fangslande-luma\/#breadcrumb","itemListElement":[{"@type":"ListItem","position":1,"name":"Etusivu","item":"https:\/\/www.myscience.fi\/sv\/"},{"@type":"ListItem","position":2,"name":"F\u00e4ngslande LUMA \u2013fortbildning om helhetsskapande och \u00e4mnes\u00f6vergripande undervisning"}]},{"@type":"WebSite","@id":"https:\/\/www.myscience.fi\/sv\/#website","url":"https:\/\/www.myscience.fi\/sv\/","name":"LUMA-center Finland","description":"Ett n\u00e4tverk av finska universitet f\u00f6r att fr\u00e4mja vetenskap- och teknikfostran","publisher":{"@id":"https:\/\/www.myscience.fi\/sv\/#organization"},"potentialAction":[{"@type":"SearchAction","target":{"@type":"EntryPoint","urlTemplate":"https:\/\/www.myscience.fi\/sv\/?s={search_term_string}"},"query-input":{"@type":"PropertyValueSpecification","valueRequired":true,"valueName":"search_term_string"}}],"inLanguage":"sv-SE"},{"@type":"Organization","@id":"https:\/\/www.myscience.fi\/sv\/#organization","name":"LUMA-center Finland","url":"https:\/\/www.myscience.fi\/sv\/","logo":{"@type":"ImageObject","inLanguage":"sv-SE","@id":"https:\/\/www.myscience.fi\/sv\/#\/schema\/logo\/image\/","url":"https:\/\/www.myscience.fi\/sv\/files\/2022\/05\/luma_flower-multicolored_text-black-horizontal-sv.png","contentUrl":"https:\/\/www.myscience.fi\/sv\/files\/2022\/05\/luma_flower-multicolored_text-black-horizontal-sv.png","width":1927,"height":557,"caption":"LUMA-center Finland"},"image":{"@id":"https:\/\/www.myscience.fi\/sv\/#\/schema\/logo\/image\/"}}]}},"_links":{"self":[{"href":"https:\/\/www.myscience.fi\/sv\/wp-json\/wp\/v2\/pages\/744","targetHints":{"allow":["GET"]}}],"collection":[{"href":"https:\/\/www.myscience.fi\/sv\/wp-json\/wp\/v2\/pages"}],"about":[{"href":"https:\/\/www.myscience.fi\/sv\/wp-json\/wp\/v2\/types\/page"}],"author":[{"embeddable":true,"href":"https:\/\/www.myscience.fi\/sv\/wp-json\/wp\/v2\/users\/1"}],"replies":[{"embeddable":true,"href":"https:\/\/www.myscience.fi\/sv\/wp-json\/wp\/v2\/comments?post=744"}],"version-history":[{"count":43,"href":"https:\/\/www.myscience.fi\/sv\/wp-json\/wp\/v2\/pages\/744\/revisions"}],"predecessor-version":[{"id":1258,"href":"https:\/\/www.myscience.fi\/sv\/wp-json\/wp\/v2\/pages\/744\/revisions\/1258"}],"wp:featuredmedia":[{"embeddable":true,"href":"https:\/\/www.myscience.fi\/sv\/wp-json\/wp\/v2\/media\/1105"}],"wp:attachment":[{"href":"https:\/\/www.myscience.fi\/sv\/wp-json\/wp\/v2\/media?parent=744"}],"curies":[{"name":"wp","href":"https:\/\/api.w.org\/{rel}","templated":true}]}}