{"id":56,"date":"2017-03-03T13:56:11","date_gmt":"2017-03-03T11:56:11","guid":{"rendered":"https:\/\/www.myscience.fi\/sv\/?page_id=56"},"modified":"2018-06-20T10:34:21","modified_gmt":"2018-06-20T07:34:21","slug":"om-sidorna","status":"publish","type":"page","link":"https:\/\/www.myscience.fi\/sv\/om-sidorna\/","title":{"rendered":"Om sidorna"},"content":{"rendered":"<p>Utgivaren av webbplatsen, som anges i\u00a0<em>lag om yttrandefrihet i masskommunikation<\/em>, \u00e4r <a href=\"https:\/\/www.helsinki.fi\/sv\/\">Helsingfors universitet<\/a>, och\u00a0ansvarig redakt\u00f6r \u00e4r professor\u00a0<strong>Maija Aksela<\/strong>.<\/p>\n<p>V\u00e5r webbplatsen anv\u00e4nder cookies s\u00e5 att vi kan ge dig den b\u00e4sta anv\u00e4ndarupplevelsen som \u00e4r m\u00f6jlig. Cookieinformation lagras i din webbl\u00e4sare och utf\u00f6r funktioner som att k\u00e4nna igen dig n\u00e4r du \u00e5terv\u00e4nder till v\u00e5r webbplats och hj\u00e4lper v\u00e5rt team att f\u00f6rst\u00e5 vilka delar av webbplatsen som du tycker \u00e4r mest intressanta och anv\u00e4ndbara. N\u00f6dv\u00e4ndiga cookies m\u00e5ste alltid vara aktiverade s\u00e5 att vi kan spara dina inst\u00e4llningar f\u00f6r cookie-inst\u00e4llningar. Om du inaktiverar den h\u00e4r cookien kan vi inte spara dina inst\u00e4llningar. Det inneb\u00e4r att varje g\u00e5ng du bes\u00f6ker denna webbplats m\u00e5ste du aktivera eller inaktivera cookies igen. V\u00e5r webbplats anv\u00e4nder t.ex. Google Analytics f\u00f6r att samla anonym information, som antalet bes\u00f6kare p\u00e5 webbplatsen och de mest popul\u00e4ra sidorna. Att h\u00e5lla den h\u00e4r cookie aktiverad hj\u00e4lper oss att f\u00f6rb\u00e4ttra v\u00e5r webbplats.<\/p>\n","protected":false},"excerpt":{"rendered":"<p>Utgivaren av webbplatsen, som anges i\u00a0lag om yttrandefrihet i masskommunikation, \u00e4r Helsingfors universitet, och\u00a0ansvarig redakt\u00f6r \u00e4r professor\u00a0Maija Aksela. V\u00e5r webbplatsen &#8230; <a title=\"Om sidorna\" class=\"read-more\" href=\"https:\/\/www.myscience.fi\/sv\/om-sidorna\/\" aria-label=\"L\u00e4s mer om Om sidorna\">L\u00e4s mera&#8230;<\/a><\/p>\n","protected":false},"author":1,"featured_media":0,"parent":0,"menu_order":0,"comment_status":"closed","ping_status":"closed","template":"","meta":{"generate_page_header":"","footnotes":""},"class_list":["post-56","page","type-page","status-publish"],"yoast_head":"<!-- This site is optimized with the Yoast SEO plugin v25.9 - https:\/\/yoast.com\/wordpress\/plugins\/seo\/ -->\n<title>Om sidorna - LUMA-center Finland<\/title>\n<meta name=\"robots\" content=\"index, follow, max-snippet:-1, max-image-preview:large, max-video-preview:-1\" \/>\n<link rel=\"canonical\" href=\"https:\/\/www.myscience.fi\/sv\/om-sidorna\/\" \/>\n<meta property=\"og:locale\" content=\"sv_SE\" \/>\n<meta property=\"og:type\" content=\"article\" \/>\n<meta property=\"og:title\" content=\"Om sidorna - LUMA-center Finland\" \/>\n<meta property=\"og:description\" content=\"Utgivaren av webbplatsen, som anges i\u00a0lag om yttrandefrihet i masskommunikation, \u00e4r Helsingfors universitet, och\u00a0ansvarig redakt\u00f6r \u00e4r professor\u00a0Maija Aksela. V\u00e5r webbplatsen ... L\u00e4s mera...\" \/>\n<meta property=\"og:url\" content=\"https:\/\/www.myscience.fi\/sv\/om-sidorna\/\" \/>\n<meta property=\"og:site_name\" content=\"LUMA-center Finland\" \/>\n<meta property=\"article:modified_time\" content=\"2018-06-20T07:34:21+00:00\" \/>\n<meta name=\"twitter:card\" content=\"summary_large_image\" \/>\n<meta name=\"twitter:label1\" content=\"Ber\u00e4knad l\u00e4stid\" \/>\n\t<meta name=\"twitter:data1\" content=\"1 minut\" \/>\n<script type=\"application\/ld+json\" class=\"yoast-schema-graph\">{\"@context\":\"https:\/\/schema.org\",\"@graph\":[{\"@type\":\"WebPage\",\"@id\":\"https:\/\/www.myscience.fi\/sv\/om-sidorna\/\",\"url\":\"https:\/\/www.myscience.fi\/sv\/om-sidorna\/\",\"name\":\"Om sidorna - LUMA-center Finland\",\"isPartOf\":{\"@id\":\"https:\/\/www.myscience.fi\/sv\/#website\"},\"datePublished\":\"2017-03-03T11:56:11+00:00\",\"dateModified\":\"2018-06-20T07:34:21+00:00\",\"breadcrumb\":{\"@id\":\"https:\/\/www.myscience.fi\/sv\/om-sidorna\/#breadcrumb\"},\"inLanguage\":\"sv-SE\",\"potentialAction\":[{\"@type\":\"ReadAction\",\"target\":[\"https:\/\/www.myscience.fi\/sv\/om-sidorna\/\"]}]},{\"@type\":\"BreadcrumbList\",\"@id\":\"https:\/\/www.myscience.fi\/sv\/om-sidorna\/#breadcrumb\",\"itemListElement\":[{\"@type\":\"ListItem\",\"position\":1,\"name\":\"Etusivu\",\"item\":\"https:\/\/www.myscience.fi\/sv\/\"},{\"@type\":\"ListItem\",\"position\":2,\"name\":\"Om sidorna\"}]},{\"@type\":\"WebSite\",\"@id\":\"https:\/\/www.myscience.fi\/sv\/#website\",\"url\":\"https:\/\/www.myscience.fi\/sv\/\",\"name\":\"LUMA-center Finland\",\"description\":\"Ett n\u00e4tverk av finska universitet f\u00f6r att fr\u00e4mja vetenskap- och teknikfostran\",\"publisher\":{\"@id\":\"https:\/\/www.myscience.fi\/sv\/#organization\"},\"potentialAction\":[{\"@type\":\"SearchAction\",\"target\":{\"@type\":\"EntryPoint\",\"urlTemplate\":\"https:\/\/www.myscience.fi\/sv\/?s={search_term_string}\"},\"query-input\":{\"@type\":\"PropertyValueSpecification\",\"valueRequired\":true,\"valueName\":\"search_term_string\"}}],\"inLanguage\":\"sv-SE\"},{\"@type\":\"Organization\",\"@id\":\"https:\/\/www.myscience.fi\/sv\/#organization\",\"name\":\"LUMA-center Finland\",\"url\":\"https:\/\/www.myscience.fi\/sv\/\",\"logo\":{\"@type\":\"ImageObject\",\"inLanguage\":\"sv-SE\",\"@id\":\"https:\/\/www.myscience.fi\/sv\/#\/schema\/logo\/image\/\",\"url\":\"https:\/\/www.myscience.fi\/sv\/files\/2022\/05\/luma_flower-multicolored_text-black-horizontal-sv.png\",\"contentUrl\":\"https:\/\/www.myscience.fi\/sv\/files\/2022\/05\/luma_flower-multicolored_text-black-horizontal-sv.png\",\"width\":1927,\"height\":557,\"caption\":\"LUMA-center Finland\"},\"image\":{\"@id\":\"https:\/\/www.myscience.fi\/sv\/#\/schema\/logo\/image\/\"}}]}<\/script>\n<!-- \/ Yoast SEO plugin. -->","yoast_head_json":{"title":"Om sidorna - LUMA-center Finland","robots":{"index":"index","follow":"follow","max-snippet":"max-snippet:-1","max-image-preview":"max-image-preview:large","max-video-preview":"max-video-preview:-1"},"canonical":"https:\/\/www.myscience.fi\/sv\/om-sidorna\/","og_locale":"sv_SE","og_type":"article","og_title":"Om sidorna - LUMA-center Finland","og_description":"Utgivaren av webbplatsen, som anges i\u00a0lag om yttrandefrihet i masskommunikation, \u00e4r Helsingfors universitet, och\u00a0ansvarig redakt\u00f6r \u00e4r professor\u00a0Maija Aksela. V\u00e5r webbplatsen ... L\u00e4s mera...","og_url":"https:\/\/www.myscience.fi\/sv\/om-sidorna\/","og_site_name":"LUMA-center Finland","article_modified_time":"2018-06-20T07:34:21+00:00","twitter_card":"summary_large_image","twitter_misc":{"Ber\u00e4knad l\u00e4stid":"1 minut"},"schema":{"@context":"https:\/\/schema.org","@graph":[{"@type":"WebPage","@id":"https:\/\/www.myscience.fi\/sv\/om-sidorna\/","url":"https:\/\/www.myscience.fi\/sv\/om-sidorna\/","name":"Om sidorna - LUMA-center Finland","isPartOf":{"@id":"https:\/\/www.myscience.fi\/sv\/#website"},"datePublished":"2017-03-03T11:56:11+00:00","dateModified":"2018-06-20T07:34:21+00:00","breadcrumb":{"@id":"https:\/\/www.myscience.fi\/sv\/om-sidorna\/#breadcrumb"},"inLanguage":"sv-SE","potentialAction":[{"@type":"ReadAction","target":["https:\/\/www.myscience.fi\/sv\/om-sidorna\/"]}]},{"@type":"BreadcrumbList","@id":"https:\/\/www.myscience.fi\/sv\/om-sidorna\/#breadcrumb","itemListElement":[{"@type":"ListItem","position":1,"name":"Etusivu","item":"https:\/\/www.myscience.fi\/sv\/"},{"@type":"ListItem","position":2,"name":"Om sidorna"}]},{"@type":"WebSite","@id":"https:\/\/www.myscience.fi\/sv\/#website","url":"https:\/\/www.myscience.fi\/sv\/","name":"LUMA-center Finland","description":"Ett n\u00e4tverk av finska universitet f\u00f6r att fr\u00e4mja vetenskap- och teknikfostran","publisher":{"@id":"https:\/\/www.myscience.fi\/sv\/#organization"},"potentialAction":[{"@type":"SearchAction","target":{"@type":"EntryPoint","urlTemplate":"https:\/\/www.myscience.fi\/sv\/?s={search_term_string}"},"query-input":{"@type":"PropertyValueSpecification","valueRequired":true,"valueName":"search_term_string"}}],"inLanguage":"sv-SE"},{"@type":"Organization","@id":"https:\/\/www.myscience.fi\/sv\/#organization","name":"LUMA-center Finland","url":"https:\/\/www.myscience.fi\/sv\/","logo":{"@type":"ImageObject","inLanguage":"sv-SE","@id":"https:\/\/www.myscience.fi\/sv\/#\/schema\/logo\/image\/","url":"https:\/\/www.myscience.fi\/sv\/files\/2022\/05\/luma_flower-multicolored_text-black-horizontal-sv.png","contentUrl":"https:\/\/www.myscience.fi\/sv\/files\/2022\/05\/luma_flower-multicolored_text-black-horizontal-sv.png","width":1927,"height":557,"caption":"LUMA-center Finland"},"image":{"@id":"https:\/\/www.myscience.fi\/sv\/#\/schema\/logo\/image\/"}}]}},"_links":{"self":[{"href":"https:\/\/www.myscience.fi\/sv\/wp-json\/wp\/v2\/pages\/56","targetHints":{"allow":["GET"]}}],"collection":[{"href":"https:\/\/www.myscience.fi\/sv\/wp-json\/wp\/v2\/pages"}],"about":[{"href":"https:\/\/www.myscience.fi\/sv\/wp-json\/wp\/v2\/types\/page"}],"author":[{"embeddable":true,"href":"https:\/\/www.myscience.fi\/sv\/wp-json\/wp\/v2\/users\/1"}],"replies":[{"embeddable":true,"href":"https:\/\/www.myscience.fi\/sv\/wp-json\/wp\/v2\/comments?post=56"}],"version-history":[{"count":0,"href":"https:\/\/www.myscience.fi\/sv\/wp-json\/wp\/v2\/pages\/56\/revisions"}],"wp:attachment":[{"href":"https:\/\/www.myscience.fi\/sv\/wp-json\/wp\/v2\/media?parent=56"}],"curies":[{"name":"wp","href":"https:\/\/api.w.org\/{rel}","templated":true}]}}