{"id":48,"date":"2017-03-03T13:29:05","date_gmt":"2017-03-03T11:29:05","guid":{"rendered":"https:\/\/www.myscience.fi\/sv\/?page_id=48"},"modified":"2025-02-14T16:34:56","modified_gmt":"2025-02-14T14:34:56","slug":"kontakt","status":"publish","type":"page","link":"https:\/\/www.myscience.fi\/sv\/center\/kontakt\/","title":{"rendered":"Kontaktuppgifter"},"content":{"rendered":"\n<h2 class=\"wp-block-heading\">LUMA Center Finland -n\u00e4tverkets kontaktuppgifter <\/h2>\n\n\n\n<p><strong>Allm\u00e4n e-postaddress:<\/strong> luma-keskus((at))helsinki.fi<\/p>\n\n\n\n<div class=\"wp-block-columns is-layout-flex wp-container-core-columns-is-layout-9d6595d7 wp-block-columns-is-layout-flex\">\n<div class=\"wp-block-column is-layout-flow wp-block-column-is-layout-flow\">\n<figure class=\"wp-block-image size-full is-resized\"><img loading=\"lazy\" decoding=\"async\" width=\"692\" height=\"689\" src=\"https:\/\/www.myscience.fi\/sv\/files\/2025\/02\/Lundell-photo.jpg\" alt=\"\" class=\"wp-image-1847\" srcset=\"https:\/\/www.myscience.fi\/sv\/files\/2025\/02\/Lundell-photo.jpg 692w, https:\/\/www.myscience.fi\/sv\/files\/2025\/02\/Lundell-photo-300x300.jpg 300w, https:\/\/www.myscience.fi\/sv\/files\/2025\/02\/Lundell-photo-150x150.jpg 150w\" sizes=\"auto, (max-width: 692px) 100vw, 692px\" \/><\/figure>\n\n\n\n<p>Direkt\u00f6r av n\u00e4tverket<br>professor <a href=\"https:\/\/www.helsinki.fi\/sv\/om-oss\/personer\/personsokning\/jan-lundell-9011616\"><strong>Jan Lundell<\/strong><\/a><br>jan.lundell((at))helsinki.fi<\/p>\n<\/div>\n\n\n\n<div class=\"wp-block-column is-layout-flow wp-block-column-is-layout-flow\">\n<figure class=\"wp-block-image size-full is-resized\"><img loading=\"lazy\" decoding=\"async\" width=\"500\" height=\"499\" src=\"https:\/\/www.myscience.fi\/sv\/files\/2022\/01\/Oona-Kiviluoto-2-Copy.jpg\" alt=\"\" class=\"wp-image-807\" srcset=\"https:\/\/www.myscience.fi\/sv\/files\/2022\/01\/Oona-Kiviluoto-2-Copy.jpg 500w, https:\/\/www.myscience.fi\/sv\/files\/2022\/01\/Oona-Kiviluoto-2-Copy-300x300.jpg 300w, https:\/\/www.myscience.fi\/sv\/files\/2022\/01\/Oona-Kiviluoto-2-Copy-150x150.jpg 150w\" sizes=\"auto, (max-width: 500px) 100vw, 500px\" \/><\/figure>\n\n\n\n<p>Specialist<br><a href=\"https:\/\/www2.helsinki.fi\/sv\/personer\/personsokning\/oona-kiviluoto-9124169\"><strong>Oona Kiviluoto<\/strong><\/a><br>oona.kiviluoto((at))helsinki.fi<\/p>\n<\/div>\n\n\n\n<div class=\"wp-block-column is-layout-flow wp-block-column-is-layout-flow\">\n<figure class=\"wp-block-image is-resized\"><a href=\"https:\/\/www.myscience.fi\/wp-content\/uploads\/2022\/01\/alisa-uusi-kilponen.png\"><img decoding=\"async\" src=\"https:\/\/www.myscience.fi\/wp-content\/uploads\/2022\/01\/alisa-uusi-kilponen.png\" alt=\"Alisa Uusi-Kilponen toimii projektisuunnittelijana LUMATIKKA_hankkeessa.\" class=\"wp-image-9775\" \/><\/a><\/figure>\n\n\n\n<p>Projektchef<br><a href=\"https:\/\/www2.helsinki.fi\/fi\/ihmiset\/henkilohaku\/alisa-uusi-kilponen-9375564\"><strong>Alisa Uusi-Kilponen<\/strong><\/a><br>alisa.uusi-kilponen((at))helsinki.fi<\/p>\n<\/div>\n<\/div>\n\n\n\n<h3 id=\"text-18\" class=\"widget inner-padding widget_text\"><strong>F\u00f6lja oss i sociala medier<\/strong><\/h3>\n\n\n\n<ul>\n<li><a href=\"https:\/\/www.facebook.com\/LUMAkeskusSuomi\/\">Facebook<\/a><\/li>\n<li><a href=\"https:\/\/www.facebook.com\/LUMAkeskusSuomi\/\">Instagram<\/a><\/li>\n<li><a href=\"https:\/\/www.youtube.com\/user\/lumakeskus\">YouTube<\/a><\/li>\n<\/ul>\n\n\n\n<h3 class=\"wp-block-heading\">LUMAT-tidningen<\/h3>\n\n\n\n<p><strong>Epost:<\/strong> editor((at))lumat.fi<\/p>\n\n\n\n<p><a href=\"https:\/\/journals.helsinki.fi\/lumat\/about\/contact\">Mera kontaktuppgifter i LUMAT-tidningens webbplats<\/a><\/p>\n\n\n\n<hr class=\"wp-block-separator has-css-opacity is-style-wide\" \/>\n\n\n\n<h2>Kontaktuppgifter till&nbsp;Skolresurs<\/h2>\n<p>Skolresus koordinerar den svenskspr\u00e5kiga verksamheten av n\u00e4tverket. <strong>Allm\u00e4n epost<\/strong>: <a href=\"mailto:skolresurs@abo.fi\">skolresurs@abo.fi<\/a><\/p>\n\n\n\n<div class=\"wp-block-columns is-layout-flex wp-container-core-columns-is-layout-9d6595d7 wp-block-columns-is-layout-flex\">\n<div class=\"wp-block-column is-layout-flow wp-block-column-is-layout-flow\">\n<figure class=\"wp-block-image size-large is-resized\"><img loading=\"lazy\" decoding=\"async\" width=\"1684\" height=\"1685\" src=\"https:\/\/www.myscience.fi\/sv\/files\/2022\/05\/Skrifvars_Bengt-Johan-2-edited.jpg\" alt=\"\" class=\"wp-image-963\" srcset=\"https:\/\/www.myscience.fi\/sv\/files\/2022\/05\/Skrifvars_Bengt-Johan-2-edited.jpg 1684w, https:\/\/www.myscience.fi\/sv\/files\/2022\/05\/Skrifvars_Bengt-Johan-2-edited-300x300.jpg 300w, https:\/\/www.myscience.fi\/sv\/files\/2022\/05\/Skrifvars_Bengt-Johan-2-edited-1024x1024.jpg 1024w, https:\/\/www.myscience.fi\/sv\/files\/2022\/05\/Skrifvars_Bengt-Johan-2-edited-150x150.jpg 150w, https:\/\/www.myscience.fi\/sv\/files\/2022\/05\/Skrifvars_Bengt-Johan-2-edited-768x768.jpg 768w, https:\/\/www.myscience.fi\/sv\/files\/2022\/05\/Skrifvars_Bengt-Johan-2-edited-1536x1536.jpg 1536w\" sizes=\"auto, (max-width: 1684px) 100vw, 1684px\" \/><\/figure>\n\n\n\n<p>verksamhetsledare <br><a href=\"https:\/\/www.abo.fi\/fi\/yhteystiedot\/bengt-johan-skrifvars\/\"><strong>Bengt-Johan Skrifvars,<\/strong><\/a> <br><a href=\"mailto:bengt-johan.skrifvars@abo.fi\">bengt-johan.skrifvars@abo.fi<\/a><\/p>\n<\/div>\n\n\n\n<div class=\"wp-block-column is-layout-flow wp-block-column-is-layout-flow\">\n<figure class=\"wp-block-image size-large is-resized\"><img loading=\"lazy\" decoding=\"async\" width=\"1097\" height=\"1099\" src=\"https:\/\/www.myscience.fi\/sv\/files\/2022\/05\/MicrosoftTeams-image-7-edited.jpg\" alt=\"\" class=\"wp-image-964\" srcset=\"https:\/\/www.myscience.fi\/sv\/files\/2022\/05\/MicrosoftTeams-image-7-edited.jpg 1097w, https:\/\/www.myscience.fi\/sv\/files\/2022\/05\/MicrosoftTeams-image-7-edited-300x300.jpg 300w, https:\/\/www.myscience.fi\/sv\/files\/2022\/05\/MicrosoftTeams-image-7-edited-1022x1024.jpg 1022w, https:\/\/www.myscience.fi\/sv\/files\/2022\/05\/MicrosoftTeams-image-7-edited-150x150.jpg 150w, https:\/\/www.myscience.fi\/sv\/files\/2022\/05\/MicrosoftTeams-image-7-edited-768x769.jpg 768w\" sizes=\"auto, (max-width: 1097px) 100vw, 1097px\" \/><\/figure>\n\n\n\n<p>koordinator och vetenskapsinspirat\u00f6r <br><a href=\"https:\/\/www.abo.fi\/fi\/yhteystiedot\/christian-ahlang\/\"><strong>Christian Ahl\u00e4ng,<\/strong><\/a> <a href=\"mailto:christian.ahlang@abo.fi\">christian.ahlang@abo.fi<\/a><\/p>\n<\/div>\n\n\n\n<div class=\"wp-block-column is-layout-flow wp-block-column-is-layout-flow\">\n<figure class=\"wp-block-image size-large is-resized\"><img loading=\"lazy\" decoding=\"async\" width=\"2560\" height=\"2560\" src=\"https:\/\/www.myscience.fi\/sv\/files\/2022\/05\/82796604_590152871530965_6179291700704313344_n-edited-scaled.jpg\" alt=\"\" class=\"wp-image-965\" srcset=\"https:\/\/www.myscience.fi\/sv\/files\/2022\/05\/82796604_590152871530965_6179291700704313344_n-edited-scaled.jpg 2560w, https:\/\/www.myscience.fi\/sv\/files\/2022\/05\/82796604_590152871530965_6179291700704313344_n-edited-300x300.jpg 300w, https:\/\/www.myscience.fi\/sv\/files\/2022\/05\/82796604_590152871530965_6179291700704313344_n-edited-1024x1024.jpg 1024w, https:\/\/www.myscience.fi\/sv\/files\/2022\/05\/82796604_590152871530965_6179291700704313344_n-edited-150x150.jpg 150w, https:\/\/www.myscience.fi\/sv\/files\/2022\/05\/82796604_590152871530965_6179291700704313344_n-edited-768x768.jpg 768w, https:\/\/www.myscience.fi\/sv\/files\/2022\/05\/82796604_590152871530965_6179291700704313344_n-edited-1536x1536.jpg 1536w, https:\/\/www.myscience.fi\/sv\/files\/2022\/05\/82796604_590152871530965_6179291700704313344_n-edited-2048x2048.jpg 2048w\" sizes=\"auto, (max-width: 2560px) 100vw, 2560px\" \/><\/figure>\n\n\n\n<p>administrativ koordinator <br><strong><a href=\"https:\/\/www.abo.fi\/fi\/yhteystiedot\/linda-karvonen\/\">Linda Karvonen<\/a>,<\/strong> <a href=\"mailto:linda.karvonen@abo.fi\">linda.karvonen@abo.fi<\/a><\/p>\n<\/div>\n<\/div>\n\n\n\n<hr class=\"wp-block-separator has-css-opacity is-style-wide\" \/>\n\n\n\n<h2 class=\"wp-block-heading\">Kontaktuppgifter av regionella LUMA-center<\/h2>\n\n\n\n<p><strong><a href=\"https:\/\/www.abo.fi\/centret-for-livslangt-larande\/luma\/\">Skolresurs<\/a> \u2013 koordinerar\u00a0<\/strong><span class=\"tadv-format-panel\" style=\"font-weight: 400\"><strong>den svenskspr\u00e5kiga verksamheten av n\u00e4tverket<\/strong><\/span><\/p>\n<ul>\n<li><a href=\"http:\/\/www.skolresurs.fi\/nyhetsbrev\/\" data-rich-text-format-boundary=\"true\">Epost-nyhetsbrev<\/a><\/li>\n<li><a href=\"https:\/\/www.facebook.com\/skolresurs\/\">Facebook<\/a><\/li>\n<li><a href=\"https:\/\/www.instagram.com\/skolresurs\/\">Instagram<\/a><\/li>\n<\/ul>\n\n\n\n<p><a href=\"https:\/\/www.aalto.fi\/sv\/aalto-yliopisto-junior\/om-oss\">Aalto-universitetet Junior<\/a><\/p>\n\n\n\n<p><a href=\"https:\/\/www.helsinki.fi\/sv\/vetenskapsfostran\/kontaktuppgifter\">Helsingfors universitets vetenskapsfostran<\/a><\/p>\n\n\n\n<p><a href=\"https:\/\/www.ulapland.fi\/FI\/Yksikot\/LUMA-keskus-Lappi\"><span class=\"tadv-format-panel caps\">LUMA<\/span>-center Lappland (Lapplands universitet)<\/a> (p\u00e5 finska)<\/p>\n\n\n\n<p><a href=\"https:\/\/luma.lahdenyliopistokampus.fi\/yhteystiedot\/\"><span class=\"tadv-format-panel caps\">LUMA<\/span>-center P\u00e4ij\u00e4nne-Tavastland (Lahtis Universitetscampus)<\/a> (p\u00e5 finska)<\/p>\n\n\n\n<p><a href=\"https:\/\/www.lut.fi\/fi\/opiskelu\/junior-university\/luma-toiminta\"><span class=\"tadv-format-panel caps\">Junior University<\/span> (LUT-universitet) <\/a>(p\u00e5 finska)<\/p>\n\n\n\n<p><a href=\"https:\/\/www.jyu.fi\/science\/fi\/luma\/henkilokunta\"><span class=\"tadv-format-panel caps\">LUMA<\/span>-centret i Mellersta Finland (Jyv\u00e4skyl\u00e4 universitet)<\/a> (p\u00e5 finska)<\/p>\n\n\n\n<p><a href=\"https:\/\/luma.uef.fi\/luma-keskus\/ota-yhteytta-3\/\"><span class=\"tadv-format-panel caps\">LUMA<\/span>-centret vid \u00d6stra Finlands universitet (p\u00e5 finska)<\/a><\/p>\n\n\n\n<p><a href=\"https:\/\/luma.cinetcampus.fi\/fi\/tietoa\/yhteystiedot\">Mellersta \u00d6sterbottens <span class=\"tadv-format-panel caps\">LUMA<\/span>-center (Karleby universitetscenter Chydenius)<\/a> (p\u00e5 finska)<\/p>\n\n\n\n<p><a href=\"https:\/\/sites.utu.fi\/luma\/sv\/\">Sydv\u00e4stra Finlands <span class=\"tadv-format-panel caps\">LUMA<\/span>-center (\u00c5bo universitet)<\/a><\/p>\n\n\n\n<p><a href=\"https:\/\/sites.tuni.fi\/juniversity\/yhteystiedot\/\">Tammerfors <span class=\"tadv-format-panel caps\">universitets Juniversity<\/span> <\/a>(p\u00e5 finska)<\/p>\n\n\n\n<p><a href=\"https:\/\/ouluma.fi\/esittely\/\">Ule\u00e5borgs universitets <span class=\"tadv-format-panel caps\">LUMA<\/span>-center<\/a> (p\u00e5 finka)<\/p>\n\n\n\n<p><a href=\"https:\/\/www.uwasa.fi\/fi\/koulutus\/luma\/yhteystiedot\">\u00d6sterbottens <span class=\"tadv-format-panel caps\">LUMA<\/span>-center (Vasa universitet)<\/a> (p\u00e5 finska)<\/p>\n","protected":false},"excerpt":{"rendered":"<p>LUMA Center Finland -n\u00e4tverkets kontaktuppgifter Allm\u00e4n e-postaddress: luma-keskus((at))helsinki.fi Direkt\u00f6r av n\u00e4tverketprofessor Jan Lundelljan.lundell((at))helsinki.fi SpecialistOona Kiviluotooona.kiviluoto((at))helsinki.fi ProjektchefAlisa Uusi-Kilponenalisa.uusi-kilponen((at))helsinki.fi F\u00f6lja oss i &#8230; <a title=\"Kontaktuppgifter\" class=\"read-more\" href=\"https:\/\/www.myscience.fi\/sv\/center\/kontakt\/\" aria-label=\"L\u00e4s mer om Kontaktuppgifter\">L\u00e4s mera&#8230;<\/a><\/p>\n","protected":false},"author":1,"featured_media":0,"parent":37,"menu_order":0,"comment_status":"closed","ping_status":"closed","template":"","meta":{"generate_page_header":"","footnotes":""},"class_list":["post-48","page","type-page","status-publish"],"yoast_head":"<!-- This site is optimized with the Yoast SEO plugin v25.9 - https:\/\/yoast.com\/wordpress\/plugins\/seo\/ -->\n<title>Kontaktuppgifter - LUMA-center Finland<\/title>\n<meta name=\"robots\" content=\"index, follow, max-snippet:-1, max-image-preview:large, max-video-preview:-1\" \/>\n<link rel=\"canonical\" href=\"https:\/\/www.myscience.fi\/sv\/center\/kontakt\/\" \/>\n<meta property=\"og:locale\" content=\"sv_SE\" \/>\n<meta property=\"og:type\" content=\"article\" \/>\n<meta property=\"og:title\" content=\"Kontaktuppgifter - LUMA-center Finland\" \/>\n<meta property=\"og:description\" content=\"LUMA Center Finland -n\u00e4tverkets kontaktuppgifter Allm\u00e4n e-postaddress: luma-keskus((at))helsinki.fi Direkt\u00f6r av n\u00e4tverketprofessor Jan Lundelljan.lundell((at))helsinki.fi SpecialistOona Kiviluotooona.kiviluoto((at))helsinki.fi ProjektchefAlisa Uusi-Kilponenalisa.uusi-kilponen((at))helsinki.fi F\u00f6lja oss i ... L\u00e4s mera...\" \/>\n<meta property=\"og:url\" content=\"https:\/\/www.myscience.fi\/sv\/center\/kontakt\/\" \/>\n<meta property=\"og:site_name\" content=\"LUMA-center Finland\" \/>\n<meta property=\"article:modified_time\" content=\"2025-02-14T14:34:56+00:00\" \/>\n<meta property=\"og:image\" content=\"https:\/\/www.myscience.fi\/sv\/files\/2025\/02\/Lundell-photo.jpg\" \/>\n<meta name=\"twitter:card\" content=\"summary_large_image\" \/>\n<meta name=\"twitter:label1\" content=\"Ber\u00e4knad l\u00e4stid\" \/>\n\t<meta name=\"twitter:data1\" content=\"2 minuter\" \/>\n<script type=\"application\/ld+json\" class=\"yoast-schema-graph\">{\"@context\":\"https:\/\/schema.org\",\"@graph\":[{\"@type\":\"WebPage\",\"@id\":\"https:\/\/www.myscience.fi\/sv\/center\/kontakt\/\",\"url\":\"https:\/\/www.myscience.fi\/sv\/center\/kontakt\/\",\"name\":\"Kontaktuppgifter - LUMA-center Finland\",\"isPartOf\":{\"@id\":\"https:\/\/www.myscience.fi\/sv\/#website\"},\"primaryImageOfPage\":{\"@id\":\"https:\/\/www.myscience.fi\/sv\/center\/kontakt\/#primaryimage\"},\"image\":{\"@id\":\"https:\/\/www.myscience.fi\/sv\/center\/kontakt\/#primaryimage\"},\"thumbnailUrl\":\"https:\/\/www.myscience.fi\/sv\/files\/2025\/02\/Lundell-photo.jpg\",\"datePublished\":\"2017-03-03T11:29:05+00:00\",\"dateModified\":\"2025-02-14T14:34:56+00:00\",\"breadcrumb\":{\"@id\":\"https:\/\/www.myscience.fi\/sv\/center\/kontakt\/#breadcrumb\"},\"inLanguage\":\"sv-SE\",\"potentialAction\":[{\"@type\":\"ReadAction\",\"target\":[\"https:\/\/www.myscience.fi\/sv\/center\/kontakt\/\"]}]},{\"@type\":\"ImageObject\",\"inLanguage\":\"sv-SE\",\"@id\":\"https:\/\/www.myscience.fi\/sv\/center\/kontakt\/#primaryimage\",\"url\":\"https:\/\/www.myscience.fi\/sv\/files\/2025\/02\/Lundell-photo.jpg\",\"contentUrl\":\"https:\/\/www.myscience.fi\/sv\/files\/2025\/02\/Lundell-photo.jpg\",\"width\":692,\"height\":689},{\"@type\":\"BreadcrumbList\",\"@id\":\"https:\/\/www.myscience.fi\/sv\/center\/kontakt\/#breadcrumb\",\"itemListElement\":[{\"@type\":\"ListItem\",\"position\":1,\"name\":\"Etusivu\",\"item\":\"https:\/\/www.myscience.fi\/sv\/\"},{\"@type\":\"ListItem\",\"position\":2,\"name\":\"Om oss\",\"item\":\"https:\/\/www.myscience.fi\/sv\/center\/\"},{\"@type\":\"ListItem\",\"position\":3,\"name\":\"Kontaktuppgifter\"}]},{\"@type\":\"WebSite\",\"@id\":\"https:\/\/www.myscience.fi\/sv\/#website\",\"url\":\"https:\/\/www.myscience.fi\/sv\/\",\"name\":\"LUMA-center Finland\",\"description\":\"Ett n\u00e4tverk av finska universitet f\u00f6r att fr\u00e4mja vetenskap- och teknikfostran\",\"publisher\":{\"@id\":\"https:\/\/www.myscience.fi\/sv\/#organization\"},\"potentialAction\":[{\"@type\":\"SearchAction\",\"target\":{\"@type\":\"EntryPoint\",\"urlTemplate\":\"https:\/\/www.myscience.fi\/sv\/?s={search_term_string}\"},\"query-input\":{\"@type\":\"PropertyValueSpecification\",\"valueRequired\":true,\"valueName\":\"search_term_string\"}}],\"inLanguage\":\"sv-SE\"},{\"@type\":\"Organization\",\"@id\":\"https:\/\/www.myscience.fi\/sv\/#organization\",\"name\":\"LUMA-center Finland\",\"url\":\"https:\/\/www.myscience.fi\/sv\/\",\"logo\":{\"@type\":\"ImageObject\",\"inLanguage\":\"sv-SE\",\"@id\":\"https:\/\/www.myscience.fi\/sv\/#\/schema\/logo\/image\/\",\"url\":\"https:\/\/www.myscience.fi\/sv\/files\/2022\/05\/luma_flower-multicolored_text-black-horizontal-sv.png\",\"contentUrl\":\"https:\/\/www.myscience.fi\/sv\/files\/2022\/05\/luma_flower-multicolored_text-black-horizontal-sv.png\",\"width\":1927,\"height\":557,\"caption\":\"LUMA-center Finland\"},\"image\":{\"@id\":\"https:\/\/www.myscience.fi\/sv\/#\/schema\/logo\/image\/\"}}]}<\/script>\n<!-- \/ Yoast SEO plugin. -->","yoast_head_json":{"title":"Kontaktuppgifter - LUMA-center Finland","robots":{"index":"index","follow":"follow","max-snippet":"max-snippet:-1","max-image-preview":"max-image-preview:large","max-video-preview":"max-video-preview:-1"},"canonical":"https:\/\/www.myscience.fi\/sv\/center\/kontakt\/","og_locale":"sv_SE","og_type":"article","og_title":"Kontaktuppgifter - LUMA-center Finland","og_description":"LUMA Center Finland -n\u00e4tverkets kontaktuppgifter Allm\u00e4n e-postaddress: luma-keskus((at))helsinki.fi Direkt\u00f6r av n\u00e4tverketprofessor Jan Lundelljan.lundell((at))helsinki.fi SpecialistOona Kiviluotooona.kiviluoto((at))helsinki.fi ProjektchefAlisa Uusi-Kilponenalisa.uusi-kilponen((at))helsinki.fi F\u00f6lja oss i ... L\u00e4s mera...","og_url":"https:\/\/www.myscience.fi\/sv\/center\/kontakt\/","og_site_name":"LUMA-center Finland","article_modified_time":"2025-02-14T14:34:56+00:00","og_image":[{"url":"https:\/\/www.myscience.fi\/sv\/files\/2025\/02\/Lundell-photo.jpg","type":"","width":"","height":""}],"twitter_card":"summary_large_image","twitter_misc":{"Ber\u00e4knad l\u00e4stid":"2 minuter"},"schema":{"@context":"https:\/\/schema.org","@graph":[{"@type":"WebPage","@id":"https:\/\/www.myscience.fi\/sv\/center\/kontakt\/","url":"https:\/\/www.myscience.fi\/sv\/center\/kontakt\/","name":"Kontaktuppgifter - LUMA-center Finland","isPartOf":{"@id":"https:\/\/www.myscience.fi\/sv\/#website"},"primaryImageOfPage":{"@id":"https:\/\/www.myscience.fi\/sv\/center\/kontakt\/#primaryimage"},"image":{"@id":"https:\/\/www.myscience.fi\/sv\/center\/kontakt\/#primaryimage"},"thumbnailUrl":"https:\/\/www.myscience.fi\/sv\/files\/2025\/02\/Lundell-photo.jpg","datePublished":"2017-03-03T11:29:05+00:00","dateModified":"2025-02-14T14:34:56+00:00","breadcrumb":{"@id":"https:\/\/www.myscience.fi\/sv\/center\/kontakt\/#breadcrumb"},"inLanguage":"sv-SE","potentialAction":[{"@type":"ReadAction","target":["https:\/\/www.myscience.fi\/sv\/center\/kontakt\/"]}]},{"@type":"ImageObject","inLanguage":"sv-SE","@id":"https:\/\/www.myscience.fi\/sv\/center\/kontakt\/#primaryimage","url":"https:\/\/www.myscience.fi\/sv\/files\/2025\/02\/Lundell-photo.jpg","contentUrl":"https:\/\/www.myscience.fi\/sv\/files\/2025\/02\/Lundell-photo.jpg","width":692,"height":689},{"@type":"BreadcrumbList","@id":"https:\/\/www.myscience.fi\/sv\/center\/kontakt\/#breadcrumb","itemListElement":[{"@type":"ListItem","position":1,"name":"Etusivu","item":"https:\/\/www.myscience.fi\/sv\/"},{"@type":"ListItem","position":2,"name":"Om oss","item":"https:\/\/www.myscience.fi\/sv\/center\/"},{"@type":"ListItem","position":3,"name":"Kontaktuppgifter"}]},{"@type":"WebSite","@id":"https:\/\/www.myscience.fi\/sv\/#website","url":"https:\/\/www.myscience.fi\/sv\/","name":"LUMA-center Finland","description":"Ett n\u00e4tverk av finska universitet f\u00f6r att fr\u00e4mja vetenskap- och teknikfostran","publisher":{"@id":"https:\/\/www.myscience.fi\/sv\/#organization"},"potentialAction":[{"@type":"SearchAction","target":{"@type":"EntryPoint","urlTemplate":"https:\/\/www.myscience.fi\/sv\/?s={search_term_string}"},"query-input":{"@type":"PropertyValueSpecification","valueRequired":true,"valueName":"search_term_string"}}],"inLanguage":"sv-SE"},{"@type":"Organization","@id":"https:\/\/www.myscience.fi\/sv\/#organization","name":"LUMA-center Finland","url":"https:\/\/www.myscience.fi\/sv\/","logo":{"@type":"ImageObject","inLanguage":"sv-SE","@id":"https:\/\/www.myscience.fi\/sv\/#\/schema\/logo\/image\/","url":"https:\/\/www.myscience.fi\/sv\/files\/2022\/05\/luma_flower-multicolored_text-black-horizontal-sv.png","contentUrl":"https:\/\/www.myscience.fi\/sv\/files\/2022\/05\/luma_flower-multicolored_text-black-horizontal-sv.png","width":1927,"height":557,"caption":"LUMA-center Finland"},"image":{"@id":"https:\/\/www.myscience.fi\/sv\/#\/schema\/logo\/image\/"}}]}},"_links":{"self":[{"href":"https:\/\/www.myscience.fi\/sv\/wp-json\/wp\/v2\/pages\/48","targetHints":{"allow":["GET"]}}],"collection":[{"href":"https:\/\/www.myscience.fi\/sv\/wp-json\/wp\/v2\/pages"}],"about":[{"href":"https:\/\/www.myscience.fi\/sv\/wp-json\/wp\/v2\/types\/page"}],"author":[{"embeddable":true,"href":"https:\/\/www.myscience.fi\/sv\/wp-json\/wp\/v2\/users\/1"}],"replies":[{"embeddable":true,"href":"https:\/\/www.myscience.fi\/sv\/wp-json\/wp\/v2\/comments?post=48"}],"version-history":[{"count":39,"href":"https:\/\/www.myscience.fi\/sv\/wp-json\/wp\/v2\/pages\/48\/revisions"}],"predecessor-version":[{"id":1851,"href":"https:\/\/www.myscience.fi\/sv\/wp-json\/wp\/v2\/pages\/48\/revisions\/1851"}],"up":[{"embeddable":true,"href":"https:\/\/www.myscience.fi\/sv\/wp-json\/wp\/v2\/pages\/37"}],"wp:attachment":[{"href":"https:\/\/www.myscience.fi\/sv\/wp-json\/wp\/v2\/media?parent=48"}],"curies":[{"name":"wp","href":"https:\/\/api.w.org\/{rel}","templated":true}]}}