{"id":37,"date":"2017-03-03T12:27:00","date_gmt":"2017-03-03T10:27:00","guid":{"rendered":"https:\/\/www.myscience.fi\/sv\/?page_id=37"},"modified":"2025-10-22T15:48:46","modified_gmt":"2025-10-22T12:48:46","slug":"center","status":"publish","type":"page","link":"https:\/\/www.myscience.fi\/sv\/center\/","title":{"rendered":"Om oss"},"content":{"rendered":"<h2>M\u00e5let \u00e4r garantera en tillr\u00e4cklig tillg\u00e5ng till kunniga personer inom matematik, naturvetenskaper och teknik<\/h2>\n<p>Verksamheten inom det riksomfattande LUMA-center Finland-n\u00e4tverket styrs av<a href=\"https:\/\/www.myscience.fi\/wp-content\/uploads\/2017\/02\/lks-strategia-2014-2025.pdf\"> en strategi som LUMA-centren tillsammans utarbetat f\u00f6r perioden 2014\u20132025<\/a> (pdf p\u00e5 finska). Strategin och hela verksamheten har sin utg\u00e5ngspunkt i vikten av h\u00f6gklassigt kunnande i matematik, naturvetenskaper och teknologi f\u00f6r Finland och finl\u00e4ndarnas v\u00e4lf\u00e4rd.<\/p>\n<p>M\u00e5let som st\u00e4llts upp f\u00f6r n\u00e4tverkets verksamhet \u00e4r att s\u00e4kerst\u00e4lla att elevernas, studerandenas och l\u00e4rarnas kunnande inom matematik, naturvetenskaper och teknik i Finland ligger p\u00e5 en h\u00f6g niv\u00e5 och att garantera en tillr\u00e4cklig tillg\u00e5ng till kunniga personer i hela landet.<\/p>\n<p><span class=\"caps\">LUMA<\/span>-center Finland inspirerar och uppmuntrar barn och unga att intressera sig f\u00f6r och studera matematik, naturvetenskaper och teknologi med hj\u00e4lp av ny vetenskap- och teknologifostring. Detta n\u00e5s genom att uppmuntra l\u00e4rare fr\u00e5n sm\u00e5barnsfostran till h\u00f6gskolor till livsl\u00e5nga studier i hela Finland och genom att st\u00e4rka utvecklingen av forskningsbaserad undervisning.<\/p>\n<p><a href=\"https:\/\/www.myscience.fi\/sv\/files\/2019\/06\/luma-ekosystem.png\"><img loading=\"lazy\" decoding=\"async\" class=\"alignnone wp-image-562 size-large\" src=\"https:\/\/www.myscience.fi\/sv\/files\/2019\/06\/luma-ekosystem-1024x576.png\" alt=\"\" width=\"1024\" height=\"576\" srcset=\"https:\/\/www.myscience.fi\/sv\/files\/2019\/06\/luma-ekosystem-1024x576.png 1024w, https:\/\/www.myscience.fi\/sv\/files\/2019\/06\/luma-ekosystem-300x169.png 300w, https:\/\/www.myscience.fi\/sv\/files\/2019\/06\/luma-ekosystem-768x432.png 768w\" sizes=\"auto, (max-width: 1024px) 100vw, 1024px\" \/><\/a><\/p>\n<h2>LUMA-center Finland -n\u00e4tverket best\u00e5r av 13 LUMA-center<\/h2>\n<p><span class=\"caps\">Det riksomfattande LUMA-center Finland-n\u00e4tverket best\u00e5r av 13 aktiva LUMA-center. LUMA<\/span>-center Finland st\u00e4rker och utvecklar deras samarbete. Regionella <span class=\"caps\">LUMA<\/span>-center fungerar i samband med finska universitet eller universitetscenter.<\/p>\n<h3>13 regionella LUMA-center<\/h3>\n<ol>\n<li><span class=\"caps\">Skolresurs (\u00c5bo akademi, <strong>koordinerar\u00a0<\/strong><span class=\"tadv-format-panel\"><strong>den svenskspr\u00e5kiga verksamheten av n\u00e4tverket)<\/strong><\/span><\/span><\/li>\n<li>Aalto-universitetet Junior<\/li>\n<li>Vetenskapfostran vid Helsingfors universitet<\/li>\n<li><span class=\"caps\">LUMA<\/span>-center Lappland (Lapplands universitet)<\/li>\n<li><span class=\"caps\">LUMA<\/span>-center P\u00e4ij\u00e4nne-Tavastland (Lahtis Universitetscampus)<\/li>\n<li><span class=\"caps\">Junior University<\/span> (LUT-universitet + LAB-yrkesh\u00f6gskolan)<\/li>\n<li><span class=\"caps\">LUMA<\/span>-centret i Mellersta Finland (Jyv\u00e4skyl\u00e4 universitet)<\/li>\n<li><span class=\"caps\">LUMA<\/span>-centret vid \u00d6stra Finlands universitet<\/li>\n<li>Mellersta \u00d6sterbottens <span class=\"caps\">LUMA<\/span>-center (Karleby universitetscenter Chydenius)<span class=\"caps\"><br \/><\/span><\/li>\n<li>Sydv\u00e4stra Finlands <span class=\"caps\">LUMA<\/span>-center (\u00c5bo universitet)<\/li>\n<li>Tammerfors <span class=\"caps\">universitets Juniversity<\/span><\/li>\n<li>Ule\u00e5borgs universitets <span class=\"caps\">LUMA<\/span>-center<\/li>\n<li>\u00d6sterbottens <span class=\"caps\">LUMA<\/span>-center (Vasa universitet)<\/li>\n<\/ol>\n\n\n<h2>Forskningbaserat pedagogiska innovationer f\u00f6r undervisningen\u00a0<\/h2>\n<p>Det huvudsakliga syftet med LUMA-center Finland-n\u00e4tverket \u00e4r att forskningsbaserat och i enlighet med forskningsstrategin utveckla pedagogiska innovationer f\u00f6r undervisningen i matematik, naturvetenskaper och omgivningsl\u00e4ra samt teknologi.<\/p>\n<p>Forskningen st\u00f6der sig i stor utstr\u00e4ckning p\u00e5 iterativ metodologi inom designbaserad forskning (design-based research, DBR), eftersom den f\u00f6rutom ny teorikunskap ocks\u00e5 ger upphov till nya anv\u00e4ndbara l\u00f6sningar f\u00f6r den dagliga verksamheten, s\u00e5som l\u00e4rmilj\u00f6er, verksamhetskoncept, pedagogiska angreppss\u00e4tt och material. Utg\u00e5ende fr\u00e5n den teoretiska forskningskunskapen kan man vidareutveckla de nuvarande arbetsmetoderna och utforma nya.<\/p>\n<p><a href=\"https:\/\/www.myscience.fi\/sv\/files\/2019\/06\/luma-utvecklingsforskning.png\"><img loading=\"lazy\" decoding=\"async\" class=\"alignnone wp-image-556 size-large\" src=\"https:\/\/www.myscience.fi\/sv\/files\/2019\/06\/luma-utvecklingsforskning-1024x489.png\" alt=\"\" width=\"1024\" height=\"489\" srcset=\"https:\/\/www.myscience.fi\/sv\/files\/2019\/06\/luma-utvecklingsforskning-1024x489.png 1024w, https:\/\/www.myscience.fi\/sv\/files\/2019\/06\/luma-utvecklingsforskning-300x143.png 300w, https:\/\/www.myscience.fi\/sv\/files\/2019\/06\/luma-utvecklingsforskning-768x367.png 768w\" sizes=\"auto, (max-width: 1024px) 100vw, 1024px\" \/><\/a><\/p>\n<p>Se <a href=\"\/sv\/files\/2019\/03\/LUMA_FU_riktlinjer_2018-06.pdf\">Riktlinjer f\u00f6r LUMA-center Finlands forsknings- och utvecklingsverksamhet<\/a> (PDF).<\/p>\n<h2>V\u00e5r verksamhet i siffror under perioden med det nationella uppdraget 2021\u20132024<\/h2>\n<p>V\u00e5r verksamhet engagerade \u00e5rligen cirka <strong>185 000<\/strong> personer. Som j\u00e4mf\u00f6relse n\u00e5dde vi under perioden med det nationella uppdraget 2017\u20132020 \u00e5rligen cirka 61 300 personer.<\/p>\n<p>Vi anordnade <strong>fortbildning<\/strong> f\u00f6r i genomsnitt <strong>4 600 yrkesverksamma<\/strong> inom undervisning och fostran <strong>per \u00e5r<\/strong>.<\/p>\n<p>Vi producerade i genomsnitt <strong>130 vetenskapliga publikationer \u00e5rligen<\/strong> (2017\u20132020 i genomsnitt 50 per \u00e5r).<\/p>\n<p>V\u00e5ra vetenskaps- och teknologiklassrum bes\u00f6ktes i genomsnitt av <strong>34 000 elever och l\u00e4rare<\/strong> <strong>per \u00e5r<\/strong> (2017\u20132020 cirka 20 000 per \u00e5r).<\/p>\n<p>Vi ordnade<strong> evenemang och verkst\u00e4der<\/strong> som st\u00f6djer undervisningen, med i genomsnitt <strong>34 000 deltagande elever eller l\u00e4rare \u00e5rligen<\/strong>.<\/p>\n<p>V\u00e5r fritidsverksamhet, s\u00e5som <strong>sommarl\u00e4ger och vetenskapsklubbar, n\u00e5dde \u00e5rligen 3 400 barn och unga<\/strong>.<\/p>\n<p>En mer detaljerad redog\u00f6relse f\u00f6r v\u00e5r verksamhets r\u00e4ckvidd finns i v\u00e5ra \u00e5rliga verksamhetsber\u00e4ttelser (se nedan).<\/p>\n<p><a href=\"https:\/\/www.myscience.fi\/sv\/files\/2025\/06\/Rapport-om-resultaten-av-LUMA-center-Finland-natverkets-nationella-uppdrag-2021\u20132024.pdf\">L\u00e4s rapporten om perioden med det nationella uppdraget 2021\u20132024 via denna l\u00e4nk.<\/a><\/p>\n<h2>\u00c5tg\u00e4rdsrapport<\/h2>\n<p>L\u00e4s mer om LUMA-center Finland-n\u00e4tverkets verksamhet fr\u00e5n v\u00e5r \u00e5tg\u00e4rdsrapport.<\/p>\n<ul>\n<li><a href=\"https:\/\/www.myscience.fi\/sv\/verksamheten-ar-2022\/\">Verksamheten \u00e5r 2022<\/a><\/li>\n<li><a href=\"https:\/\/www.myscience.fi\/sv\/verksamheten-ar-2023\/\">Verksamheten \u00e5r 2023<\/a><\/li>\n<li><a href=\"https:\/\/www.myscience.fi\/sv\/files\/2025\/10\/Verksamheten-ar-2024-LUMA-center-Finland.pdf\">Verksamheten \u00e5r 2024<\/a><\/li>\n<\/ul>\n<h2>Bakgrunden till LUMA-center Finland<\/h2>\n<p>Enligt den internationella <span class=\"caps\">PISA<\/span>-bed\u00f6mningen kan finska unga bra naturvetenskaper och matematik, men \u00e4r inte intresserade av att studera dem. F\u00e5 unga vet om vilka m\u00f6jligheter studier i matematik, naturvetenskaper och teknologi erbjuder i arbetslivet och i finska innovationer. Det finns \u00e4ven ett behov att \u00f6ka l\u00e4rarnas vetenskaps- och arbetslivsk\u00e4nnedom.<\/p>\n<p>Vetenskaps- och teknologifostran har befr\u00e4mjats genom <span class=\"caps\">LUMA<\/span>-verksamhet sedan 1996. Sk. <span class=\"caps\">LUMA<\/span>-projektet var Utbildningsstyrelsens utvecklingsprojekt f\u00f6r undervisning av matematik och naturvetenskaper \u00e5ren 1996-2002. Riksomfattande <span class=\"caps\">LUMA<\/span>-centret grundades 9.12.2003 i f\u00f6rbindelse med Helsingfors universitet f\u00f6r att forts\u00e4tta verksamheten. Ett av m\u00e5len med att effektiverera <span class=\"caps\">LUMA<\/span>-verksamheten var att befr\u00e4mja undervisningen av teknologi och naturvetenskaper i hela Finland. F\u00f6r att n\u00e5 m\u00e5let har grundandet av nya <span class=\"caps\">LUMA<\/span>-center i f\u00f6rbindelse med olika universitet runt om i Finland underst\u00f6tts. Sedan 2007 har det grundats tio nya <span class=\"caps\">LUMA<\/span>-center.<\/p>\n<p><span class=\"caps\">LUMA<\/span>-center Finland valdes 8.11.2013 som takorganisation f\u00f6r finska universitets <span class=\"caps\">LUMA<\/span>-center.<\/p>\n<h2>Gl\u00e4djen av gemensamt l\u00e4rande utg\u00f6r k\u00e4rnan i StarT-verksamheten<\/h2>\n<p>Den tv\u00e4rvetenskapliga och gemenskapsbaserade StarT-verksamheten st\u00f6der inl\u00e4rningsgemenskaper fr\u00e5n sm\u00e5barnspedagogiken till andra stadiet i undervisningen inom m\u00e5ngvetenskapliga l\u00e4romr\u00e5den, temastudier och m\u00e5ngsidiga kompetenser i enlighet med l\u00e4roplanen. Gl\u00e4djen av gemensamt l\u00e4rande utg\u00f6r k\u00e4rnan i StarT-verksamheten.<br \/>M\u00e5ngvetenskapliga projekt genomf\u00f6rs av barn och unga som f\u00e5r m\u00f6jlighet att lysa som stora stj\u00e4rnor. Projektbaserat l\u00e4rande kan i enlighet med StarT-konceptet till\u00e4mpas ocks\u00e5 i klubbar eller hemma.<\/p>\n<p>Det gemenskapsbaserade och popul\u00e4ra <a href=\"https:\/\/start.luma.fi\/sv\/\">StarT-programmet<\/a> lanserades 2016 som ett gemensamt projekt till \u00e4ra f\u00f6r 100-\u00e5rsjubileet av Finlands sj\u00e4lvst\u00e4ndighet. Under jubileums\u00e5ret var republikens president Sauli Niinist\u00f6 programmets beskyddare. Hittills har programmet lanserats i \u00f6ver femtio l\u00e4nder.<\/p>\n<h2>LUMATIKKA-fortbildning &#8211; mot elevcentrerad och engagerande matematikundervisning<\/h2>\n<p>\u00a0Syftet med programmet var att st\u00f6dja l\u00e4rarna i utvecklandet av sin undervisning med hj\u00e4lp av den senaste forskningen inom omr\u00e5det. Inom ramen f\u00f6r programmet utvecklades ett n\u00e4tbaserat utbildningsprogram p\u00e5 15 studiepo\u00e4ng f\u00f6r l\u00e4rarna p\u00e5 varje utbildningsstadium. Det fanns ocks\u00e5 ett behov av att med hj\u00e4lp av \u00f6ppna och avgiftsfria n\u00e4tkurser sprida elevcentrerade, aktiverande och konkreta undervisningsmetoder som kan v\u00e4cka och \u00f6ka finl\u00e4ndska barn och ungas intresse f\u00f6r matematik. I utvecklingsfasen erbj\u00f6ds det \u00e4ven n\u00e4rstudietr\u00e4ffar i anslutning till distansstudierna.<br \/>Kurserna inom utbildningsprogrammet har varit omtycka och popul\u00e4ra, och bland de mestadels finl\u00e4ndska deltagarna har det \u00e4ven funnits l\u00e4rare fr\u00e5n andra europeiska l\u00e4nder. Utbildningen kring matematikundervisning har framf\u00f6r allt svarat p\u00e5 fortbildningsbehovet som personalen inom sm\u00e5barnspedagogiken gett uttryck f\u00f6r.<\/p>\n<p><a href=\"https:\/\/lumatikka.luma.fi\/sv\/\">LUMATIKKA<\/a> \u00e4r ett fortbildningsprogram som finansieras av Utbildningsstyrelsen och koordineras av LUMA-center Finland-n\u00e4tverket. Programmet riktar sig till l\u00e4rare inom sm\u00e5barnspedagogik, f\u00f6rskoleundervisning, grundl\u00e4ggande utbildning och gymnasie- och yrkesutbildning, som i sitt arbete undervisar i matematik. Programmet genomf\u00f6rs b\u00e5de p\u00e5 finska och p\u00e5 svenska av sju universitet och yrkesh\u00f6gskolor under perioden 2018\u20132022.<\/p>\n\n\n","protected":false},"excerpt":{"rendered":"<p>M\u00e5let \u00e4r garantera en tillr\u00e4cklig tillg\u00e5ng till kunniga personer inom matematik, naturvetenskaper och teknik Verksamheten inom det riksomfattande LUMA-center Finland-n\u00e4tverket &#8230; <a title=\"Om oss\" class=\"read-more\" href=\"https:\/\/www.myscience.fi\/sv\/center\/\" aria-label=\"L\u00e4s mer om Om oss\">L\u00e4s mera&#8230;<\/a><\/p>\n","protected":false},"author":1,"featured_media":686,"parent":0,"menu_order":0,"comment_status":"closed","ping_status":"closed","template":"","meta":{"generate_page_header":"","footnotes":""},"class_list":["post-37","page","type-page","status-publish","has-post-thumbnail"],"yoast_head":"<!-- This site is optimized with the Yoast SEO plugin v25.9 - https:\/\/yoast.com\/wordpress\/plugins\/seo\/ -->\n<title>Om oss - LUMA-center Finland<\/title>\n<meta name=\"robots\" content=\"index, follow, max-snippet:-1, max-image-preview:large, max-video-preview:-1\" \/>\n<link rel=\"canonical\" href=\"https:\/\/www.myscience.fi\/sv\/center\/\" \/>\n<meta property=\"og:locale\" content=\"sv_SE\" \/>\n<meta property=\"og:type\" content=\"article\" \/>\n<meta property=\"og:title\" content=\"Om oss - LUMA-center Finland\" \/>\n<meta property=\"og:description\" content=\"M\u00e5let \u00e4r garantera en tillr\u00e4cklig tillg\u00e5ng till kunniga personer inom matematik, naturvetenskaper och teknik Verksamheten inom det riksomfattande LUMA-center Finland-n\u00e4tverket ... L\u00e4s mera...\" \/>\n<meta property=\"og:url\" content=\"https:\/\/www.myscience.fi\/sv\/center\/\" \/>\n<meta property=\"og:site_name\" content=\"LUMA-center Finland\" \/>\n<meta property=\"article:modified_time\" content=\"2025-10-22T12:48:46+00:00\" \/>\n<meta property=\"og:image\" content=\"https:\/\/www.myscience.fi\/sv\/files\/2021\/05\/LUMA_kirja_sv.jpg\" \/>\n\t<meta property=\"og:image:width\" content=\"1200\" \/>\n\t<meta property=\"og:image:height\" content=\"628\" \/>\n\t<meta property=\"og:image:type\" content=\"image\/jpeg\" \/>\n<meta name=\"twitter:card\" content=\"summary_large_image\" \/>\n<meta name=\"twitter:label1\" content=\"Ber\u00e4knad l\u00e4stid\" \/>\n\t<meta name=\"twitter:data1\" content=\"6 minuter\" \/>\n<script type=\"application\/ld+json\" class=\"yoast-schema-graph\">{\"@context\":\"https:\/\/schema.org\",\"@graph\":[{\"@type\":\"WebPage\",\"@id\":\"https:\/\/www.myscience.fi\/sv\/center\/\",\"url\":\"https:\/\/www.myscience.fi\/sv\/center\/\",\"name\":\"Om oss - LUMA-center Finland\",\"isPartOf\":{\"@id\":\"https:\/\/www.myscience.fi\/sv\/#website\"},\"primaryImageOfPage\":{\"@id\":\"https:\/\/www.myscience.fi\/sv\/center\/#primaryimage\"},\"image\":{\"@id\":\"https:\/\/www.myscience.fi\/sv\/center\/#primaryimage\"},\"thumbnailUrl\":\"https:\/\/www.myscience.fi\/sv\/files\/2021\/05\/LUMA_kirja_sv.jpg\",\"datePublished\":\"2017-03-03T10:27:00+00:00\",\"dateModified\":\"2025-10-22T12:48:46+00:00\",\"breadcrumb\":{\"@id\":\"https:\/\/www.myscience.fi\/sv\/center\/#breadcrumb\"},\"inLanguage\":\"sv-SE\",\"potentialAction\":[{\"@type\":\"ReadAction\",\"target\":[\"https:\/\/www.myscience.fi\/sv\/center\/\"]}]},{\"@type\":\"ImageObject\",\"inLanguage\":\"sv-SE\",\"@id\":\"https:\/\/www.myscience.fi\/sv\/center\/#primaryimage\",\"url\":\"https:\/\/www.myscience.fi\/sv\/files\/2021\/05\/LUMA_kirja_sv.jpg\",\"contentUrl\":\"https:\/\/www.myscience.fi\/sv\/files\/2021\/05\/LUMA_kirja_sv.jpg\",\"width\":1200,\"height\":628,\"caption\":\"Kolme lasta rakentaa matemaattisia malleja hammastikuista ja vaahtokarkeista.\"},{\"@type\":\"BreadcrumbList\",\"@id\":\"https:\/\/www.myscience.fi\/sv\/center\/#breadcrumb\",\"itemListElement\":[{\"@type\":\"ListItem\",\"position\":1,\"name\":\"Etusivu\",\"item\":\"https:\/\/www.myscience.fi\/sv\/\"},{\"@type\":\"ListItem\",\"position\":2,\"name\":\"Om oss\"}]},{\"@type\":\"WebSite\",\"@id\":\"https:\/\/www.myscience.fi\/sv\/#website\",\"url\":\"https:\/\/www.myscience.fi\/sv\/\",\"name\":\"LUMA-center Finland\",\"description\":\"Ett n\u00e4tverk av finska universitet f\u00f6r att fr\u00e4mja vetenskap- och teknikfostran\",\"publisher\":{\"@id\":\"https:\/\/www.myscience.fi\/sv\/#organization\"},\"potentialAction\":[{\"@type\":\"SearchAction\",\"target\":{\"@type\":\"EntryPoint\",\"urlTemplate\":\"https:\/\/www.myscience.fi\/sv\/?s={search_term_string}\"},\"query-input\":{\"@type\":\"PropertyValueSpecification\",\"valueRequired\":true,\"valueName\":\"search_term_string\"}}],\"inLanguage\":\"sv-SE\"},{\"@type\":\"Organization\",\"@id\":\"https:\/\/www.myscience.fi\/sv\/#organization\",\"name\":\"LUMA-center Finland\",\"url\":\"https:\/\/www.myscience.fi\/sv\/\",\"logo\":{\"@type\":\"ImageObject\",\"inLanguage\":\"sv-SE\",\"@id\":\"https:\/\/www.myscience.fi\/sv\/#\/schema\/logo\/image\/\",\"url\":\"https:\/\/www.myscience.fi\/sv\/files\/2022\/05\/luma_flower-multicolored_text-black-horizontal-sv.png\",\"contentUrl\":\"https:\/\/www.myscience.fi\/sv\/files\/2022\/05\/luma_flower-multicolored_text-black-horizontal-sv.png\",\"width\":1927,\"height\":557,\"caption\":\"LUMA-center Finland\"},\"image\":{\"@id\":\"https:\/\/www.myscience.fi\/sv\/#\/schema\/logo\/image\/\"}}]}<\/script>\n<!-- \/ Yoast SEO plugin. -->","yoast_head_json":{"title":"Om oss - LUMA-center Finland","robots":{"index":"index","follow":"follow","max-snippet":"max-snippet:-1","max-image-preview":"max-image-preview:large","max-video-preview":"max-video-preview:-1"},"canonical":"https:\/\/www.myscience.fi\/sv\/center\/","og_locale":"sv_SE","og_type":"article","og_title":"Om oss - LUMA-center Finland","og_description":"M\u00e5let \u00e4r garantera en tillr\u00e4cklig tillg\u00e5ng till kunniga personer inom matematik, naturvetenskaper och teknik Verksamheten inom det riksomfattande LUMA-center Finland-n\u00e4tverket ... L\u00e4s mera...","og_url":"https:\/\/www.myscience.fi\/sv\/center\/","og_site_name":"LUMA-center Finland","article_modified_time":"2025-10-22T12:48:46+00:00","og_image":[{"width":1200,"height":628,"url":"https:\/\/www.myscience.fi\/sv\/files\/2021\/05\/LUMA_kirja_sv.jpg","type":"image\/jpeg"}],"twitter_card":"summary_large_image","twitter_misc":{"Ber\u00e4knad l\u00e4stid":"6 minuter"},"schema":{"@context":"https:\/\/schema.org","@graph":[{"@type":"WebPage","@id":"https:\/\/www.myscience.fi\/sv\/center\/","url":"https:\/\/www.myscience.fi\/sv\/center\/","name":"Om oss - LUMA-center Finland","isPartOf":{"@id":"https:\/\/www.myscience.fi\/sv\/#website"},"primaryImageOfPage":{"@id":"https:\/\/www.myscience.fi\/sv\/center\/#primaryimage"},"image":{"@id":"https:\/\/www.myscience.fi\/sv\/center\/#primaryimage"},"thumbnailUrl":"https:\/\/www.myscience.fi\/sv\/files\/2021\/05\/LUMA_kirja_sv.jpg","datePublished":"2017-03-03T10:27:00+00:00","dateModified":"2025-10-22T12:48:46+00:00","breadcrumb":{"@id":"https:\/\/www.myscience.fi\/sv\/center\/#breadcrumb"},"inLanguage":"sv-SE","potentialAction":[{"@type":"ReadAction","target":["https:\/\/www.myscience.fi\/sv\/center\/"]}]},{"@type":"ImageObject","inLanguage":"sv-SE","@id":"https:\/\/www.myscience.fi\/sv\/center\/#primaryimage","url":"https:\/\/www.myscience.fi\/sv\/files\/2021\/05\/LUMA_kirja_sv.jpg","contentUrl":"https:\/\/www.myscience.fi\/sv\/files\/2021\/05\/LUMA_kirja_sv.jpg","width":1200,"height":628,"caption":"Kolme lasta rakentaa matemaattisia malleja hammastikuista ja vaahtokarkeista."},{"@type":"BreadcrumbList","@id":"https:\/\/www.myscience.fi\/sv\/center\/#breadcrumb","itemListElement":[{"@type":"ListItem","position":1,"name":"Etusivu","item":"https:\/\/www.myscience.fi\/sv\/"},{"@type":"ListItem","position":2,"name":"Om oss"}]},{"@type":"WebSite","@id":"https:\/\/www.myscience.fi\/sv\/#website","url":"https:\/\/www.myscience.fi\/sv\/","name":"LUMA-center Finland","description":"Ett n\u00e4tverk av finska universitet f\u00f6r att fr\u00e4mja vetenskap- och teknikfostran","publisher":{"@id":"https:\/\/www.myscience.fi\/sv\/#organization"},"potentialAction":[{"@type":"SearchAction","target":{"@type":"EntryPoint","urlTemplate":"https:\/\/www.myscience.fi\/sv\/?s={search_term_string}"},"query-input":{"@type":"PropertyValueSpecification","valueRequired":true,"valueName":"search_term_string"}}],"inLanguage":"sv-SE"},{"@type":"Organization","@id":"https:\/\/www.myscience.fi\/sv\/#organization","name":"LUMA-center Finland","url":"https:\/\/www.myscience.fi\/sv\/","logo":{"@type":"ImageObject","inLanguage":"sv-SE","@id":"https:\/\/www.myscience.fi\/sv\/#\/schema\/logo\/image\/","url":"https:\/\/www.myscience.fi\/sv\/files\/2022\/05\/luma_flower-multicolored_text-black-horizontal-sv.png","contentUrl":"https:\/\/www.myscience.fi\/sv\/files\/2022\/05\/luma_flower-multicolored_text-black-horizontal-sv.png","width":1927,"height":557,"caption":"LUMA-center Finland"},"image":{"@id":"https:\/\/www.myscience.fi\/sv\/#\/schema\/logo\/image\/"}}]}},"_links":{"self":[{"href":"https:\/\/www.myscience.fi\/sv\/wp-json\/wp\/v2\/pages\/37","targetHints":{"allow":["GET"]}}],"collection":[{"href":"https:\/\/www.myscience.fi\/sv\/wp-json\/wp\/v2\/pages"}],"about":[{"href":"https:\/\/www.myscience.fi\/sv\/wp-json\/wp\/v2\/types\/page"}],"author":[{"embeddable":true,"href":"https:\/\/www.myscience.fi\/sv\/wp-json\/wp\/v2\/users\/1"}],"replies":[{"embeddable":true,"href":"https:\/\/www.myscience.fi\/sv\/wp-json\/wp\/v2\/comments?post=37"}],"version-history":[{"count":23,"href":"https:\/\/www.myscience.fi\/sv\/wp-json\/wp\/v2\/pages\/37\/revisions"}],"predecessor-version":[{"id":1922,"href":"https:\/\/www.myscience.fi\/sv\/wp-json\/wp\/v2\/pages\/37\/revisions\/1922"}],"wp:featuredmedia":[{"embeddable":true,"href":"https:\/\/www.myscience.fi\/sv\/wp-json\/wp\/v2\/media\/686"}],"wp:attachment":[{"href":"https:\/\/www.myscience.fi\/sv\/wp-json\/wp\/v2\/media?parent=37"}],"curies":[{"name":"wp","href":"https:\/\/api.w.org\/{rel}","templated":true}]}}