{"id":1802,"date":"2024-11-01T10:37:04","date_gmt":"2024-11-01T08:37:04","guid":{"rendered":"https:\/\/www.myscience.fi\/sv\/?page_id=1802"},"modified":"2025-06-11T12:44:25","modified_gmt":"2025-06-11T09:44:25","slug":"nytt-undervisningsmaterial","status":"publish","type":"page","link":"https:\/\/www.myscience.fi\/sv\/nytt-undervisningsmaterial\/","title":{"rendered":"Nytt undervisningsmaterial"},"content":{"rendered":"\n<p>Under \u00e5rens lopp har vi skapat gratis tillg\u00e4ngligt undervisningsmaterial f\u00f6r att st\u00f6da undervisningen i naturvetenskaper och matematik. Bekanta dig g\u00e4rna med materialet p\u00e5 svenska i Skolresurs materialbank via <a href=\"https:\/\/www.abo.fi\/centret-for-livslangt-larande\/skolresurs\/\">skolresurs.fi<\/a>.<\/p>\n<p>P\u00e5 denna sida har vi samlat n\u00e5gra av de b\u00e4sta undervisningsmaterialen som presenterades under Science on Stage-festivalen i \u00c5bo i augusti 2024. Alla materialen har utvecklats av l\u00e4rare i de naturvetenskapliga \u00e4mnena och de har testat dem med sina egna elever. Uppgifternas ursprungsspr\u00e5k varierar. \u00d6vers\u00e4ttningen har finansierats av Utbildningsstyrelsen, Otto A. Malms Donationsfond och Svenska folkskolans v\u00e4nner. Vi publicerar arbetsinstruktionerna i takt med att de blir \u00f6versatta.<\/p>\n<p>Alla arbetsinstruktioner finns p\u00e5 svenska, finska och engelska.<\/p>\n\n\n\n<h2 class=\"wp-block-heading\">Grundskola<\/h2>\n\n\n<div class=\"wp-block-image\">\n<figure class=\"alignleft size-full is-resized\"><img loading=\"lazy\" decoding=\"async\" width=\"631\" height=\"892\" src=\"https:\/\/www.myscience.fi\/sv\/files\/2024\/11\/L-Crime-scene-Inverstigation.jpg\" alt=\"\" class=\"wp-image-1803\" style=\"width:259px;height:auto\" srcset=\"https:\/\/www.myscience.fi\/sv\/files\/2024\/11\/L-Crime-scene-Inverstigation.jpg 631w, https:\/\/www.myscience.fi\/sv\/files\/2024\/11\/L-Crime-scene-Inverstigation-212x300.jpg 212w\" sizes=\"auto, (max-width: 631px) 100vw, 631px\" \/><\/figure><\/div>\n\n\n<h3>Brottsplatsunders\u00f6kning<\/h3>\n<ul>\n<li>M\u00e5lgrupp: h\u00f6gstadium<\/li>\n<li>\u00c4mnen: biologi<\/li>\n<li>F\u00f6rfattare: Suzanne Bruks, Grubbeskolan, Sverige<\/li>\n<li><a href=\"https:\/\/aoe.fi\/#\/materiaali\/4240\">L\u00e4nk till undervisningsmaterialet (p\u00e5 aoe.fi)<\/a><\/li>\n<\/ul>\n<p>Brottsplatsunders\u00f6kningen \u00e4r en sp\u00e4nnande blandning av teaterkunskaper, elevsamarbete och naturvetenskap. Eleverna st\u00e4lls inf\u00f6r en brutal mordplats i ett forskningslabb p\u00e5 ett sjukhus. De presenteras f\u00f6r ett antal misst\u00e4nkta och sex olika bevismaterial som leder dem till m\u00f6rdaren och offret. Med gemensamma krafter och med hj\u00e4lp av biologikunskaper l\u00f6ser och f\u00f6rklarar studenterna mordet. Den samh\u00e4llskris som utvecklingen av nya antibiotika inneb\u00e4r st\u00e5r i centrum f\u00f6r brottsplatsen och blodanalys, DNA, mikroskopi och fingeravtryck sorterar ut de misst\u00e4nkta en efter en. En unders\u00f6kning av b\u00e5de brottet och naturvetenskapens konst och sk\u00f6nhet.<\/p>\n\n\n\n<div style=\"height:15px\" aria-hidden=\"true\" class=\"wp-block-spacer\"><\/div>\n\n\n<div class=\"wp-block-image\">\n<figure class=\"alignleft size-full is-resized\"><img loading=\"lazy\" decoding=\"async\" width=\"741\" height=\"1022\" src=\"https:\/\/www.myscience.fi\/sv\/files\/2024\/11\/Capture.png\" alt=\"\" class=\"wp-image-1804\" style=\"width:255px;height:auto\" srcset=\"https:\/\/www.myscience.fi\/sv\/files\/2024\/11\/Capture.png 741w, https:\/\/www.myscience.fi\/sv\/files\/2024\/11\/Capture-218x300.png 218w\" sizes=\"auto, (max-width: 741px) 100vw, 741px\" \/><\/figure><\/div>\n\n\n<h3>Scratch-simuleringsmaterial f\u00f6r STEM-undervisning<\/h3>\n<ul>\n<li>M\u00e5lgrupp: h\u00f6gstadium<\/li>\n<li>\u00c4mnen: matematik, fysik och kemi<\/li>\n<li>F\u00f6rfattare: Steen Petersen, Fredericia Realskole, Danmark<\/li>\n<li><a href=\"https:\/\/aoe.fi\/#\/materiaali\/4249\">L\u00e4nk till undervisningsmaterialet (p\u00e5 aoe.fi)<\/a><\/li>\n<\/ul>\n<p>Detta Scratch-l\u00e4romedel \u00e4r avsett f\u00f6r undervisning p\u00e5 h\u00f6gstadiet och gymnasiet. Materialet best\u00e5r av korta arbetsinstruktioner f\u00f6r att koda mer \u00e4n 20 simuleringar med Scratch och BBC Micro:bit. L\u00e5t dina elever koda en simulering av ett svart h\u00e5l, rita en regelbunden polygon eller m\u00e4ta r\u00f6relseenergin hos en pendel. Genom ett lekfullt och utforskande tillv\u00e4gag\u00e5ngss\u00e4tt l\u00e4r sig eleverna vetenskap, matematik och kodning p\u00e5 samma g\u00e5ng.<\/p>\n\n\n\n<div style=\"height:15px\" aria-hidden=\"true\" class=\"wp-block-spacer\"><\/div>\n\n\n<div class=\"wp-block-image\">\n<figure class=\"alignleft size-large is-resized\"><img loading=\"lazy\" decoding=\"async\" width=\"823\" height=\"1024\" src=\"https:\/\/www.myscience.fi\/sv\/files\/2024\/11\/Capture-1-823x1024.png\" alt=\"\" class=\"wp-image-1818\" style=\"width:262px;height:auto\" srcset=\"https:\/\/www.myscience.fi\/sv\/files\/2024\/11\/Capture-1-823x1024.png 823w, https:\/\/www.myscience.fi\/sv\/files\/2024\/11\/Capture-1-241x300.png 241w, https:\/\/www.myscience.fi\/sv\/files\/2024\/11\/Capture-1-768x956.png 768w, https:\/\/www.myscience.fi\/sv\/files\/2024\/11\/Capture-1.png 827w\" sizes=\"auto, (max-width: 823px) 100vw, 823px\" \/><\/figure><\/div>\n\n\n<h3>Enkla 3D-designmaterial med videor<\/h3>\n<ul>\n<li>M\u00e5lgrupp: grundskola<\/li>\n<li>\u00c4mnen: matematik och teknisk sl\u00f6jd<\/li>\n<li>F\u00f6rfattare: Hrafnhildur G\u00edslad\u00f3ttir och Sigur\u00f0ur Fjalar J\u00f3nsson, Fj\u00f6lbrautask\u00f3linn \u00ed Brei\u00f0holti, Island<\/li>\n<li><a href=\"https:\/\/aoe.fi\/#\/materiaali\/4253\">L\u00e4nk till undervisningsmaterialet (p\u00e5 aoe.fi)<\/a><\/li>\n<\/ul>\n<p>Samlingen inneh\u00e5ller handledning i 3D-design med videor som passar f\u00f6r elever i alla \u00e5ldrar. Samlingen best\u00e5r av ett brett utbud av arbetsinstruktioner fr\u00e5n enkla till komplexa. Instruktionerna \u00e4r l\u00e4ttillg\u00e4ngliga och inneh\u00e5ller lite skriven text. Materialet \u00e4r utformat f\u00f6r att kunna anv\u00e4ndas p\u00e5 olika skolniv\u00e5er och \u00e4r v\u00e4l l\u00e4mpat f\u00f6r elever med s\u00e4rskilda behov. Materialet \u00e4r f\u00e4rdigt att skrivas ut och ges till eleven.<\/p>\n\n\n\n<div style=\"height:15px\" aria-hidden=\"true\" class=\"wp-block-spacer\"><\/div>\n\n\n<div class=\"wp-block-image\">\n<figure class=\"alignleft size-large is-resized\"><img loading=\"lazy\" decoding=\"async\" width=\"724\" height=\"1024\" src=\"https:\/\/www.myscience.fi\/sv\/files\/2024\/11\/1-724x1024.png\" alt=\"\" class=\"wp-image-1828\" style=\"width:247px;height:auto\" srcset=\"https:\/\/www.myscience.fi\/sv\/files\/2024\/11\/1-724x1024.png 724w, https:\/\/www.myscience.fi\/sv\/files\/2024\/11\/1-212x300.png 212w, https:\/\/www.myscience.fi\/sv\/files\/2024\/11\/1-768x1086.png 768w, https:\/\/www.myscience.fi\/sv\/files\/2024\/11\/1-1086x1536.png 1086w, https:\/\/www.myscience.fi\/sv\/files\/2024\/11\/1.png 1414w\" sizes=\"auto, (max-width: 724px) 100vw, 724px\" \/><\/figure><\/div>\n\n\n<h3>Magisk vetenskap<\/h3>\n<ul>\n<li>M\u00e5lgrupp: grundskola och sm\u00e5barnspedagogik<\/li>\n<li>\u00c4mnen: naturvetenskaper och matematik<\/li>\n<li>F\u00f6rfattare: Adrian Allan, Dornoch Academy, Skottland och Rute Oliveira, Nobel Algarve British International School, Portugal<\/li>\n<li><a href=\"https:\/\/aoe.fi\/#\/materiaali\/4348\">L\u00e4nk till undervisningsmaterialet (p\u00e5 aoe.fi)<\/a><\/li>\n<\/ul>\n<p>Vetenskaps- och magishower kr\u00e4ver \u00f6vning, spektakel, publikinteraktion och sp\u00e4nning. Den h\u00e4r guiden inneh\u00e5ller vetenskaps- och matematikbaserade instruktioner f\u00f6r magiska trick f\u00f6r l\u00e4rare och elever. En vetenskaplig f\u00f6rklaring av magin f\u00f6ljer med varje trick. F\u00f6rutom instruktionerna inneh\u00e5ller materialet illustrativa videor som \u00e4r l\u00e4tta att f\u00f6lja. Guiden \u00e4r indelad i tre delar: 21 magiska trick, Magi f\u00f6r de yngsta och Matematiska trick.<\/p>\n\n\n\n<div style=\"height:15px\" aria-hidden=\"true\" class=\"wp-block-spacer\"><\/div>\n\n\n<div class=\"wp-block-image\">\n<figure class=\"alignleft size-large is-resized\"><img loading=\"lazy\" decoding=\"async\" width=\"721\" height=\"1024\" src=\"https:\/\/www.myscience.fi\/sv\/files\/2025\/02\/Capture-721x1024.png\" alt=\"\" class=\"wp-image-1852\" style=\"width:253px;height:auto\" srcset=\"https:\/\/www.myscience.fi\/sv\/files\/2025\/02\/Capture-721x1024.png 721w, https:\/\/www.myscience.fi\/sv\/files\/2025\/02\/Capture-211x300.png 211w, https:\/\/www.myscience.fi\/sv\/files\/2025\/02\/Capture.png 734w\" sizes=\"auto, (max-width: 721px) 100vw, 721px\" \/><\/figure><\/div>\n\n\n<h3>Unga kardiologer: Konkreta \u00f6vningar f\u00f6r att l\u00e4ra ut hj\u00e4rt- och k\u00e4rlsystemet<\/h3>\n<ul>\n<li>M\u00e5lgrupp: h\u00f6gstadium<\/li>\n<li>\u00c4mnen: biologi<\/li>\n<li>F\u00f6rfattare: Georgia Michael, Lympia Primary School, Cypern<\/li>\n<li><a href=\"https:\/\/aoe.fi\/#\/materiaali\/4592\">L\u00e4nk till undervisningsmaterialet (p\u00e5 aoe.fi)<\/a><\/li>\n<\/ul>\n<p>\u00d6vningen syftar till att \u00f6ka elevernas f\u00f6rst\u00e5else f\u00f6r cirkulationssystemet. I uppgiften arbetar eleverna i sm\u00e5 grupper och representerar cirkulationssystemet i kroppen med hj\u00e4lp av r\u00f6da och bl\u00e5 bollar eller andra symboler i samma f\u00e4rg.<\/p>\n\n\n\n<div style=\"height:15px\" aria-hidden=\"true\" class=\"wp-block-spacer\"><\/div>\n\n\n<div class=\"wp-block-image\">\n<figure class=\"alignleft size-large is-resized\"><img loading=\"lazy\" decoding=\"async\" width=\"719\" height=\"1024\" src=\"https:\/\/www.myscience.fi\/sv\/files\/2025\/06\/Capture1-719x1024.png\" alt=\"\" class=\"wp-image-1890\" style=\"width:254px;height:auto\" srcset=\"https:\/\/www.myscience.fi\/sv\/files\/2025\/06\/Capture1-719x1024.png 719w, https:\/\/www.myscience.fi\/sv\/files\/2025\/06\/Capture1-211x300.png 211w, https:\/\/www.myscience.fi\/sv\/files\/2025\/06\/Capture1.png 737w\" sizes=\"auto, (max-width: 719px) 100vw, 719px\" \/><\/figure><\/div>\n\n\n<h3>Magnifik Mossa \u2013 Naturens Signal<\/h3>\n<ul>\n<li>M\u00e5lgrupp: h\u00f6gstadium och gymnasium<\/li>\n<li>\u00c4mnen: biologi<\/li>\n<li>F\u00f6rfattare: Rosa Edmondson, Falinge Park High School, Storbritannien<\/li>\n<li><a href=\"https:\/\/aoe.fi\/#\/materiaali\/4928\">L\u00e4nk till undervisningsmaterialet (p\u00e5 aoe.fi)<\/a><\/li>\n<\/ul>\n<p>Magnifik Mossa \u2013 Naturens Signal \u00e4r en del av en bredare undervisningsmodul med temat mossa, d\u00e4r eleverna utforskar mossan ur flera perspektiv \u2013 inte bara som v\u00e4xtart, utan ocks\u00e5 som en viktig del av ekosystemet och som en indikator p\u00e5 luftkvalitet. I denna aktivitet unders\u00f6ker eleverna luftf\u00f6roreningar med en enkel och kostnadseffektiv metod som anv\u00e4nder genomskinlig tejp. De j\u00e4mf\u00f6r luftkvaliteten i olika milj\u00f6er, analyserar partikelhalter och studerar hur mossan reagerar p\u00e5 f\u00f6roreningar i mikroskop.<\/p>\n\n\n\n<div style=\"height:15px\" aria-hidden=\"true\" class=\"wp-block-spacer\"><\/div>\n\n\n\n<h2 class=\"wp-block-heading\">Gymnasium<\/h2>\n\n\n<div class=\"wp-block-image\">\n<figure class=\"alignleft size-large is-resized\"><img loading=\"lazy\" decoding=\"async\" width=\"720\" height=\"1024\" src=\"https:\/\/www.myscience.fi\/sv\/files\/2025\/06\/Capture-720x1024.png\" alt=\"\" class=\"wp-image-1892\" style=\"width:283px;height:auto\" srcset=\"https:\/\/www.myscience.fi\/sv\/files\/2025\/06\/Capture-720x1024.png 720w, https:\/\/www.myscience.fi\/sv\/files\/2025\/06\/Capture-211x300.png 211w, https:\/\/www.myscience.fi\/sv\/files\/2025\/06\/Capture.png 738w\" sizes=\"auto, (max-width: 720px) 100vw, 720px\" \/><\/figure><\/div>\n\n\n<h3>Elektricitet fr\u00e5n havsv\u00e5gor<\/h3>\n<ul>\n<li>M\u00e5lgrupp: gymnasium<\/li>\n<li>\u00c4mnen: fysik<\/li>\n<li>F\u00f6rfattare: Louiza Dimitriou, Laboratory Centre of Physical Sciences of Egaleo, Grekland<\/li>\n<li><a href=\"https:\/\/aoe.fi\/#\/materiaali\/4930\">L\u00e4nk till undervisningsmaterialet (p\u00e5 aoe.fi)<\/a><\/li>\n<\/ul>\n<p>Denna instruktion syftar till att simulera generering av f\u00f6rnybar elektrisk energi fr\u00e5n havsv\u00e5gor. Projektets experimentella uppst\u00e4llning byggs med material som finns tillg\u00e4ngliga i ett skollaboratorium. I experimentet skapas r\u00f6relse i vattnet. V\u00e5gor s\u00e4tter en plastflotte i r\u00f6relse, vilket i sin tur r\u00f6r en magnet. Magnetens r\u00f6relse genererar en induktiv sp\u00e4nning i spolen. Den energi som erh\u00e5lls fr\u00e5n v\u00e5gorna omvandlas f\u00f6rst till r\u00f6relseenergi i magneten och d\u00e4refter till elektrisk energi i spolen, vilket t\u00e4nder en LED eller laddar en kondensator. Arbetsinstruktionen inneh\u00e5ller ett uppgiftsblad.<\/p>\n\n\n\n<div style=\"height:15px\" aria-hidden=\"true\" class=\"wp-block-spacer\"><\/div>\n\n\n<div class=\"wp-block-image\">\n<figure class=\"alignleft size-large is-resized\"><img loading=\"lazy\" decoding=\"async\" width=\"719\" height=\"1024\" src=\"https:\/\/www.myscience.fi\/sv\/files\/2025\/06\/Capture1-719x1024.png\" alt=\"\" class=\"wp-image-1890\" style=\"width:286px;height:auto\" srcset=\"https:\/\/www.myscience.fi\/sv\/files\/2025\/06\/Capture1-719x1024.png 719w, https:\/\/www.myscience.fi\/sv\/files\/2025\/06\/Capture1-211x300.png 211w, https:\/\/www.myscience.fi\/sv\/files\/2025\/06\/Capture1.png 737w\" sizes=\"auto, (max-width: 719px) 100vw, 719px\" \/><\/figure><\/div>\n\n\n<h3>Magnifik Mossa \u2013 Naturens Signal<\/h3>\n<ul>\n<li>M\u00e5lgrupp: h\u00f6gstadium och gymnasium<\/li>\n<li>\u00c4mnen: biologi<\/li>\n<li>F\u00f6rfattare: Rosa Edmondson, Falinge Park High School, Storbritannien<\/li>\n<li><a href=\"https:\/\/aoe.fi\/#\/materiaali\/4928\">L\u00e4nk till undervisningsmaterialet (p\u00e5 aoe.fi)<\/a><\/li>\n<\/ul>\n<p>Magnifik Mossa \u2013 Naturens Signal \u00e4r en del av en bredare undervisningsmodul med temat mossa, d\u00e4r eleverna utforskar mossan ur flera perspektiv \u2013 inte bara som v\u00e4xtart, utan ocks\u00e5 som en viktig del av ekosystemet och som en indikator p\u00e5 luftkvalitet. I denna aktivitet unders\u00f6ker eleverna luftf\u00f6roreningar med en enkel och kostnadseffektiv metod som anv\u00e4nder genomskinlig tejp. De j\u00e4mf\u00f6r luftkvaliteten i olika milj\u00f6er, analyserar partikelhalter och studerar hur mossan reagerar p\u00e5 f\u00f6roreningar i mikroskop.<\/p>\n\n\n\n<p><\/p>\n","protected":false},"excerpt":{"rendered":"<p>Under \u00e5rens lopp har vi skapat gratis tillg\u00e4ngligt undervisningsmaterial f\u00f6r att st\u00f6da undervisningen i naturvetenskaper och matematik. Bekanta dig g\u00e4rna &#8230; <a title=\"Nytt undervisningsmaterial\" class=\"read-more\" href=\"https:\/\/www.myscience.fi\/sv\/nytt-undervisningsmaterial\/\" aria-label=\"L\u00e4s mer om Nytt undervisningsmaterial\">L\u00e4s mera&#8230;<\/a><\/p>\n","protected":false},"author":41,"featured_media":1805,"parent":0,"menu_order":0,"comment_status":"closed","ping_status":"closed","template":"","meta":{"generate_page_header":"","footnotes":""},"class_list":["post-1802","page","type-page","status-publish","has-post-thumbnail"],"yoast_head":"<!-- This site is optimized with the Yoast SEO plugin v25.9 - https:\/\/yoast.com\/wordpress\/plugins\/seo\/ -->\n<title>Nytt undervisningsmaterial - LUMA-center Finland<\/title>\n<meta name=\"robots\" content=\"index, follow, max-snippet:-1, max-image-preview:large, max-video-preview:-1\" \/>\n<link rel=\"canonical\" href=\"https:\/\/www.myscience.fi\/sv\/nytt-undervisningsmaterial\/\" \/>\n<meta property=\"og:locale\" content=\"sv_SE\" \/>\n<meta property=\"og:type\" content=\"article\" \/>\n<meta property=\"og:title\" content=\"Nytt undervisningsmaterial - LUMA-center Finland\" \/>\n<meta property=\"og:description\" content=\"Under \u00e5rens lopp har vi skapat gratis tillg\u00e4ngligt undervisningsmaterial f\u00f6r att st\u00f6da undervisningen i naturvetenskaper och matematik. Bekanta dig g\u00e4rna ... L\u00e4s mera...\" \/>\n<meta property=\"og:url\" content=\"https:\/\/www.myscience.fi\/sv\/nytt-undervisningsmaterial\/\" \/>\n<meta property=\"og:site_name\" content=\"LUMA-center Finland\" \/>\n<meta property=\"article:modified_time\" content=\"2025-06-11T09:44:25+00:00\" \/>\n<meta property=\"og:image\" content=\"https:\/\/www.myscience.fi\/sv\/files\/2024\/11\/Uudet-SonS-kaannokset-1024x512.png\" \/>\n\t<meta property=\"og:image:width\" content=\"1024\" \/>\n\t<meta property=\"og:image:height\" content=\"512\" \/>\n\t<meta property=\"og:image:type\" content=\"image\/png\" \/>\n<meta name=\"twitter:card\" content=\"summary_large_image\" \/>\n<meta name=\"twitter:label1\" content=\"Ber\u00e4knad l\u00e4stid\" \/>\n\t<meta name=\"twitter:data1\" content=\"6 minuter\" \/>\n<script type=\"application\/ld+json\" class=\"yoast-schema-graph\">{\"@context\":\"https:\/\/schema.org\",\"@graph\":[{\"@type\":\"WebPage\",\"@id\":\"https:\/\/www.myscience.fi\/sv\/nytt-undervisningsmaterial\/\",\"url\":\"https:\/\/www.myscience.fi\/sv\/nytt-undervisningsmaterial\/\",\"name\":\"Nytt undervisningsmaterial - LUMA-center Finland\",\"isPartOf\":{\"@id\":\"https:\/\/www.myscience.fi\/sv\/#website\"},\"primaryImageOfPage\":{\"@id\":\"https:\/\/www.myscience.fi\/sv\/nytt-undervisningsmaterial\/#primaryimage\"},\"image\":{\"@id\":\"https:\/\/www.myscience.fi\/sv\/nytt-undervisningsmaterial\/#primaryimage\"},\"thumbnailUrl\":\"https:\/\/www.myscience.fi\/sv\/files\/2024\/11\/Uudet-SonS-kaannokset.png\",\"datePublished\":\"2024-11-01T08:37:04+00:00\",\"dateModified\":\"2025-06-11T09:44:25+00:00\",\"breadcrumb\":{\"@id\":\"https:\/\/www.myscience.fi\/sv\/nytt-undervisningsmaterial\/#breadcrumb\"},\"inLanguage\":\"sv-SE\",\"potentialAction\":[{\"@type\":\"ReadAction\",\"target\":[\"https:\/\/www.myscience.fi\/sv\/nytt-undervisningsmaterial\/\"]}]},{\"@type\":\"ImageObject\",\"inLanguage\":\"sv-SE\",\"@id\":\"https:\/\/www.myscience.fi\/sv\/nytt-undervisningsmaterial\/#primaryimage\",\"url\":\"https:\/\/www.myscience.fi\/sv\/files\/2024\/11\/Uudet-SonS-kaannokset.png\",\"contentUrl\":\"https:\/\/www.myscience.fi\/sv\/files\/2024\/11\/Uudet-SonS-kaannokset.png\",\"width\":6912,\"height\":3456},{\"@type\":\"BreadcrumbList\",\"@id\":\"https:\/\/www.myscience.fi\/sv\/nytt-undervisningsmaterial\/#breadcrumb\",\"itemListElement\":[{\"@type\":\"ListItem\",\"position\":1,\"name\":\"Etusivu\",\"item\":\"https:\/\/www.myscience.fi\/sv\/\"},{\"@type\":\"ListItem\",\"position\":2,\"name\":\"Nytt undervisningsmaterial\"}]},{\"@type\":\"WebSite\",\"@id\":\"https:\/\/www.myscience.fi\/sv\/#website\",\"url\":\"https:\/\/www.myscience.fi\/sv\/\",\"name\":\"LUMA-center Finland\",\"description\":\"Ett n\u00e4tverk av finska universitet f\u00f6r att fr\u00e4mja vetenskap- och teknikfostran\",\"publisher\":{\"@id\":\"https:\/\/www.myscience.fi\/sv\/#organization\"},\"potentialAction\":[{\"@type\":\"SearchAction\",\"target\":{\"@type\":\"EntryPoint\",\"urlTemplate\":\"https:\/\/www.myscience.fi\/sv\/?s={search_term_string}\"},\"query-input\":{\"@type\":\"PropertyValueSpecification\",\"valueRequired\":true,\"valueName\":\"search_term_string\"}}],\"inLanguage\":\"sv-SE\"},{\"@type\":\"Organization\",\"@id\":\"https:\/\/www.myscience.fi\/sv\/#organization\",\"name\":\"LUMA-center Finland\",\"url\":\"https:\/\/www.myscience.fi\/sv\/\",\"logo\":{\"@type\":\"ImageObject\",\"inLanguage\":\"sv-SE\",\"@id\":\"https:\/\/www.myscience.fi\/sv\/#\/schema\/logo\/image\/\",\"url\":\"https:\/\/www.myscience.fi\/sv\/files\/2022\/05\/luma_flower-multicolored_text-black-horizontal-sv.png\",\"contentUrl\":\"https:\/\/www.myscience.fi\/sv\/files\/2022\/05\/luma_flower-multicolored_text-black-horizontal-sv.png\",\"width\":1927,\"height\":557,\"caption\":\"LUMA-center Finland\"},\"image\":{\"@id\":\"https:\/\/www.myscience.fi\/sv\/#\/schema\/logo\/image\/\"}}]}<\/script>\n<!-- \/ Yoast SEO plugin. -->","yoast_head_json":{"title":"Nytt undervisningsmaterial - LUMA-center Finland","robots":{"index":"index","follow":"follow","max-snippet":"max-snippet:-1","max-image-preview":"max-image-preview:large","max-video-preview":"max-video-preview:-1"},"canonical":"https:\/\/www.myscience.fi\/sv\/nytt-undervisningsmaterial\/","og_locale":"sv_SE","og_type":"article","og_title":"Nytt undervisningsmaterial - LUMA-center Finland","og_description":"Under \u00e5rens lopp har vi skapat gratis tillg\u00e4ngligt undervisningsmaterial f\u00f6r att st\u00f6da undervisningen i naturvetenskaper och matematik. Bekanta dig g\u00e4rna ... L\u00e4s mera...","og_url":"https:\/\/www.myscience.fi\/sv\/nytt-undervisningsmaterial\/","og_site_name":"LUMA-center Finland","article_modified_time":"2025-06-11T09:44:25+00:00","og_image":[{"width":1024,"height":512,"url":"https:\/\/www.myscience.fi\/sv\/files\/2024\/11\/Uudet-SonS-kaannokset-1024x512.png","type":"image\/png"}],"twitter_card":"summary_large_image","twitter_misc":{"Ber\u00e4knad l\u00e4stid":"6 minuter"},"schema":{"@context":"https:\/\/schema.org","@graph":[{"@type":"WebPage","@id":"https:\/\/www.myscience.fi\/sv\/nytt-undervisningsmaterial\/","url":"https:\/\/www.myscience.fi\/sv\/nytt-undervisningsmaterial\/","name":"Nytt undervisningsmaterial - LUMA-center Finland","isPartOf":{"@id":"https:\/\/www.myscience.fi\/sv\/#website"},"primaryImageOfPage":{"@id":"https:\/\/www.myscience.fi\/sv\/nytt-undervisningsmaterial\/#primaryimage"},"image":{"@id":"https:\/\/www.myscience.fi\/sv\/nytt-undervisningsmaterial\/#primaryimage"},"thumbnailUrl":"https:\/\/www.myscience.fi\/sv\/files\/2024\/11\/Uudet-SonS-kaannokset.png","datePublished":"2024-11-01T08:37:04+00:00","dateModified":"2025-06-11T09:44:25+00:00","breadcrumb":{"@id":"https:\/\/www.myscience.fi\/sv\/nytt-undervisningsmaterial\/#breadcrumb"},"inLanguage":"sv-SE","potentialAction":[{"@type":"ReadAction","target":["https:\/\/www.myscience.fi\/sv\/nytt-undervisningsmaterial\/"]}]},{"@type":"ImageObject","inLanguage":"sv-SE","@id":"https:\/\/www.myscience.fi\/sv\/nytt-undervisningsmaterial\/#primaryimage","url":"https:\/\/www.myscience.fi\/sv\/files\/2024\/11\/Uudet-SonS-kaannokset.png","contentUrl":"https:\/\/www.myscience.fi\/sv\/files\/2024\/11\/Uudet-SonS-kaannokset.png","width":6912,"height":3456},{"@type":"BreadcrumbList","@id":"https:\/\/www.myscience.fi\/sv\/nytt-undervisningsmaterial\/#breadcrumb","itemListElement":[{"@type":"ListItem","position":1,"name":"Etusivu","item":"https:\/\/www.myscience.fi\/sv\/"},{"@type":"ListItem","position":2,"name":"Nytt undervisningsmaterial"}]},{"@type":"WebSite","@id":"https:\/\/www.myscience.fi\/sv\/#website","url":"https:\/\/www.myscience.fi\/sv\/","name":"LUMA-center Finland","description":"Ett n\u00e4tverk av finska universitet f\u00f6r att fr\u00e4mja vetenskap- och teknikfostran","publisher":{"@id":"https:\/\/www.myscience.fi\/sv\/#organization"},"potentialAction":[{"@type":"SearchAction","target":{"@type":"EntryPoint","urlTemplate":"https:\/\/www.myscience.fi\/sv\/?s={search_term_string}"},"query-input":{"@type":"PropertyValueSpecification","valueRequired":true,"valueName":"search_term_string"}}],"inLanguage":"sv-SE"},{"@type":"Organization","@id":"https:\/\/www.myscience.fi\/sv\/#organization","name":"LUMA-center Finland","url":"https:\/\/www.myscience.fi\/sv\/","logo":{"@type":"ImageObject","inLanguage":"sv-SE","@id":"https:\/\/www.myscience.fi\/sv\/#\/schema\/logo\/image\/","url":"https:\/\/www.myscience.fi\/sv\/files\/2022\/05\/luma_flower-multicolored_text-black-horizontal-sv.png","contentUrl":"https:\/\/www.myscience.fi\/sv\/files\/2022\/05\/luma_flower-multicolored_text-black-horizontal-sv.png","width":1927,"height":557,"caption":"LUMA-center Finland"},"image":{"@id":"https:\/\/www.myscience.fi\/sv\/#\/schema\/logo\/image\/"}}]}},"_links":{"self":[{"href":"https:\/\/www.myscience.fi\/sv\/wp-json\/wp\/v2\/pages\/1802","targetHints":{"allow":["GET"]}}],"collection":[{"href":"https:\/\/www.myscience.fi\/sv\/wp-json\/wp\/v2\/pages"}],"about":[{"href":"https:\/\/www.myscience.fi\/sv\/wp-json\/wp\/v2\/types\/page"}],"author":[{"embeddable":true,"href":"https:\/\/www.myscience.fi\/sv\/wp-json\/wp\/v2\/users\/41"}],"replies":[{"embeddable":true,"href":"https:\/\/www.myscience.fi\/sv\/wp-json\/wp\/v2\/comments?post=1802"}],"version-history":[{"count":10,"href":"https:\/\/www.myscience.fi\/sv\/wp-json\/wp\/v2\/pages\/1802\/revisions"}],"predecessor-version":[{"id":1895,"href":"https:\/\/www.myscience.fi\/sv\/wp-json\/wp\/v2\/pages\/1802\/revisions\/1895"}],"wp:featuredmedia":[{"embeddable":true,"href":"https:\/\/www.myscience.fi\/sv\/wp-json\/wp\/v2\/media\/1805"}],"wp:attachment":[{"href":"https:\/\/www.myscience.fi\/sv\/wp-json\/wp\/v2\/media?parent=1802"}],"curies":[{"name":"wp","href":"https:\/\/api.w.org\/{rel}","templated":true}]}}