{"id":1068,"date":"2022-08-11T14:13:20","date_gmt":"2022-08-11T11:13:20","guid":{"rendered":"https:\/\/www.myscience.fi\/sv\/?page_id=1068"},"modified":"2022-10-19T09:43:24","modified_gmt":"2022-10-19T06:43:24","slug":"luma-vetenskapklassrummen","status":"publish","type":"page","link":"https:\/\/www.myscience.fi\/sv\/luma-vetenskapklassrummen\/","title":{"rendered":"LUMA-vetenskapklassrummen"},"content":{"rendered":"\n<p><span id=\"page2073R_mcid16\" class=\"markedContent\"><strong><span dir=\"ltr\" role=\"presentation\">I vetenskapsklassrummen<\/span><span dir=\"ltr\" role=\"presentation\">, vars syfte \u00e4r att fr\u00e4mja \u00e4ndam\u00e5lsenlig formell, icke<\/span><span dir=\"ltr\" role=\"presentation\">&#8211;<\/span><span dir=\"ltr\" role=\"presentation\">for<\/span><\/strong><span dir=\"ltr\" role=\"presentation\"><strong>mell och informell vetenskapsfostran<\/strong> p\u00e5 tretton LUMA<\/span><span dir=\"ltr\" role=\"presentation\">&#8211;<\/span><span dir=\"ltr\" role=\"presentation\">center vid olika universitet i <\/span><span dir=\"ltr\" role=\"presentation\">landet, h<\/span><span dir=\"ltr\" role=\"presentation\">ar man tagit fram olika typer av verksamhetsmodeller. <\/span><\/span><span id=\"page2073R_mcid17\" class=\"markedContent\"><span dir=\"ltr\" role=\"presentation\">Studiebes\u00f6k p\u00e5 universiteten med aktiverande inslag kan bakas in i ett daghems <\/span><span dir=\"ltr\" role=\"presentation\">eller en skolas l\u00e4roplan: barnen kan f\u00e5 bes\u00f6ka antingen 1) enskilda vetenska<\/span><span dir=\"ltr\" role=\"presentation\">psklassr<\/span><span dir=\"ltr\" role=\"presentation\">um p\u00e5 universitetet eller 2) andra lokaler p\u00e5 universitetet. <\/span><\/span><\/p>\n<p><span id=\"page2073R_mcid17\" class=\"markedContent\"><span dir=\"ltr\" role=\"presentation\">Eleverna f\u00e5r bekanta sig <\/span><span dir=\"ltr\" role=\"presentation\">med autentisk forskning, forskningsmilj\u00f6er och forskare, och de ges en m\u00f6jlighet att <\/span><span dir=\"ltr\" role=\"presentation\">ocks\u00e5 sj\u00e4lva delta i olika typer av aktiviteter. Varje \u00e5r bes\u00f6ker \u00f6ver tiotus<\/span><span dir=\"ltr\" role=\"presentation\">en elever ett <\/span><span dir=\"ltr\" role=\"presentation\">LUMA<\/span><span dir=\"ltr\" role=\"presentation\">&#8211;<\/span><span dir=\"ltr\" role=\"presentation\">center. Bes\u00f6ken genomf\u00f6rs under ledning av blivande l\u00e4rare, forskare eller <\/span><span dir=\"ltr\" role=\"presentation\">annan universitetspersonal. P\u00e5 flera center utg\u00f6r bes\u00f6ken dessutom en best\u00e5ende del <\/span><span dir=\"ltr\" role=\"presentation\">av l\u00e4rarutbildningen och forskningen. Det \u00e4r l\u00e4rorikt att vara l\u00e4rare!<\/span><\/span><\/p>\n<p><a href=\"https:\/\/www.myscience.fi\/opettajille\/luma-keskusten-tiede-ja-teknologialuokat\/\">Se alla LUMA-vetenskapklassrummen (p\u00e5 finska)<\/a><\/p>\n\n\n\n<h2 class=\"wp-block-heading\"><strong>Skolresurs<\/strong><\/h2>\n\n\n\n<p>Vill ni g\u00f6ra experiment som inte \u00e4r m\u00f6jliga i skolans utrymmen? Boka tid f\u00f6r er klass och kom och bekanta er t.ex. med det nya LUMA-laboratoriet i Aurum. Vi skr\u00e4ddarsyr program f\u00f6r skolbes\u00f6k i samarbete med Fakulteten f\u00f6r naturvetenskaper och teknik vid \u00c5A (t.ex. \u00c5A-crime). Kontakta <a href=\"https:\/\/www.abo.fi\/centret-for-livslangt-larande\/skolresurs\/\">Skolresurs<\/a> f\u00f6r mer information (skolresurs(a)abo.fi).<\/p>\n\n\n\n<h2 class=\"wp-block-heading\"><strong>Helsingfors universitet vetenskapsfostran<\/strong><\/h2>\n\n\n\n<p>Vetenskapsklasserna fungerar som inspirerande och autentiska inl\u00e4rningsmilj\u00f6er f\u00f6r barn och ungdomar. Klasserna \u00e4r l\u00e4mpliga f\u00f6r m\u00e5nga aktiviteter som inte kan f\u00f6rverkligas i vanliga daghem, grundskolor, eller gymnasier. I samband med bes\u00f6ken kan man ocks\u00e5 f\u00e5 tr\u00e4ffa forskare och bekanta sig med den senaste forskningen. Vetenskapsklasserna ligger p\u00e5 Campus Gumt\u00e4kt.<strong><\/strong><\/p>\n\n\n\n<p><a href=\"https:\/\/www.helsinki.fi\/sv\/vetenskapsfostran\/larare-och-att-stodja-undervisningen\/besok-till-vetenskapsklasser\">Bes\u00f6k till vetenskapsklasser<\/a> (Helsinginfors eller p\u00e5 distans)<\/p>\n\n\n\n<ul class=\"wp-block-list\"><li>Vi bjuder bes\u00f6k p\u00e5 svenska i geografi, kemi och programmering<\/li><\/ul>\n\n\n\n<h2 class=\"wp-block-heading\"><strong>Aalto-universitetet Junior <\/strong><\/h2>\n\n\n\n<p>Vi st\u00f6djer undervisningen f\u00f6r l\u00e4rare inom naturvetenskap, matematik, teknologi och konst. Via oss g\u00e5r det att boka studiebes\u00f6k till Aalto-universitetet eller bjuda in en forskare till skolan f\u00f6r att h\u00e5lla en presentation om sitt eget arbete. Vi ordnar \u00e4ven workshops, utbildningar, f\u00f6rel\u00e4sningar, evenemang och \u00f6vriga tj\u00e4nster som ska underl\u00e4tta skolvardagen. Dessutom informerar vi om evenemang f\u00f6r vetenskaps- och konstfostran.<\/p>\n\n\n\n<p><a href=\"https:\/\/www.aalto.fi\/sv\/aalto-yliopisto-junior\/for-larare\">Boka ett studiebes\u00f6k till Aalto-universitet<\/a> (Esbo eller p\u00e5 distans)<\/p>\n\n\n\n<ul class=\"wp-block-list\"><li>Vi st\u00f6djer undervisningen f\u00f6r l\u00e4rare inom naturvetenskap, matematik, teknologi och konst.<\/li><\/ul>\n\n\n\n<h2 class=\"wp-block-heading\"><strong>LUMA-center&nbsp;Pohjanmaa&nbsp;<\/strong><\/h2>\n\n\n\n<p>Bes\u00f6k enligt \u00f6verenskommelse. Kontakta Skolresurs eller&nbsp;<a href=\"https:\/\/www.univaasa.fi\/fi\/koulutus\/luma\/opintokaynti\" target=\"_blank\" rel=\"noreferrer noopener\">LUMA-center Pohjanmaa<\/a>&nbsp;f\u00f6r mer information.&nbsp;<\/p>\n","protected":false},"excerpt":{"rendered":"<p>I vetenskapsklassrummen, vars syfte \u00e4r att fr\u00e4mja \u00e4ndam\u00e5lsenlig formell, icke&#8211;formell och informell vetenskapsfostran p\u00e5 tretton LUMA&#8211;center vid olika universitet i &#8230; <a title=\"LUMA-vetenskapklassrummen\" class=\"read-more\" href=\"https:\/\/www.myscience.fi\/sv\/luma-vetenskapklassrummen\/\" aria-label=\"L\u00e4s mer om LUMA-vetenskapklassrummen\">L\u00e4s mera&#8230;<\/a><\/p>\n","protected":false},"author":1,"featured_media":1073,"parent":0,"menu_order":0,"comment_status":"closed","ping_status":"closed","template":"","meta":{"generate_page_header":"","footnotes":""},"class_list":["post-1068","page","type-page","status-publish","has-post-thumbnail"],"yoast_head":"<!-- This site is optimized with the Yoast SEO plugin v25.9 - https:\/\/yoast.com\/wordpress\/plugins\/seo\/ -->\n<title>LUMA-vetenskapklassrummen - LUMA-center Finland<\/title>\n<meta name=\"robots\" content=\"index, follow, max-snippet:-1, max-image-preview:large, max-video-preview:-1\" \/>\n<link rel=\"canonical\" href=\"https:\/\/www.myscience.fi\/sv\/luma-vetenskapklassrummen\/\" \/>\n<meta property=\"og:locale\" content=\"sv_SE\" \/>\n<meta property=\"og:type\" content=\"article\" \/>\n<meta property=\"og:title\" content=\"LUMA-vetenskapklassrummen - LUMA-center Finland\" \/>\n<meta property=\"og:description\" content=\"I vetenskapsklassrummen, vars syfte \u00e4r att fr\u00e4mja \u00e4ndam\u00e5lsenlig formell, icke&#8211;formell och informell vetenskapsfostran p\u00e5 tretton LUMA&#8211;center vid olika universitet i ... L\u00e4s mera...\" \/>\n<meta property=\"og:url\" content=\"https:\/\/www.myscience.fi\/sv\/luma-vetenskapklassrummen\/\" \/>\n<meta property=\"og:site_name\" content=\"LUMA-center Finland\" \/>\n<meta property=\"article:modified_time\" content=\"2022-10-19T06:43:24+00:00\" \/>\n<meta property=\"og:image\" content=\"https:\/\/www.myscience.fi\/sv\/files\/2022\/08\/7979188634_0bfae2a048_o.jpg\" \/>\n\t<meta property=\"og:image:width\" content=\"1024\" \/>\n\t<meta property=\"og:image:height\" content=\"681\" \/>\n\t<meta property=\"og:image:type\" content=\"image\/jpeg\" \/>\n<meta name=\"twitter:card\" content=\"summary_large_image\" \/>\n<meta name=\"twitter:label1\" content=\"Ber\u00e4knad l\u00e4stid\" \/>\n\t<meta name=\"twitter:data1\" content=\"2 minuter\" \/>\n<script type=\"application\/ld+json\" class=\"yoast-schema-graph\">{\"@context\":\"https:\/\/schema.org\",\"@graph\":[{\"@type\":\"WebPage\",\"@id\":\"https:\/\/www.myscience.fi\/sv\/luma-vetenskapklassrummen\/\",\"url\":\"https:\/\/www.myscience.fi\/sv\/luma-vetenskapklassrummen\/\",\"name\":\"LUMA-vetenskapklassrummen - LUMA-center Finland\",\"isPartOf\":{\"@id\":\"https:\/\/www.myscience.fi\/sv\/#website\"},\"primaryImageOfPage\":{\"@id\":\"https:\/\/www.myscience.fi\/sv\/luma-vetenskapklassrummen\/#primaryimage\"},\"image\":{\"@id\":\"https:\/\/www.myscience.fi\/sv\/luma-vetenskapklassrummen\/#primaryimage\"},\"thumbnailUrl\":\"https:\/\/www.myscience.fi\/sv\/files\/2022\/08\/7979188634_0bfae2a048_o.jpg\",\"datePublished\":\"2022-08-11T11:13:20+00:00\",\"dateModified\":\"2022-10-19T06:43:24+00:00\",\"breadcrumb\":{\"@id\":\"https:\/\/www.myscience.fi\/sv\/luma-vetenskapklassrummen\/#breadcrumb\"},\"inLanguage\":\"sv-SE\",\"potentialAction\":[{\"@type\":\"ReadAction\",\"target\":[\"https:\/\/www.myscience.fi\/sv\/luma-vetenskapklassrummen\/\"]}]},{\"@type\":\"ImageObject\",\"inLanguage\":\"sv-SE\",\"@id\":\"https:\/\/www.myscience.fi\/sv\/luma-vetenskapklassrummen\/#primaryimage\",\"url\":\"https:\/\/www.myscience.fi\/sv\/files\/2022\/08\/7979188634_0bfae2a048_o.jpg\",\"contentUrl\":\"https:\/\/www.myscience.fi\/sv\/files\/2022\/08\/7979188634_0bfae2a048_o.jpg\",\"width\":1024,\"height\":681,\"caption\":\"Studerande i Kemiklassrummet Gadolin.\"},{\"@type\":\"BreadcrumbList\",\"@id\":\"https:\/\/www.myscience.fi\/sv\/luma-vetenskapklassrummen\/#breadcrumb\",\"itemListElement\":[{\"@type\":\"ListItem\",\"position\":1,\"name\":\"Etusivu\",\"item\":\"https:\/\/www.myscience.fi\/sv\/\"},{\"@type\":\"ListItem\",\"position\":2,\"name\":\"LUMA-vetenskapklassrummen\"}]},{\"@type\":\"WebSite\",\"@id\":\"https:\/\/www.myscience.fi\/sv\/#website\",\"url\":\"https:\/\/www.myscience.fi\/sv\/\",\"name\":\"LUMA-center Finland\",\"description\":\"Ett n\u00e4tverk av finska universitet f\u00f6r att fr\u00e4mja vetenskap- och teknikfostran\",\"publisher\":{\"@id\":\"https:\/\/www.myscience.fi\/sv\/#organization\"},\"potentialAction\":[{\"@type\":\"SearchAction\",\"target\":{\"@type\":\"EntryPoint\",\"urlTemplate\":\"https:\/\/www.myscience.fi\/sv\/?s={search_term_string}\"},\"query-input\":{\"@type\":\"PropertyValueSpecification\",\"valueRequired\":true,\"valueName\":\"search_term_string\"}}],\"inLanguage\":\"sv-SE\"},{\"@type\":\"Organization\",\"@id\":\"https:\/\/www.myscience.fi\/sv\/#organization\",\"name\":\"LUMA-center Finland\",\"url\":\"https:\/\/www.myscience.fi\/sv\/\",\"logo\":{\"@type\":\"ImageObject\",\"inLanguage\":\"sv-SE\",\"@id\":\"https:\/\/www.myscience.fi\/sv\/#\/schema\/logo\/image\/\",\"url\":\"https:\/\/www.myscience.fi\/sv\/files\/2022\/05\/luma_flower-multicolored_text-black-horizontal-sv.png\",\"contentUrl\":\"https:\/\/www.myscience.fi\/sv\/files\/2022\/05\/luma_flower-multicolored_text-black-horizontal-sv.png\",\"width\":1927,\"height\":557,\"caption\":\"LUMA-center Finland\"},\"image\":{\"@id\":\"https:\/\/www.myscience.fi\/sv\/#\/schema\/logo\/image\/\"}}]}<\/script>\n<!-- \/ Yoast SEO plugin. -->","yoast_head_json":{"title":"LUMA-vetenskapklassrummen - LUMA-center Finland","robots":{"index":"index","follow":"follow","max-snippet":"max-snippet:-1","max-image-preview":"max-image-preview:large","max-video-preview":"max-video-preview:-1"},"canonical":"https:\/\/www.myscience.fi\/sv\/luma-vetenskapklassrummen\/","og_locale":"sv_SE","og_type":"article","og_title":"LUMA-vetenskapklassrummen - LUMA-center Finland","og_description":"I vetenskapsklassrummen, vars syfte \u00e4r att fr\u00e4mja \u00e4ndam\u00e5lsenlig formell, icke&#8211;formell och informell vetenskapsfostran p\u00e5 tretton LUMA&#8211;center vid olika universitet i ... L\u00e4s mera...","og_url":"https:\/\/www.myscience.fi\/sv\/luma-vetenskapklassrummen\/","og_site_name":"LUMA-center Finland","article_modified_time":"2022-10-19T06:43:24+00:00","og_image":[{"width":1024,"height":681,"url":"https:\/\/www.myscience.fi\/sv\/files\/2022\/08\/7979188634_0bfae2a048_o.jpg","type":"image\/jpeg"}],"twitter_card":"summary_large_image","twitter_misc":{"Ber\u00e4knad l\u00e4stid":"2 minuter"},"schema":{"@context":"https:\/\/schema.org","@graph":[{"@type":"WebPage","@id":"https:\/\/www.myscience.fi\/sv\/luma-vetenskapklassrummen\/","url":"https:\/\/www.myscience.fi\/sv\/luma-vetenskapklassrummen\/","name":"LUMA-vetenskapklassrummen - LUMA-center Finland","isPartOf":{"@id":"https:\/\/www.myscience.fi\/sv\/#website"},"primaryImageOfPage":{"@id":"https:\/\/www.myscience.fi\/sv\/luma-vetenskapklassrummen\/#primaryimage"},"image":{"@id":"https:\/\/www.myscience.fi\/sv\/luma-vetenskapklassrummen\/#primaryimage"},"thumbnailUrl":"https:\/\/www.myscience.fi\/sv\/files\/2022\/08\/7979188634_0bfae2a048_o.jpg","datePublished":"2022-08-11T11:13:20+00:00","dateModified":"2022-10-19T06:43:24+00:00","breadcrumb":{"@id":"https:\/\/www.myscience.fi\/sv\/luma-vetenskapklassrummen\/#breadcrumb"},"inLanguage":"sv-SE","potentialAction":[{"@type":"ReadAction","target":["https:\/\/www.myscience.fi\/sv\/luma-vetenskapklassrummen\/"]}]},{"@type":"ImageObject","inLanguage":"sv-SE","@id":"https:\/\/www.myscience.fi\/sv\/luma-vetenskapklassrummen\/#primaryimage","url":"https:\/\/www.myscience.fi\/sv\/files\/2022\/08\/7979188634_0bfae2a048_o.jpg","contentUrl":"https:\/\/www.myscience.fi\/sv\/files\/2022\/08\/7979188634_0bfae2a048_o.jpg","width":1024,"height":681,"caption":"Studerande i Kemiklassrummet Gadolin."},{"@type":"BreadcrumbList","@id":"https:\/\/www.myscience.fi\/sv\/luma-vetenskapklassrummen\/#breadcrumb","itemListElement":[{"@type":"ListItem","position":1,"name":"Etusivu","item":"https:\/\/www.myscience.fi\/sv\/"},{"@type":"ListItem","position":2,"name":"LUMA-vetenskapklassrummen"}]},{"@type":"WebSite","@id":"https:\/\/www.myscience.fi\/sv\/#website","url":"https:\/\/www.myscience.fi\/sv\/","name":"LUMA-center Finland","description":"Ett n\u00e4tverk av finska universitet f\u00f6r att fr\u00e4mja vetenskap- och teknikfostran","publisher":{"@id":"https:\/\/www.myscience.fi\/sv\/#organization"},"potentialAction":[{"@type":"SearchAction","target":{"@type":"EntryPoint","urlTemplate":"https:\/\/www.myscience.fi\/sv\/?s={search_term_string}"},"query-input":{"@type":"PropertyValueSpecification","valueRequired":true,"valueName":"search_term_string"}}],"inLanguage":"sv-SE"},{"@type":"Organization","@id":"https:\/\/www.myscience.fi\/sv\/#organization","name":"LUMA-center Finland","url":"https:\/\/www.myscience.fi\/sv\/","logo":{"@type":"ImageObject","inLanguage":"sv-SE","@id":"https:\/\/www.myscience.fi\/sv\/#\/schema\/logo\/image\/","url":"https:\/\/www.myscience.fi\/sv\/files\/2022\/05\/luma_flower-multicolored_text-black-horizontal-sv.png","contentUrl":"https:\/\/www.myscience.fi\/sv\/files\/2022\/05\/luma_flower-multicolored_text-black-horizontal-sv.png","width":1927,"height":557,"caption":"LUMA-center Finland"},"image":{"@id":"https:\/\/www.myscience.fi\/sv\/#\/schema\/logo\/image\/"}}]}},"_links":{"self":[{"href":"https:\/\/www.myscience.fi\/sv\/wp-json\/wp\/v2\/pages\/1068","targetHints":{"allow":["GET"]}}],"collection":[{"href":"https:\/\/www.myscience.fi\/sv\/wp-json\/wp\/v2\/pages"}],"about":[{"href":"https:\/\/www.myscience.fi\/sv\/wp-json\/wp\/v2\/types\/page"}],"author":[{"embeddable":true,"href":"https:\/\/www.myscience.fi\/sv\/wp-json\/wp\/v2\/users\/1"}],"replies":[{"embeddable":true,"href":"https:\/\/www.myscience.fi\/sv\/wp-json\/wp\/v2\/comments?post=1068"}],"version-history":[{"count":7,"href":"https:\/\/www.myscience.fi\/sv\/wp-json\/wp\/v2\/pages\/1068\/revisions"}],"predecessor-version":[{"id":1134,"href":"https:\/\/www.myscience.fi\/sv\/wp-json\/wp\/v2\/pages\/1068\/revisions\/1134"}],"wp:featuredmedia":[{"embeddable":true,"href":"https:\/\/www.myscience.fi\/sv\/wp-json\/wp\/v2\/media\/1073"}],"wp:attachment":[{"href":"https:\/\/www.myscience.fi\/sv\/wp-json\/wp\/v2\/media?parent=1068"}],"curies":[{"name":"wp","href":"https:\/\/api.w.org\/{rel}","templated":true}]}}