{"id":1000,"date":"2022-05-25T12:54:41","date_gmt":"2022-05-25T09:54:41","guid":{"rendered":"https:\/\/www.myscience.fi\/sv\/?page_id=1000"},"modified":"2025-09-22T14:40:04","modified_gmt":"2025-09-22T11:40:04","slug":"science-on-stage","status":"publish","type":"page","link":"https:\/\/www.myscience.fi\/sv\/science-on-stage\/","title":{"rendered":"Science on stage-verksamheten i Finland"},"content":{"rendered":"\n<p><a href=\"https:\/\/www.myscience.fi\/science-on-stage\/\">Lue aiheesta suomeksi t\u00e4\u00e4lt\u00e4.<\/a><\/p>\n<p>Science on stage-festivalen \u00e4r Europas st\u00f6rsta utbildningsevenemang f\u00f6r alla som undervisar i matematik, omgivningsl\u00e4ra, naturvetenskaper och teknologi. Syftet med det internationella m\u00e4ssevenemanget \u00e4r att utbyta id\u00e9er, l\u00e4ra sig nya saker och l\u00e4ra k\u00e4nna internationella kollegor. Evenemanget gick senast av stapeln i \u00c5bo i Finland i augusti 2024. Du kan se bilder fr\u00e5n evenemanget&nbsp;<a href=\"https:\/\/www.science-on-stage.eu\/news\/sons2024-pictures\">via den h\u00e4r l\u00e4nken<\/a>.<\/p>\n<p>N\u00e4sta g\u00e5ng ordnas Science on stage-festivalen 28\u201331.5.2026 i Klaip\u0117da i Litauen. Klaip\u0117da \u00e4r den tredje st\u00f6rsta staden i Litauen och samtidigt den st\u00f6rsta kuststaden i landet. Temat f\u00f6r evenemanget \u00e5r 2026 \u00e4r&nbsp;<em>STEAM Education: Innovation meets creativity and responsibility<\/em>. LUMA-center Finland \u00e4r med i Science on Stage Finland-verksamheten, och d\u00e4rf\u00f6r \u00e4r det vi som tar emot ans\u00f6kningar och v\u00e4ljer ut de finl\u00e4ndska l\u00e4rare som f\u00e5r delta i evenemanget.<\/p>\n\n\n\n<h2>Delta med ditt eget projekt<\/h2>\n<p>Fr\u00e5n Finland \u00e4r det fyra projekt, som l\u00e4rare sj\u00e4lva planerat och genomf\u00f6rt, som v\u00e4ljs ut till festivalen Science on stage 2026. Projektet kan till exempel best\u00e5 av undervisningsmaterial, som l\u00e4raren sj\u00e4lv skapat, ett projektarbete som l\u00e4raren genomf\u00f6rt tillsammans med sina elever eller ett exempel p\u00e5 god undervisningspraxis, som till exempel olika samarbetsformer med kommunen. Syftet med evenemanget \u00e4r att de deltagande l\u00e4rarna ska bes\u00f6ka varandras montrar p\u00e5 m\u00e4ssan och f\u00e5 id\u00e9er f\u00f6r sin egen undervisning. Varje deltagare har en egen monter p\u00e5 m\u00e4ssan, d\u00e4r det egna projektet presenteras. Under rubriken&nbsp;<em>Projektteman 2024<\/em>&nbsp;kan du ta en n\u00e4rmare titt p\u00e5 projekten som ingick i evenemanget i \u00c5bo 2024. Kanske ni redan g\u00f6r n\u00e5gonting s\u00e5dant p\u00e5 er skola eller ert daghem, som ni kan presentera i er ans\u00f6kan?<\/p>\n<p>L\u00e4rare p\u00e5 alla utbildningsstadier fr\u00e5n sm\u00e5barnspedagogiken till den grundl\u00e4ggande utbildningen, gymnasie- och yrkesutbildningen och h\u00f6gskolorna \u00e4r v\u00e4lkomna att skicka in sin ans\u00f6kan. Ocks\u00e5 l\u00e4rarstuderande kan ans\u00f6ka om att f\u00e5 delta med ett projekt som anknyter till deras studier.<\/p>\n<p>Eftersom det \u00e4r bara fyra projekt som vi kan skicka till festivalen i Litauen ordnar vi ocks\u00e5 ett motsvarande evenemang i mindre skala i Finland i anslutning till LUMA-dagarna 2026. Alla som ans\u00f6ker om att f\u00e5 delta i evenemanget i Litauen f\u00e5r m\u00f6jlighet att delta avgiftsfritt i LUMA-dagarna 2026 och att presentera sitt eget projekt i en egen monter p\u00e5 svenska, finska eller samiska. Det \u00e4r frivilligt f\u00f6r de s\u00f6kande att delta i LUMA-dagarna.<\/p>\n<p><strong>Ans\u00f6kningsperioden \u00e4r 1.3\u201331.10.2025.<\/strong>&nbsp;Projektet beh\u00f6ver inte ha genomf\u00f6rts f\u00f6re 31.10. Det r\u00e4cker med att det finns en projektplan och att projektet har b\u00f6rjat genomf\u00f6ras. Du har med andra ord gott om tid att ta fram en projektplan i v\u00e5r eller i h\u00f6st. Kom ih\u00e5g att ta foton eller videor av projektet medan du genomf\u00f6r det. Det \u00e4r trevligt att ha bilder med i montern p\u00e5 m\u00e4ssan!<\/p>\n\n\n\n<div class=\"wp-block-buttons is-layout-flex wp-block-buttons-is-layout-flex\">\n<div class=\"wp-block-button\"><a class=\"wp-block-button__link has-accent-background-color has-background wp-element-button\" href=\"https:\/\/www.lyyti.fi\/reg\/Haku_LUMApaiville_ja_Science_on_Stage_festivaaleille_2026_0023\/\" style=\"border-radius:100px\">Fyll i den h\u00e4r blanketten f\u00f6r att skicka in din ans\u00f6kan<\/a><\/div>\n<\/div>\n\n\n\n<h2>Utv\u00e4rdering av projektarbeten<\/h2>\n<p>Varje projektarbete som skickats in med ans\u00f6kningsblanketten utv\u00e4rderas noggrant. Fyra av projektarbetena utses till Finlands representanter p\u00e5 n\u00e4sta Science on stage-festival i Litauen. Projektarbeten utv\u00e4rderas av Science on stage Finland med representanter f\u00f6r LUMA-center Finland och Utbildningsstyrelsen samt l\u00e4rare fr\u00e5n olika utbildningsstadier. Utv\u00e4rderingskriterierna \u00e4r f\u00f6ljande:<\/p>\n<ul>\n<li>Projektet ska ha utformats i enlighet med evenemangets motto \u2013 av l\u00e4rare f\u00f6r l\u00e4rare \u2013 och anknyta till undervisningen i naturvetenskaper och matematik.<\/li>\n<li>Projektet ska fr\u00e4mja unders\u00f6kande l\u00e4rande och h\u00e5llbar utveckling.<\/li>\n<li>Projektet \u00e4r l\u00e4tt att genomf\u00f6ra ocks\u00e5 p\u00e5 andra skolor eller daghem. Materialet och utrustningen som projektet f\u00f6ruts\u00e4tter ska till exempel inte f\u00e5 kosta f\u00f6r mycket.<\/li>\n<li>Projektet passar in i en av f\u00f6ljande kategorier: undervisning i naturvetenskaper och matematik f\u00f6r under 10 \u00e5r gamla barn, h\u00e5llbar utveckling, artificiell intelligens, elevhandledning och yrken med koppling till naturvetenskaper och matematik, m\u00e5ngfald och likabehandling (projektet kan till exempel f\u00f6ra samman elever med olika bakgrund eller \u00e5lder), sj\u00e4lvstyrt l\u00e4rande, undervisning i naturvetenskaper och matematik med en mindre budget, projekt som skapats av l\u00e4rarstuderande eller nyutexaminerade l\u00e4rare.<\/li>\n<\/ul>\n<p>I urvalsprocessen tar vi h\u00e4nsyn till m\u00e5ngfalden bland projekten, som v\u00e4ljs ut till evenemanget, och delegationsmedlemmarna. Vi str\u00e4var allts\u00e5 efter att v\u00e4lja ut s\u00e5dana projekt som representerar undervisningen p\u00e5 olika utbildningsstadier, behandlar olika teman och kommer fr\u00e5n olika h\u00e5ll i Finland.<\/p>\n<p>Projektarbetena som skickats in med ans\u00f6kningsblanketten utv\u00e4rderas under perioden 3\u20137.11.2025, och de s\u00f6kande vars projektarbeten valts ut f\u00f6r evenemanget informeras om resultaten genast 7.11. Dessa s\u00f6kande har fram till 13.11 p\u00e5 sig att ta emot platsen p\u00e5 festivalen. Sena ans\u00f6kningar beaktas inte i utv\u00e4rderingen, men vi v\u00e4lkomnar dem hj\u00e4rtligast till LUMA-dagarna 2026.<\/p>\n\n\n\n<h2>Vad h\u00e4nder om mitt projekt blir utvalt i utv\u00e4rderingsprocessen?<\/h2>\n<p>LUMA-center Finland bekostar resekostnaderna f\u00f6r en person per projekt. Resekostnaderna innefattar resorna till och fr\u00e5n Litauen, boendet under evenemanget och luncherna. Om det \u00e4r flera l\u00e4rare som vill delta fr\u00e5n er skola eller ert daghem rekommenderar vi att ni ans\u00f6ker om reseunderst\u00f6d fr\u00e5n till exempel f\u00f6ljande instanser:<\/p>\n<ul>\n<li>Egen skola eller kommun. Evenemanget \u00e4r ett internationellt fortbildningsseminarium f\u00f6r alla som intresserar sig f\u00f6r undervisningen i naturvetenskaper och matematik.<\/li>\n<li><a href=\"https:\/\/okka-saatio.com\/\">OKKA-stiftelsen<\/a><\/li>\n<li><a href=\"https:\/\/magnusehrnroothinsaatio.fi\/\">Magnus Ehrnrooths stiftelse<\/a><\/li>\n<\/ul>\n<p>Ber\u00e4knade resekostnader: deltagaravgiften 600 euro t\u00e4cker boendet och luncherna i samband med evenemanget. D\u00e4rut\u00f6ver \u00e4r det bra att budgetera minst 400 euro f\u00f6r resorna tur-retur.<\/p>\n\n\n\n<h2>Science on stage-festivalen i \u00c5bo 2024<\/h2>\n<p>\u00c5r 2024 ordnades Science on stage-festivalen i \u00c5bo i samband med de nationella LUMA-dagarna. Temat f\u00f6r festivalen 2024&nbsp;var <em>sustainability in STEM education<\/em>. Ta en n\u00e4rmare titt p\u00e5 evenemanget med hj\u00e4lp av videoklippen, bilderna och projektinl\u00e4ggen nedan.<\/p>\n<h3>Videoklipp fr\u00e5n evenemanget<\/h3>\n<ul>\n<li><a href=\"https:\/\/www.youtube.com\/live\/y3FS-Lrey08?si=WXSu7hnsPfLSizOf\">Invigning av Science on stage-festivalen 12.8<\/a><\/li>\n<li><a href=\"https:\/\/www.youtube.com\/live\/EjHNTuFVKS8?si=brKIQyTcgCVznHqL\">Keynote-f\u00f6rel\u00e4sning 13.8<\/a><\/li>\n<li><a href=\"https:\/\/www.youtube.com\/live\/0dxAT8-lGYA?si=KTFCIK9sZJzQY2bT\">Keynote-f\u00f6rel\u00e4sning 14.8<\/a><\/li>\n<li><a href=\"https:\/\/www.youtube.com\/watch?v=eyjA9m9svUE\">Keynote-f\u00f6rel\u00e4sning 15.8<\/a><\/li>\n<li><a href=\"https:\/\/www.youtube.com\/live\/nLaB3FYXdbE?si=_yHB5QyaKObWn4Uw\">Prisutdelning p\u00e5 Science on stage-festivalen 15.8<\/a><\/li>\n<li><a href=\"https:\/\/www.science-on-stage.eu\/news\/sons2024-pictures\">Bilder fr\u00e5n evenemanget<\/a><\/li>\n<\/ul>\n<h3>Deltagare<\/h3>\n<p>Sammanlagt ungef\u00e4r&nbsp;750 deltagare var med p\u00e5 festivalen p\u00e5 ort och st\u00e4lle.&nbsp;<\/p>\n<h3>Medier<\/h3>\n<ul>\n<li><a href=\"https:\/\/abounderrattelser.fi\/over-700-larare-pa-internationell-festival-i-abo-den-har-veckan-matte-teknik-och-naturvetenskaper-i-fokus\/\">\u00c5bo Underr\u00e4ttelser 12.08.2024 \u2013 \u00d6ver 700 l\u00e4rare samlas p\u00e5 internationellt evenemang i \u00c5bo den h\u00e4r veckan<\/a><\/li>\n<li><a href=\"https:\/\/www.instagram.com\/p\/C_BQUfxNRTX\/?utm_source=ig_web_copy_link&amp;igsh=MzRlODBiNWFlZA==\">L\u00e4nsi Saimaan Sanomien artikkeli \u2013 Taipalsaarelaisopettajat palkittiin elokuussa Turussa (Kirsi Rehusen instagram -julkaisu)<\/a><\/li>\n<li><a href=\"https:\/\/www.kemiamedia.fi\/science-on-stage-luma-paivat-tuo-suomeen-opettajien-kansainvalisen-suurtapahtuman\/\">Science on Stage \u2013 Luma-p\u00e4iv\u00e4t tuo Suomeen opettajien kansainv\u00e4lisen suurtapahtuman (Kemiamedia)<\/a><\/li>\n<li><a href=\"https:\/\/youtu.be\/M9HGjqp2lOY\">Kort dokument\u00e4rfilm p\u00e5 italienska om festivalen i \u00c5bo<\/a><\/li>\n<li>Ut\u00f6ver finl\u00e4ndska artiklar uppm\u00e4rksammades festivalen i internationella medier i sammanlagt 144 inl\u00e4gg p\u00e5 olika spr\u00e5k. Ett sammandrag av dessa kan best\u00e4llas per e-post p\u00e5 adressen luma-keskus(a))helsinki.fi.<\/li>\n<\/ul>\n<h3>Projektteman 2024<\/h3>\n<p>H\u00e4r har vi sammanst\u00e4llt en lista \u00f6ver projektplanscher fr\u00e5n evenemanget. Alla projekt tog fasta p\u00e5 en unders\u00f6kande undervisning i naturvetenskaper, matematik, teknologi och omgivningsl\u00e4ra.<\/p>\n<ul>\n<li><a href=\"https:\/\/www.sons2024.eu\/stem-for-the-youngest\/\"><strong>\u00c5k. 1\u20136 och sm\u00e5barnspedagogik<\/strong><\/a>Projekten fr\u00e4mjar undervisningen i naturvetenskaper och matematik i \u00e5rskurserna 1\u20136 och i sm\u00e5barnspedagogiken, med 5\u201312-\u00e5ringar som s\u00e4rskild m\u00e5lgrupp.<\/li>\n<li><a href=\"https:\/\/www.sons2024.eu\/stem-education-for-sustainable-development\/\"><strong>H\u00e5llbar utveckling<\/strong><\/a>Syftet med projekten \u00e4r att fr\u00e4mja arbetet f\u00f6r att uppn\u00e5 h\u00e5llbarhetsm\u00e5len.<\/li>\n<li><a href=\"https:\/\/www.sons2024.eu\/digital-technologies-in-stem-education\/\"><strong>Digitalisering<\/strong><\/a>Projekten anknyter till exempel till programmering, digital undervisning, IT, artificiell intelligens, virtuell verklighet och hantering av stora datam\u00e4ngder.<\/li>\n<li><a href=\"https:\/\/www.sons2024.eu\/diversity-in-stem-teaching\/\"><strong>M\u00e5ngfald<\/strong><\/a>Projekten \u00e5terspeglar m\u00e5ngfalden i v\u00e5rt samh\u00e4lle. Till exempel undervisningsmetoder som f\u00f6r ihop elever med olika bakgrund eller \u00e5lder.<\/li>\n<li><a href=\"https:\/\/www.sons2024.eu\/steam-in-education\/\"><strong>Helhetsskapande undervisning<\/strong><\/a>Projekteten kombinerar naturvetenskaper och matematik med andra \u00e4mnen, s\u00e5som konst, musik, gymnastik eller historia.<\/li>\n<li><a href=\"https:\/\/www.sons2024.eu\/low-cost-experiments-in-stem-education\/\"><strong>LUMA-undervisning med en mindre budget<\/strong><\/a>Projekt som kan genomf\u00f6ras utan h\u00f6ga kostnader.<\/li>\n<li><a href=\"https:\/\/www.sons2024.eu\/joint-projects\/\"><strong>Science on stage-samarbetsprojekt<\/strong><\/a>Projekten har genomf\u00f6rts i form av l\u00e4rarsamarbete som en del av Science on stage joint projects-projektet.<\/li>\n<\/ul>\n<p>Undrar du \u00f6ver n\u00e5got? Kontakta oss via e-post p\u00e5 adressen luma-keskus((at))helsinki.fi.<\/p>\n\n\n\n\n","protected":false},"excerpt":{"rendered":"<p>Lue aiheesta suomeksi t\u00e4\u00e4lt\u00e4. Science on stage-festivalen \u00e4r Europas st\u00f6rsta utbildningsevenemang f\u00f6r alla som undervisar i matematik, omgivningsl\u00e4ra, naturvetenskaper och &#8230; <a title=\"Science on stage-verksamheten i Finland\" class=\"read-more\" href=\"https:\/\/www.myscience.fi\/sv\/science-on-stage\/\" aria-label=\"L\u00e4s mer om Science on stage-verksamheten i Finland\">L\u00e4s mera&#8230;<\/a><\/p>\n","protected":false},"author":1,"featured_media":1861,"parent":0,"menu_order":0,"comment_status":"closed","ping_status":"closed","template":"","meta":{"generate_page_header":"","footnotes":""},"class_list":["post-1000","page","type-page","status-publish","has-post-thumbnail"],"yoast_head":"<!-- This site is optimized with the Yoast SEO plugin v25.9 - https:\/\/yoast.com\/wordpress\/plugins\/seo\/ -->\n<title>Science on stage-verksamheten i Finland - LUMA-center Finland<\/title>\n<meta name=\"robots\" content=\"index, follow, max-snippet:-1, max-image-preview:large, max-video-preview:-1\" \/>\n<link rel=\"canonical\" href=\"https:\/\/www.myscience.fi\/sv\/science-on-stage\/\" \/>\n<meta property=\"og:locale\" content=\"sv_SE\" \/>\n<meta property=\"og:type\" content=\"article\" \/>\n<meta property=\"og:title\" content=\"Science on stage-verksamheten i Finland - LUMA-center Finland\" \/>\n<meta property=\"og:description\" content=\"Lue aiheesta suomeksi t\u00e4\u00e4lt\u00e4. Science on stage-festivalen \u00e4r Europas st\u00f6rsta utbildningsevenemang f\u00f6r alla som undervisar i matematik, omgivningsl\u00e4ra, naturvetenskaper och ... L\u00e4s mera...\" \/>\n<meta property=\"og:url\" content=\"https:\/\/www.myscience.fi\/sv\/science-on-stage\/\" \/>\n<meta property=\"og:site_name\" content=\"LUMA-center Finland\" \/>\n<meta property=\"article:modified_time\" content=\"2025-09-22T11:40:04+00:00\" \/>\n<meta property=\"og:image\" content=\"https:\/\/www.myscience.fi\/sv\/files\/2025\/03\/sons_2026_banneri.png\" \/>\n\t<meta property=\"og:image:width\" content=\"1153\" \/>\n\t<meta property=\"og:image:height\" content=\"645\" \/>\n\t<meta property=\"og:image:type\" content=\"image\/png\" \/>\n<meta name=\"twitter:card\" content=\"summary_large_image\" \/>\n<meta name=\"twitter:label1\" content=\"Ber\u00e4knad l\u00e4stid\" \/>\n\t<meta name=\"twitter:data1\" content=\"6 minuter\" \/>\n<script type=\"application\/ld+json\" class=\"yoast-schema-graph\">{\"@context\":\"https:\/\/schema.org\",\"@graph\":[{\"@type\":\"WebPage\",\"@id\":\"https:\/\/www.myscience.fi\/sv\/science-on-stage\/\",\"url\":\"https:\/\/www.myscience.fi\/sv\/science-on-stage\/\",\"name\":\"Science on stage-verksamheten i Finland - LUMA-center Finland\",\"isPartOf\":{\"@id\":\"https:\/\/www.myscience.fi\/sv\/#website\"},\"primaryImageOfPage\":{\"@id\":\"https:\/\/www.myscience.fi\/sv\/science-on-stage\/#primaryimage\"},\"image\":{\"@id\":\"https:\/\/www.myscience.fi\/sv\/science-on-stage\/#primaryimage\"},\"thumbnailUrl\":\"https:\/\/www.myscience.fi\/sv\/files\/2025\/03\/sons_2026_banneri.png\",\"datePublished\":\"2022-05-25T09:54:41+00:00\",\"dateModified\":\"2025-09-22T11:40:04+00:00\",\"breadcrumb\":{\"@id\":\"https:\/\/www.myscience.fi\/sv\/science-on-stage\/#breadcrumb\"},\"inLanguage\":\"sv-SE\",\"potentialAction\":[{\"@type\":\"ReadAction\",\"target\":[\"https:\/\/www.myscience.fi\/sv\/science-on-stage\/\"]}]},{\"@type\":\"ImageObject\",\"inLanguage\":\"sv-SE\",\"@id\":\"https:\/\/www.myscience.fi\/sv\/science-on-stage\/#primaryimage\",\"url\":\"https:\/\/www.myscience.fi\/sv\/files\/2025\/03\/sons_2026_banneri.png\",\"contentUrl\":\"https:\/\/www.myscience.fi\/sv\/files\/2025\/03\/sons_2026_banneri.png\",\"width\":1153,\"height\":645},{\"@type\":\"BreadcrumbList\",\"@id\":\"https:\/\/www.myscience.fi\/sv\/science-on-stage\/#breadcrumb\",\"itemListElement\":[{\"@type\":\"ListItem\",\"position\":1,\"name\":\"Etusivu\",\"item\":\"https:\/\/www.myscience.fi\/sv\/\"},{\"@type\":\"ListItem\",\"position\":2,\"name\":\"Science on stage-verksamheten i Finland\"}]},{\"@type\":\"WebSite\",\"@id\":\"https:\/\/www.myscience.fi\/sv\/#website\",\"url\":\"https:\/\/www.myscience.fi\/sv\/\",\"name\":\"LUMA-center Finland\",\"description\":\"Ett n\u00e4tverk av finska universitet f\u00f6r att fr\u00e4mja vetenskap- och teknikfostran\",\"publisher\":{\"@id\":\"https:\/\/www.myscience.fi\/sv\/#organization\"},\"potentialAction\":[{\"@type\":\"SearchAction\",\"target\":{\"@type\":\"EntryPoint\",\"urlTemplate\":\"https:\/\/www.myscience.fi\/sv\/?s={search_term_string}\"},\"query-input\":{\"@type\":\"PropertyValueSpecification\",\"valueRequired\":true,\"valueName\":\"search_term_string\"}}],\"inLanguage\":\"sv-SE\"},{\"@type\":\"Organization\",\"@id\":\"https:\/\/www.myscience.fi\/sv\/#organization\",\"name\":\"LUMA-center Finland\",\"url\":\"https:\/\/www.myscience.fi\/sv\/\",\"logo\":{\"@type\":\"ImageObject\",\"inLanguage\":\"sv-SE\",\"@id\":\"https:\/\/www.myscience.fi\/sv\/#\/schema\/logo\/image\/\",\"url\":\"https:\/\/www.myscience.fi\/sv\/files\/2022\/05\/luma_flower-multicolored_text-black-horizontal-sv.png\",\"contentUrl\":\"https:\/\/www.myscience.fi\/sv\/files\/2022\/05\/luma_flower-multicolored_text-black-horizontal-sv.png\",\"width\":1927,\"height\":557,\"caption\":\"LUMA-center Finland\"},\"image\":{\"@id\":\"https:\/\/www.myscience.fi\/sv\/#\/schema\/logo\/image\/\"}}]}<\/script>\n<!-- \/ Yoast SEO plugin. -->","yoast_head_json":{"title":"Science on stage-verksamheten i Finland - LUMA-center Finland","robots":{"index":"index","follow":"follow","max-snippet":"max-snippet:-1","max-image-preview":"max-image-preview:large","max-video-preview":"max-video-preview:-1"},"canonical":"https:\/\/www.myscience.fi\/sv\/science-on-stage\/","og_locale":"sv_SE","og_type":"article","og_title":"Science on stage-verksamheten i Finland - LUMA-center Finland","og_description":"Lue aiheesta suomeksi t\u00e4\u00e4lt\u00e4. Science on stage-festivalen \u00e4r Europas st\u00f6rsta utbildningsevenemang f\u00f6r alla som undervisar i matematik, omgivningsl\u00e4ra, naturvetenskaper och ... L\u00e4s mera...","og_url":"https:\/\/www.myscience.fi\/sv\/science-on-stage\/","og_site_name":"LUMA-center Finland","article_modified_time":"2025-09-22T11:40:04+00:00","og_image":[{"width":1153,"height":645,"url":"https:\/\/www.myscience.fi\/sv\/files\/2025\/03\/sons_2026_banneri.png","type":"image\/png"}],"twitter_card":"summary_large_image","twitter_misc":{"Ber\u00e4knad l\u00e4stid":"6 minuter"},"schema":{"@context":"https:\/\/schema.org","@graph":[{"@type":"WebPage","@id":"https:\/\/www.myscience.fi\/sv\/science-on-stage\/","url":"https:\/\/www.myscience.fi\/sv\/science-on-stage\/","name":"Science on stage-verksamheten i Finland - LUMA-center Finland","isPartOf":{"@id":"https:\/\/www.myscience.fi\/sv\/#website"},"primaryImageOfPage":{"@id":"https:\/\/www.myscience.fi\/sv\/science-on-stage\/#primaryimage"},"image":{"@id":"https:\/\/www.myscience.fi\/sv\/science-on-stage\/#primaryimage"},"thumbnailUrl":"https:\/\/www.myscience.fi\/sv\/files\/2025\/03\/sons_2026_banneri.png","datePublished":"2022-05-25T09:54:41+00:00","dateModified":"2025-09-22T11:40:04+00:00","breadcrumb":{"@id":"https:\/\/www.myscience.fi\/sv\/science-on-stage\/#breadcrumb"},"inLanguage":"sv-SE","potentialAction":[{"@type":"ReadAction","target":["https:\/\/www.myscience.fi\/sv\/science-on-stage\/"]}]},{"@type":"ImageObject","inLanguage":"sv-SE","@id":"https:\/\/www.myscience.fi\/sv\/science-on-stage\/#primaryimage","url":"https:\/\/www.myscience.fi\/sv\/files\/2025\/03\/sons_2026_banneri.png","contentUrl":"https:\/\/www.myscience.fi\/sv\/files\/2025\/03\/sons_2026_banneri.png","width":1153,"height":645},{"@type":"BreadcrumbList","@id":"https:\/\/www.myscience.fi\/sv\/science-on-stage\/#breadcrumb","itemListElement":[{"@type":"ListItem","position":1,"name":"Etusivu","item":"https:\/\/www.myscience.fi\/sv\/"},{"@type":"ListItem","position":2,"name":"Science on stage-verksamheten i Finland"}]},{"@type":"WebSite","@id":"https:\/\/www.myscience.fi\/sv\/#website","url":"https:\/\/www.myscience.fi\/sv\/","name":"LUMA-center Finland","description":"Ett n\u00e4tverk av finska universitet f\u00f6r att fr\u00e4mja vetenskap- och teknikfostran","publisher":{"@id":"https:\/\/www.myscience.fi\/sv\/#organization"},"potentialAction":[{"@type":"SearchAction","target":{"@type":"EntryPoint","urlTemplate":"https:\/\/www.myscience.fi\/sv\/?s={search_term_string}"},"query-input":{"@type":"PropertyValueSpecification","valueRequired":true,"valueName":"search_term_string"}}],"inLanguage":"sv-SE"},{"@type":"Organization","@id":"https:\/\/www.myscience.fi\/sv\/#organization","name":"LUMA-center Finland","url":"https:\/\/www.myscience.fi\/sv\/","logo":{"@type":"ImageObject","inLanguage":"sv-SE","@id":"https:\/\/www.myscience.fi\/sv\/#\/schema\/logo\/image\/","url":"https:\/\/www.myscience.fi\/sv\/files\/2022\/05\/luma_flower-multicolored_text-black-horizontal-sv.png","contentUrl":"https:\/\/www.myscience.fi\/sv\/files\/2022\/05\/luma_flower-multicolored_text-black-horizontal-sv.png","width":1927,"height":557,"caption":"LUMA-center Finland"},"image":{"@id":"https:\/\/www.myscience.fi\/sv\/#\/schema\/logo\/image\/"}}]}},"_links":{"self":[{"href":"https:\/\/www.myscience.fi\/sv\/wp-json\/wp\/v2\/pages\/1000","targetHints":{"allow":["GET"]}}],"collection":[{"href":"https:\/\/www.myscience.fi\/sv\/wp-json\/wp\/v2\/pages"}],"about":[{"href":"https:\/\/www.myscience.fi\/sv\/wp-json\/wp\/v2\/types\/page"}],"author":[{"embeddable":true,"href":"https:\/\/www.myscience.fi\/sv\/wp-json\/wp\/v2\/users\/1"}],"replies":[{"embeddable":true,"href":"https:\/\/www.myscience.fi\/sv\/wp-json\/wp\/v2\/comments?post=1000"}],"version-history":[{"count":32,"href":"https:\/\/www.myscience.fi\/sv\/wp-json\/wp\/v2\/pages\/1000\/revisions"}],"predecessor-version":[{"id":1909,"href":"https:\/\/www.myscience.fi\/sv\/wp-json\/wp\/v2\/pages\/1000\/revisions\/1909"}],"wp:featuredmedia":[{"embeddable":true,"href":"https:\/\/www.myscience.fi\/sv\/wp-json\/wp\/v2\/media\/1861"}],"wp:attachment":[{"href":"https:\/\/www.myscience.fi\/sv\/wp-json\/wp\/v2\/media?parent=1000"}],"curies":[{"name":"wp","href":"https:\/\/api.w.org\/{rel}","templated":true}]}}