{"id":1976,"date":"2021-02-22T09:46:44","date_gmt":"2021-02-22T07:46:44","guid":{"rendered":"https:\/\/www.myscience.fi\/en\/?page_id=1976"},"modified":"2025-06-02T16:41:58","modified_gmt":"2025-06-02T13:41:58","slug":"lumat-symposium","status":"publish","type":"page","link":"https:\/\/www.myscience.fi\/en\/lumat-symposium\/","title":{"rendered":"LUMAT Research Symposium"},"content":{"rendered":"\n<p>The 15<sup>th<\/sup>\u00a0annual\u00a0LUMAT Research Symposium 2025 was held online on Friday, May 23rd, from 1 pm to 4.30 pm (EEST UTC+03:00). The event was free of charge, and the symposium&#8217;s language was English. The symposium program consisted of presentations on the latest mathematics, science, and technology education research.<\/p>\n\n\n\n<p>The theme of this year&#8217;s symposium was Promoting STE(A)M learning through non-formal education.<\/p>\n\n\n\n<p>Every year, the symposium is open to scholars worldwide. The main target groups are STE(A)M teachers at different levels, researchers, teacher-educators, and teacher students. Warm welcome! <\/p>\n\n\n\n<div class=\"wp-block-buttons is-layout-flex wp-block-buttons-is-layout-flex\">\n<div class=\"wp-block-button is-style-fill\"><a class=\"wp-block-button__link has-accent-background-color has-background wp-element-button\" href=\"https:\/\/journals.helsinki.fi\/lumatb\/issue\/view\/202\" style=\"border-radius:100px\">Abstracts and virtual posters on LUMAT-journal<\/a><\/div>\n<\/div>\n\n\n<div class=\"wp-block-image\">\n<figure class=\"alignright size-large is-resized\"><img loading=\"lazy\" decoding=\"async\" width=\"819\" height=\"1024\" src=\"https:\/\/www.myscience.fi\/en\/files\/2025\/04\/LUMAT-Research-Symposium-2025-3-819x1024.png\" alt=\"\" class=\"wp-image-3330\" style=\"width:376px;height:auto\" srcset=\"https:\/\/www.myscience.fi\/en\/files\/2025\/04\/LUMAT-Research-Symposium-2025-3-819x1024.png 819w, https:\/\/www.myscience.fi\/en\/files\/2025\/04\/LUMAT-Research-Symposium-2025-3-240x300.png 240w, https:\/\/www.myscience.fi\/en\/files\/2025\/04\/LUMAT-Research-Symposium-2025-3-768x960.png 768w, https:\/\/www.myscience.fi\/en\/files\/2025\/04\/LUMAT-Research-Symposium-2025-3.png 1080w\" sizes=\"auto, (max-width: 819px) 100vw, 819px\" \/><\/figure><\/div>\n\n\n<p><a href=\"https:\/\/www.myscience.fi\/en\/news\/2025\/05\/21\/highlights-from-the-15th-lumat-research-symposium-promoting-steam-learning-through-non-formal-education\/\">Read more about the highlights of the Symposium.<\/a><\/p>\n<h2 style=\"text-align: left\">Program for LUMAT Symposium 2025<\/h2>\n<p>Chair: Professor Maija Aksela, University of Helsinki, LUMAT Science Research Forum. This is a farewell symposium for Professor Aksela as the Director of LUMAT Science Research Forum. She built the LUMAT Symposium 15 years ago. <a href=\"https:\/\/www.myscience.fi\/en\/news\/2025\/02\/10\/the-worlds-first-luma-science-ambassador-recognition-for-prof-maija-aksela-for-her-pioneering-work\/\">Read more here<\/a>.<\/p>\n<p>All times are Eastern European Summer Time (EEST) UTC+03:00.<\/p>\n<h3>Friday, 23rd of May<\/h3>\n<p>13.00\u201313.10<br><strong>Opening words<\/strong><br>Maija Aksela <br>University of Helsinki, Finland<br><br>13.10\u201313.30<br><strong>Threads and Strings: Interweaving Bhutanese traditional music, textiles and<\/strong><br><strong>STEM<\/strong><br>Som Gurung, Tshering Dorji, Johan Westman, Tashi Wangmo and Thinley Phuntsho<br>Paro college of educaion (HEDPC and STEM), Bhutan <br><br>13.30\u201313.50<br><strong>A Case Study of Integrating Non-formal Learning for Developing Teaching<\/strong><br><strong>Resources for Sustainability During a Science Teacher Education Course<\/strong><br>Safwatun Nida<br>Universitas Negeri Malang, Indonesia<\/p>\n<p>13.50\u201314.10<br><strong>Development of a Regional STEM Education Ecosystem in the Lower Mekong<\/strong><br><strong>Basin: A Case Study of the Faculty of Science, Nakhon Phanom University, Thailand<\/strong><br>Wuttichai Gunnula, Patchalai Anuchaiwong, Wissarut Srivarom, Pharit Kamsri, Natchanun Painetr and Cherdchai Phosri<br>Faculty of Science, Nakhon Phanom University, Thailand<br><br>14.10\u201314.25 Break<br><br>14.25\u201314.45<br><strong>Engaging learners in non-formal Science Technology Engineering and<\/strong><br><strong>Mathematics education: ESKOM EXPO for Young Scientists<\/strong><br>Nalini Dookie and Angela James<br>University of KwaZulu-Natal, South Africa<br><br>14.45\u201315.05<br><strong>Integrative Educational Projects and Teacher Practice: An Analytic Study<\/strong><br>Suraya Ayyad, Eman Zaitoun, Samar Nazzal, and Asma Zaitoun<br>Innovation for Creativity Development Association (ICDA), Jordan<\/p>\n<p>15.05\u201315.25<br><strong>Engaging Science Learners at Disadvantaged schools in South Africa in the<\/strong><br><strong>Use of Culturally-Anchored Virtual Reality Simulations for Inquiry-based Learning<\/strong><br>Umesh Ramnarain, Mafor Penn and Noluthando Mdlalose<br>University of Johannesburg, South Africa<\/p>\n<p>15.25\u201315.40 Break<\/p>\n<p>15.40\u201316.00<br><strong>Computational Drug Design in Problem-Based Learning: A Pedagogical<\/strong><br><strong>Experience in Pre-Service Chemistry Teachers<\/strong><br>Jorge Rodr\u00edguez-Becerra <br>Universidad Tecnol\u00f3gica Metropolitana, Escuela de Postgrado, Santiago, Chile. Jos\u00e9 Hern\u00e1ndez-Ramos Centro de Investigaci\u00f3n Avanzada en Educaci\u00f3n, Instituto de Educaci\u00f3n, Universidad de Chile, Periodista Jos\u00e9, Santiago, Chile. <br>Lizethly C\u00e1ceres-Jensen and Sof\u00eda Druker Ib\u00e1\u00f1ez <br>Universidad Metropolitana de Ciencias de la Educaci\u00f3n, Departamento de Qu\u00edmica; Physical &amp; Analytical Chemistry Laboratory (PachemLab), Facultad de Ciencias B\u00e1sicas, Santiago, Chile.<\/p>\n<p>16.00\u201316.20<br><strong>Co-designing Science Clubs for Non-formal STE(A)M Learning Environments<\/strong><br><strong>through Design-based Research<\/strong><br>Maija Aksela and Outi Haatainen<br>LUMAlab Gadolin, University of Helsinki, Finland <br><br>16.20\u201316.30<br><strong>Closing words<\/strong><br>Maija Aksela<br>University of Helsinki, Finland<\/p>\n\n\n\n<hr class=\"wp-block-separator has-alpha-channel-opacity\" \/>\n\n\n\n<p>Organizing committee:<\/p>\n<ul>\n<li>Professor Maija Aksela; Chair, program &amp; invited speeches, Director of LUMAT Science Research Forum<\/li>\n<li>Dr Johannes Pernaa; Editor-in-Chief of the LUMAT journal, LUMAT-B publication of the symposium<\/li>\n<li>Assistant Maikki Roiha; registration and online symposium, contact person<\/li>\n<li>Specialist Oona Kiviluoto; webpage, marketing &amp; communications<\/li>\n<\/ul>\n\n\n","protected":false},"excerpt":{"rendered":"<p>The 15th\u00a0annual\u00a0LUMAT Research Symposium 2025 was held online on Friday, May 23rd, from 1 pm to 4.30 pm (EEST UTC+03:00). &#8230; <a title=\"LUMAT Research Symposium\" class=\"read-more\" href=\"https:\/\/www.myscience.fi\/en\/lumat-symposium\/\" aria-label=\"Read more about LUMAT Research Symposium\">Read more<\/a><\/p>\n","protected":false},"author":1,"featured_media":3313,"parent":0,"menu_order":0,"comment_status":"closed","ping_status":"closed","template":"","meta":{"generate_page_header":"","footnotes":""},"class_list":["post-1976","page","type-page","status-publish","has-post-thumbnail"],"yoast_head":"<!-- This site is optimized with the Yoast SEO plugin v25.9 - https:\/\/yoast.com\/wordpress\/plugins\/seo\/ -->\n<title>LUMAT Research Symposium - LUMA Centre Finland<\/title>\n<meta name=\"description\" content=\"The 15th\u00a0annual\u00a0LUMAT Research Symposium 2025 will be held online on Friday, May 23rd, from 1 pm to 4 pm (EEST UTC+03:00). The event is free of charge, and the symposium&#039;s language is English. The symposium program consists of keynote speeches and presentations on the latest mathematics, science, and technology education research. The theme of this year&#039;s symposium is Promoting STE(A)M learning through non-formal education.\" \/>\n<meta name=\"robots\" content=\"index, follow, max-snippet:-1, max-image-preview:large, max-video-preview:-1\" \/>\n<link rel=\"canonical\" href=\"https:\/\/www.myscience.fi\/en\/lumat-symposium\/\" \/>\n<meta property=\"og:locale\" content=\"en_US\" \/>\n<meta property=\"og:type\" content=\"article\" \/>\n<meta property=\"og:title\" content=\"LUMAT Research Symposium - LUMA Centre Finland\" \/>\n<meta property=\"og:description\" content=\"The 15th\u00a0annual\u00a0LUMAT Research Symposium 2025 will be held online on Friday, May 23rd, from 1 pm to 4 pm (EEST UTC+03:00). The event is free of charge, and the symposium&#039;s language is English. The symposium program consists of keynote speeches and presentations on the latest mathematics, science, and technology education research. The theme of this year&#039;s symposium is Promoting STE(A)M learning through non-formal education.\" \/>\n<meta property=\"og:url\" content=\"https:\/\/www.myscience.fi\/en\/lumat-symposium\/\" \/>\n<meta property=\"og:site_name\" content=\"LUMA Centre Finland\" \/>\n<meta property=\"article:modified_time\" content=\"2025-06-02T13:41:58+00:00\" \/>\n<meta property=\"og:image\" content=\"https:\/\/www.myscience.fi\/en\/files\/2025\/03\/15.-LUMAT-Symposium-3.png\" \/>\n\t<meta property=\"og:image:width\" content=\"1920\" \/>\n\t<meta property=\"og:image:height\" content=\"1080\" \/>\n\t<meta property=\"og:image:type\" content=\"image\/png\" \/>\n<meta name=\"twitter:card\" content=\"summary_large_image\" \/>\n<meta name=\"twitter:label1\" content=\"Est. reading time\" \/>\n\t<meta name=\"twitter:data1\" content=\"3 minutes\" \/>\n<script type=\"application\/ld+json\" class=\"yoast-schema-graph\">{\"@context\":\"https:\/\/schema.org\",\"@graph\":[{\"@type\":\"WebPage\",\"@id\":\"https:\/\/www.myscience.fi\/en\/lumat-symposium\/\",\"url\":\"https:\/\/www.myscience.fi\/en\/lumat-symposium\/\",\"name\":\"LUMAT Research Symposium - LUMA Centre Finland\",\"isPartOf\":{\"@id\":\"https:\/\/www.myscience.fi\/en\/#website\"},\"primaryImageOfPage\":{\"@id\":\"https:\/\/www.myscience.fi\/en\/lumat-symposium\/#primaryimage\"},\"image\":{\"@id\":\"https:\/\/www.myscience.fi\/en\/lumat-symposium\/#primaryimage\"},\"thumbnailUrl\":\"https:\/\/www.myscience.fi\/en\/files\/2025\/03\/15.-LUMAT-Symposium-3.png\",\"datePublished\":\"2021-02-22T07:46:44+00:00\",\"dateModified\":\"2025-06-02T13:41:58+00:00\",\"description\":\"The 15th\u00a0annual\u00a0LUMAT Research Symposium 2025 will be held online on Friday, May 23rd, from 1 pm to 4 pm (EEST UTC+03:00). The event is free of charge, and the symposium's language is English. The symposium program consists of keynote speeches and presentations on the latest mathematics, science, and technology education research. The theme of this year's symposium is Promoting STE(A)M learning through non-formal education.\",\"breadcrumb\":{\"@id\":\"https:\/\/www.myscience.fi\/en\/lumat-symposium\/#breadcrumb\"},\"inLanguage\":\"en-US\",\"potentialAction\":[{\"@type\":\"ReadAction\",\"target\":[\"https:\/\/www.myscience.fi\/en\/lumat-symposium\/\"]}]},{\"@type\":\"ImageObject\",\"inLanguage\":\"en-US\",\"@id\":\"https:\/\/www.myscience.fi\/en\/lumat-symposium\/#primaryimage\",\"url\":\"https:\/\/www.myscience.fi\/en\/files\/2025\/03\/15.-LUMAT-Symposium-3.png\",\"contentUrl\":\"https:\/\/www.myscience.fi\/en\/files\/2025\/03\/15.-LUMAT-Symposium-3.png\",\"width\":1920,\"height\":1080},{\"@type\":\"BreadcrumbList\",\"@id\":\"https:\/\/www.myscience.fi\/en\/lumat-symposium\/#breadcrumb\",\"itemListElement\":[{\"@type\":\"ListItem\",\"position\":1,\"name\":\"Etusivu\",\"item\":\"https:\/\/www.myscience.fi\/en\/\"},{\"@type\":\"ListItem\",\"position\":2,\"name\":\"LUMAT Research Symposium\"}]},{\"@type\":\"WebSite\",\"@id\":\"https:\/\/www.myscience.fi\/en\/#website\",\"url\":\"https:\/\/www.myscience.fi\/en\/\",\"name\":\"LUMA Centre Finland\",\"description\":\"A network of Finnish universities to promote science and technology education\",\"publisher\":{\"@id\":\"https:\/\/www.myscience.fi\/en\/#organization\"},\"potentialAction\":[{\"@type\":\"SearchAction\",\"target\":{\"@type\":\"EntryPoint\",\"urlTemplate\":\"https:\/\/www.myscience.fi\/en\/?s={search_term_string}\"},\"query-input\":{\"@type\":\"PropertyValueSpecification\",\"valueRequired\":true,\"valueName\":\"search_term_string\"}}],\"inLanguage\":\"en-US\"},{\"@type\":\"Organization\",\"@id\":\"https:\/\/www.myscience.fi\/en\/#organization\",\"name\":\"LUMA Centre Finland\",\"url\":\"https:\/\/www.myscience.fi\/en\/\",\"logo\":{\"@type\":\"ImageObject\",\"inLanguage\":\"en-US\",\"@id\":\"https:\/\/www.myscience.fi\/en\/#\/schema\/logo\/image\/\",\"url\":\"https:\/\/www.myscience.fi\/en\/files\/2017\/03\/luma-multicolored-white-en-header.png\",\"contentUrl\":\"https:\/\/www.myscience.fi\/en\/files\/2017\/03\/luma-multicolored-white-en-header.png\",\"width\":500,\"height\":145,\"caption\":\"LUMA Centre Finland\"},\"image\":{\"@id\":\"https:\/\/www.myscience.fi\/en\/#\/schema\/logo\/image\/\"}}]}<\/script>\n<!-- \/ Yoast SEO plugin. -->","yoast_head_json":{"title":"LUMAT Research Symposium - LUMA Centre Finland","description":"The 15th\u00a0annual\u00a0LUMAT Research Symposium 2025 will be held online on Friday, May 23rd, from 1 pm to 4 pm (EEST UTC+03:00). The event is free of charge, and the symposium's language is English. The symposium program consists of keynote speeches and presentations on the latest mathematics, science, and technology education research. The theme of this year's symposium is Promoting STE(A)M learning through non-formal education.","robots":{"index":"index","follow":"follow","max-snippet":"max-snippet:-1","max-image-preview":"max-image-preview:large","max-video-preview":"max-video-preview:-1"},"canonical":"https:\/\/www.myscience.fi\/en\/lumat-symposium\/","og_locale":"en_US","og_type":"article","og_title":"LUMAT Research Symposium - LUMA Centre Finland","og_description":"The 15th\u00a0annual\u00a0LUMAT Research Symposium 2025 will be held online on Friday, May 23rd, from 1 pm to 4 pm (EEST UTC+03:00). The event is free of charge, and the symposium's language is English. The symposium program consists of keynote speeches and presentations on the latest mathematics, science, and technology education research. The theme of this year's symposium is Promoting STE(A)M learning through non-formal education.","og_url":"https:\/\/www.myscience.fi\/en\/lumat-symposium\/","og_site_name":"LUMA Centre Finland","article_modified_time":"2025-06-02T13:41:58+00:00","og_image":[{"width":1920,"height":1080,"url":"https:\/\/www.myscience.fi\/en\/files\/2025\/03\/15.-LUMAT-Symposium-3.png","type":"image\/png"}],"twitter_card":"summary_large_image","twitter_misc":{"Est. reading time":"3 minutes"},"schema":{"@context":"https:\/\/schema.org","@graph":[{"@type":"WebPage","@id":"https:\/\/www.myscience.fi\/en\/lumat-symposium\/","url":"https:\/\/www.myscience.fi\/en\/lumat-symposium\/","name":"LUMAT Research Symposium - LUMA Centre Finland","isPartOf":{"@id":"https:\/\/www.myscience.fi\/en\/#website"},"primaryImageOfPage":{"@id":"https:\/\/www.myscience.fi\/en\/lumat-symposium\/#primaryimage"},"image":{"@id":"https:\/\/www.myscience.fi\/en\/lumat-symposium\/#primaryimage"},"thumbnailUrl":"https:\/\/www.myscience.fi\/en\/files\/2025\/03\/15.-LUMAT-Symposium-3.png","datePublished":"2021-02-22T07:46:44+00:00","dateModified":"2025-06-02T13:41:58+00:00","description":"The 15th\u00a0annual\u00a0LUMAT Research Symposium 2025 will be held online on Friday, May 23rd, from 1 pm to 4 pm (EEST UTC+03:00). The event is free of charge, and the symposium's language is English. The symposium program consists of keynote speeches and presentations on the latest mathematics, science, and technology education research. The theme of this year's symposium is Promoting STE(A)M learning through non-formal education.","breadcrumb":{"@id":"https:\/\/www.myscience.fi\/en\/lumat-symposium\/#breadcrumb"},"inLanguage":"en-US","potentialAction":[{"@type":"ReadAction","target":["https:\/\/www.myscience.fi\/en\/lumat-symposium\/"]}]},{"@type":"ImageObject","inLanguage":"en-US","@id":"https:\/\/www.myscience.fi\/en\/lumat-symposium\/#primaryimage","url":"https:\/\/www.myscience.fi\/en\/files\/2025\/03\/15.-LUMAT-Symposium-3.png","contentUrl":"https:\/\/www.myscience.fi\/en\/files\/2025\/03\/15.-LUMAT-Symposium-3.png","width":1920,"height":1080},{"@type":"BreadcrumbList","@id":"https:\/\/www.myscience.fi\/en\/lumat-symposium\/#breadcrumb","itemListElement":[{"@type":"ListItem","position":1,"name":"Etusivu","item":"https:\/\/www.myscience.fi\/en\/"},{"@type":"ListItem","position":2,"name":"LUMAT Research Symposium"}]},{"@type":"WebSite","@id":"https:\/\/www.myscience.fi\/en\/#website","url":"https:\/\/www.myscience.fi\/en\/","name":"LUMA Centre Finland","description":"A network of Finnish universities to promote science and technology education","publisher":{"@id":"https:\/\/www.myscience.fi\/en\/#organization"},"potentialAction":[{"@type":"SearchAction","target":{"@type":"EntryPoint","urlTemplate":"https:\/\/www.myscience.fi\/en\/?s={search_term_string}"},"query-input":{"@type":"PropertyValueSpecification","valueRequired":true,"valueName":"search_term_string"}}],"inLanguage":"en-US"},{"@type":"Organization","@id":"https:\/\/www.myscience.fi\/en\/#organization","name":"LUMA Centre Finland","url":"https:\/\/www.myscience.fi\/en\/","logo":{"@type":"ImageObject","inLanguage":"en-US","@id":"https:\/\/www.myscience.fi\/en\/#\/schema\/logo\/image\/","url":"https:\/\/www.myscience.fi\/en\/files\/2017\/03\/luma-multicolored-white-en-header.png","contentUrl":"https:\/\/www.myscience.fi\/en\/files\/2017\/03\/luma-multicolored-white-en-header.png","width":500,"height":145,"caption":"LUMA Centre Finland"},"image":{"@id":"https:\/\/www.myscience.fi\/en\/#\/schema\/logo\/image\/"}}]}},"_links":{"self":[{"href":"https:\/\/www.myscience.fi\/en\/wp-json\/wp\/v2\/pages\/1976","targetHints":{"allow":["GET"]}}],"collection":[{"href":"https:\/\/www.myscience.fi\/en\/wp-json\/wp\/v2\/pages"}],"about":[{"href":"https:\/\/www.myscience.fi\/en\/wp-json\/wp\/v2\/types\/page"}],"author":[{"embeddable":true,"href":"https:\/\/www.myscience.fi\/en\/wp-json\/wp\/v2\/users\/1"}],"replies":[{"embeddable":true,"href":"https:\/\/www.myscience.fi\/en\/wp-json\/wp\/v2\/comments?post=1976"}],"version-history":[{"count":129,"href":"https:\/\/www.myscience.fi\/en\/wp-json\/wp\/v2\/pages\/1976\/revisions"}],"predecessor-version":[{"id":3362,"href":"https:\/\/www.myscience.fi\/en\/wp-json\/wp\/v2\/pages\/1976\/revisions\/3362"}],"wp:featuredmedia":[{"embeddable":true,"href":"https:\/\/www.myscience.fi\/en\/wp-json\/wp\/v2\/media\/3313"}],"wp:attachment":[{"href":"https:\/\/www.myscience.fi\/en\/wp-json\/wp\/v2\/media?parent=1976"}],"curies":[{"name":"wp","href":"https:\/\/api.w.org\/{rel}","templated":true}]}}