{"id":1636,"date":"2020-08-25T16:49:22","date_gmt":"2020-08-25T13:49:22","guid":{"rendered":"https:\/\/www.myscience.fi\/en\/?page_id=1636"},"modified":"2025-06-02T16:40:10","modified_gmt":"2025-06-02T13:40:10","slug":"events","status":"publish","type":"page","link":"https:\/\/www.myscience.fi\/en\/lumat-science-research-forum\/events\/","title":{"rendered":"LUMAT Science Research Forum Events"},"content":{"rendered":"\n<p>LUMAT Science Research Forum organizes yearly three types of events, research seminars, research symposiums, and summer school, focusing primarily on the research of math, science, and technology education. Our events are open to scholars all over the world! Read more about these activities below.<\/p>\n<h2><strong>LUMAT Research seminars<\/strong><\/h2>\n\n\n\n<p>In LUMAT Research Seminars, researchers and students present their latest math, science, and technology education research and receive peer feedback. With Research Seminars, we aim to foster connections between science education researchers in different universities, regardless of your field of study. Other research-related topics, such as research methods, can be discussed according to participants\u2019 needs and interests.<\/p>\n<h3>Upcoming seminars<\/h3>\n<p><strong>10.10.2025<\/strong><\/p>\n<p>The seminar will focus on the articles published in the LUMAT special issue: Cultivating a Future-Ready Workforce: Re-imagining STEM Education<\/p>\n<p>Welcome to meet the editors and authors. There will be a few highlights and time to ask questions. Registration will open closer to the event on <a href=\"https:\/\/journals.helsinki.fi\/lumat\/events\">the LUMAT webpage<\/a>.<\/p>\n<p>Special issue DOI: <a href=\"https:\/\/doi.org\/10.31129\/LUMAT.12.4\">https:\/\/doi.org\/10.31129\/LUMAT.12.4<\/a><\/p>\n\n\n\n<h2>Other events<\/h2>\n\n\n\n<h3 class=\"wp-block-heading\" id=\"lumat-research-symposium\">LUMAT Research Symposium<\/h3>\n\n\n\n<p>The annual research symposium gathers researchers and doctoral students worldwide to present and discuss current math, science, and technology education research. In the symposium, we combine traditional research presentations and new and inspiring methods to collaborate and discuss research, such as debates.<\/p>\n\n\n\n<p>The 15th LUMAT Research Symposium was held on the 23rd of May 2025. <a href=\"https:\/\/www.myscience.fi\/en\/lumat-symposium\/\">Read more about the Symposium on this website.<\/a><\/p>\n\n\n\n<h3 class=\"wp-block-heading\" id=\"lumat-summer-school\">LUMAT Summer School<\/h3>\n\n\n\n<p>In the annual Summer school, we aim to build collaboration between researchers, doctoral students, and teachers, promote discussion on the quality of research, and bring people together to discuss math, science, and technology education. <strong>Summer school is primarily targeted at new scholars.<\/strong><\/p>\n\n\n\n<p>The Summer School 2023 was held on the 16th of June together with the <a href=\"https:\/\/www.myscience.fi\/en\/lumat-symposium\/\">LUMAT Research Symposium<\/a>. <\/p>\n\n\n\n<h2>Previous research seminars<\/h2>\n<h3>The year 2025<\/h3>\n<p>21.3.2025\u00a0<\/p>\n<p>The seminar focused on the new special issue calls. During the spring of 2025, two LUMAT calls were open: 1) Contemporary quantum science in STEM and education, and 2) Immersive Technologies in Science, Technology and Mathematics Education.<\/p>\n<h3>The year 2024<\/h3>\n<p>29.11.2024<\/p>\n<p>The theme of the seminar was Current research trends. The chair of the seminar is Prof. Maija Aksela, University of Helsinki. The keynote will be given by Dr. Johannes Pernaa, Editor-in-Chief of LUMAT, University of Helsinki. A panel discussion will be hosted after the keynote. The panelists are LUMAT editors and authors.\u00a0<\/p>\n<p>6.3.2024<\/p>\n<p>Docent, University Lecturer Johannes Pernaa, University of Helsinki: Generative chatbots and information seeking<\/p>\n<p>B.Sc. Maikki Roiha, University of Helsinki: Immersive technologies in education: 360\u00b0 live stream video in a virtual chemistry field trip<\/p>\n<p>M.Sc. Aleksi Takala, University of Helsinki: Chemistry professionals\u2019 views on cheminformatics potential: A qualitative study in chemistry education<\/p>\n<h3>The year 2023<\/h3>\n<p>15.11.2023<\/p>\n<p>Perttu Ervelius, University of Helsinki. Learning of creative, critical and computational thinking through robotics and coding in primary classrooms in Helsinki and Johannesburg<\/p>\n<p>Henri H\u00e4m\u00e4l\u00e4inen, University of Helsinki. Coherence in science teacher education: integration between theory and practice<\/p>\n<p>14.9.2023<\/p>\n<p>Russell Tytler, Alfred Deakin Professor of Science Education at Deakin University &amp; Peta J. White, associate professor in science and environmental education at Deakin University<\/p>\n<p>Supporting multimodal learning in science: a semiotic perspective<\/p>\n<p>Agency in the Anthropocene<\/p>\n<p>16.3.2023<\/p>\n<p>Sanni Suominen (UEF)\u00a0<a href=\"https:\/\/tojdel.net\/journals\/tojdel\/articles\/v10i04\/v10i04-06.pdf\" target=\"_blank\" rel=\"noopener\"><span class=\"x_ContentPasted0\">Ammatillisen koulutuksen aloittavien opiskelijoiden n\u00e4kemyksi\u00e4 ja odotuksia matematiikan opetukseen liittyen<\/span><\/a><\/p>\n<p><a href=\"https:\/\/uefconnect.uef.fi\/henkilo\/juho.tiainen\/#information\" target=\"_blank\" rel=\"noopener\">Juho Tiainen<\/a> (UEF) Yl\u00e4koululaisten okemuksia matematiikan opiskelusta ja ammatteihin sek\u00e4 ty\u00f6teht\u00e4viin linkitetyist\u00e4 matematiikan teht\u00e4vist\u00e4<\/p>\n<p><a href=\"https:\/\/www.lut.fi\/fi\/profiilit\/mikko-nykyri\" target=\"_blank\" rel=\"noopener\">Mikko Nykyri<\/a> (LUT) Hy\u00f6typelien ja pelillist\u00e4misen k\u00e4ytt\u00f6 s\u00e4hk\u00f6tekniikan opetuksessa<\/p>\n<p>30.1.2023\u00a0<\/p>\n<p>Prof. <a href=\"https:\/\/www.researchgate.net\/profile\/Jorge-Rodriguez-107\" target=\"_blank\" rel=\"noopener\">Jorge Rodr\u00edguez-Becerra<\/a>, Universidad Metropolitana de Ciencias de la Educaci\u00f3n, Santiago, Chile: Computational Science in Chemistry Teachers Education: Opportunities and Lessons Learned<\/p>\n<p>Prof. <a href=\"https:\/\/www.researchgate.net\/profile\/Lizethly-Caceres-Jensen\" target=\"_blank\" rel=\"noopener\">Lizethly C\u00e1ceres-Jensen<\/a>, Universidad Metropolitana de Ciencias de la Educaci\u00f3n, Santiago, Chile: Towards Climate Change Education Through authentics Problems in the Framework of EDS to Chemistry Teacher Education<\/p>\n","protected":false},"excerpt":{"rendered":"<p>LUMAT Science Research Forum organizes yearly three types of events, research seminars, research symposiums, and summer school, focusing primarily on &#8230; <a title=\"LUMAT Science Research Forum Events\" class=\"read-more\" href=\"https:\/\/www.myscience.fi\/en\/lumat-science-research-forum\/events\/\" aria-label=\"Read more about LUMAT Science Research Forum Events\">Read more<\/a><\/p>\n","protected":false},"author":1,"featured_media":2822,"parent":1364,"menu_order":0,"comment_status":"closed","ping_status":"closed","template":"","meta":{"generate_page_header":"","footnotes":""},"class_list":["post-1636","page","type-page","status-publish","has-post-thumbnail"],"yoast_head":"<!-- This site is optimized with the Yoast SEO plugin v25.9 - https:\/\/yoast.com\/wordpress\/plugins\/seo\/ -->\n<title>LUMAT Science Research Forum Events - LUMA Centre Finland<\/title>\n<meta name=\"description\" content=\"You are warmly welcome to our monthly LUMAT research seminars. In addition, we organise a symposium and summer school annually.\" \/>\n<meta name=\"robots\" content=\"index, follow, max-snippet:-1, max-image-preview:large, max-video-preview:-1\" \/>\n<link rel=\"canonical\" href=\"https:\/\/www.myscience.fi\/en\/lumat-science-research-forum\/events\/\" \/>\n<meta property=\"og:locale\" content=\"en_US\" \/>\n<meta property=\"og:type\" content=\"article\" \/>\n<meta property=\"og:title\" content=\"LUMAT Science Research Forum Events - LUMA Centre Finland\" \/>\n<meta property=\"og:description\" content=\"You are warmly welcome to our monthly LUMAT research seminars. In addition, we organise a symposium and summer school annually.\" \/>\n<meta property=\"og:url\" content=\"https:\/\/www.myscience.fi\/en\/lumat-science-research-forum\/events\/\" \/>\n<meta property=\"og:site_name\" content=\"LUMA Centre Finland\" \/>\n<meta property=\"article:modified_time\" content=\"2025-06-02T13:40:10+00:00\" \/>\n<meta property=\"og:image\" content=\"https:\/\/www.myscience.fi\/en\/files\/2022\/10\/2019-02-28-LUMAT-tutkimusfoorumi-1-kuvannut-Maija-Aksela-e1667225598107.jpeg\" \/>\n\t<meta property=\"og:image:width\" content=\"1200\" \/>\n\t<meta property=\"og:image:height\" content=\"672\" \/>\n\t<meta property=\"og:image:type\" content=\"image\/jpeg\" \/>\n<meta name=\"twitter:card\" content=\"summary_large_image\" \/>\n<meta name=\"twitter:label1\" content=\"Est. reading time\" \/>\n\t<meta name=\"twitter:data1\" content=\"3 minutes\" \/>\n<script type=\"application\/ld+json\" class=\"yoast-schema-graph\">{\"@context\":\"https:\/\/schema.org\",\"@graph\":[{\"@type\":\"WebPage\",\"@id\":\"https:\/\/www.myscience.fi\/en\/lumat-science-research-forum\/events\/\",\"url\":\"https:\/\/www.myscience.fi\/en\/lumat-science-research-forum\/events\/\",\"name\":\"LUMAT Science Research Forum Events - LUMA Centre Finland\",\"isPartOf\":{\"@id\":\"https:\/\/www.myscience.fi\/en\/#website\"},\"primaryImageOfPage\":{\"@id\":\"https:\/\/www.myscience.fi\/en\/lumat-science-research-forum\/events\/#primaryimage\"},\"image\":{\"@id\":\"https:\/\/www.myscience.fi\/en\/lumat-science-research-forum\/events\/#primaryimage\"},\"thumbnailUrl\":\"https:\/\/www.myscience.fi\/en\/files\/2022\/10\/2019-02-28-LUMAT-tutkimusfoorumi-1-kuvannut-Maija-Aksela-e1667225598107.jpeg\",\"datePublished\":\"2020-08-25T13:49:22+00:00\",\"dateModified\":\"2025-06-02T13:40:10+00:00\",\"description\":\"You are warmly welcome to our monthly LUMAT research seminars. In addition, we organise a symposium and summer school annually.\",\"breadcrumb\":{\"@id\":\"https:\/\/www.myscience.fi\/en\/lumat-science-research-forum\/events\/#breadcrumb\"},\"inLanguage\":\"en-US\",\"potentialAction\":[{\"@type\":\"ReadAction\",\"target\":[\"https:\/\/www.myscience.fi\/en\/lumat-science-research-forum\/events\/\"]}]},{\"@type\":\"ImageObject\",\"inLanguage\":\"en-US\",\"@id\":\"https:\/\/www.myscience.fi\/en\/lumat-science-research-forum\/events\/#primaryimage\",\"url\":\"https:\/\/www.myscience.fi\/en\/files\/2022\/10\/2019-02-28-LUMAT-tutkimusfoorumi-1-kuvannut-Maija-Aksela-e1667225598107.jpeg\",\"contentUrl\":\"https:\/\/www.myscience.fi\/en\/files\/2022\/10\/2019-02-28-LUMAT-tutkimusfoorumi-1-kuvannut-Maija-Aksela-e1667225598107.jpeg\",\"width\":1200,\"height\":672,\"caption\":\"Esitelm\u00e4n pitoa LUMAT-tutkimusfoorumin tapahtumassa.\"},{\"@type\":\"BreadcrumbList\",\"@id\":\"https:\/\/www.myscience.fi\/en\/lumat-science-research-forum\/events\/#breadcrumb\",\"itemListElement\":[{\"@type\":\"ListItem\",\"position\":1,\"name\":\"Etusivu\",\"item\":\"https:\/\/www.myscience.fi\/en\/\"},{\"@type\":\"ListItem\",\"position\":2,\"name\":\"LUMAT Science Research Forum\",\"item\":\"https:\/\/www.myscience.fi\/en\/lumat-science-research-forum\/\"},{\"@type\":\"ListItem\",\"position\":3,\"name\":\"LUMAT Science Research Forum Events\"}]},{\"@type\":\"WebSite\",\"@id\":\"https:\/\/www.myscience.fi\/en\/#website\",\"url\":\"https:\/\/www.myscience.fi\/en\/\",\"name\":\"LUMA Centre Finland\",\"description\":\"A network of Finnish universities to promote science and technology education\",\"publisher\":{\"@id\":\"https:\/\/www.myscience.fi\/en\/#organization\"},\"potentialAction\":[{\"@type\":\"SearchAction\",\"target\":{\"@type\":\"EntryPoint\",\"urlTemplate\":\"https:\/\/www.myscience.fi\/en\/?s={search_term_string}\"},\"query-input\":{\"@type\":\"PropertyValueSpecification\",\"valueRequired\":true,\"valueName\":\"search_term_string\"}}],\"inLanguage\":\"en-US\"},{\"@type\":\"Organization\",\"@id\":\"https:\/\/www.myscience.fi\/en\/#organization\",\"name\":\"LUMA Centre Finland\",\"url\":\"https:\/\/www.myscience.fi\/en\/\",\"logo\":{\"@type\":\"ImageObject\",\"inLanguage\":\"en-US\",\"@id\":\"https:\/\/www.myscience.fi\/en\/#\/schema\/logo\/image\/\",\"url\":\"https:\/\/www.myscience.fi\/en\/files\/2017\/03\/luma-multicolored-white-en-header.png\",\"contentUrl\":\"https:\/\/www.myscience.fi\/en\/files\/2017\/03\/luma-multicolored-white-en-header.png\",\"width\":500,\"height\":145,\"caption\":\"LUMA Centre Finland\"},\"image\":{\"@id\":\"https:\/\/www.myscience.fi\/en\/#\/schema\/logo\/image\/\"}}]}<\/script>\n<!-- \/ Yoast SEO plugin. -->","yoast_head_json":{"title":"LUMAT Science Research Forum Events - LUMA Centre Finland","description":"You are warmly welcome to our monthly LUMAT research seminars. In addition, we organise a symposium and summer school annually.","robots":{"index":"index","follow":"follow","max-snippet":"max-snippet:-1","max-image-preview":"max-image-preview:large","max-video-preview":"max-video-preview:-1"},"canonical":"https:\/\/www.myscience.fi\/en\/lumat-science-research-forum\/events\/","og_locale":"en_US","og_type":"article","og_title":"LUMAT Science Research Forum Events - LUMA Centre Finland","og_description":"You are warmly welcome to our monthly LUMAT research seminars. In addition, we organise a symposium and summer school annually.","og_url":"https:\/\/www.myscience.fi\/en\/lumat-science-research-forum\/events\/","og_site_name":"LUMA Centre Finland","article_modified_time":"2025-06-02T13:40:10+00:00","og_image":[{"width":1200,"height":672,"url":"https:\/\/www.myscience.fi\/en\/files\/2022\/10\/2019-02-28-LUMAT-tutkimusfoorumi-1-kuvannut-Maija-Aksela-e1667225598107.jpeg","type":"image\/jpeg"}],"twitter_card":"summary_large_image","twitter_misc":{"Est. reading time":"3 minutes"},"schema":{"@context":"https:\/\/schema.org","@graph":[{"@type":"WebPage","@id":"https:\/\/www.myscience.fi\/en\/lumat-science-research-forum\/events\/","url":"https:\/\/www.myscience.fi\/en\/lumat-science-research-forum\/events\/","name":"LUMAT Science Research Forum Events - LUMA Centre Finland","isPartOf":{"@id":"https:\/\/www.myscience.fi\/en\/#website"},"primaryImageOfPage":{"@id":"https:\/\/www.myscience.fi\/en\/lumat-science-research-forum\/events\/#primaryimage"},"image":{"@id":"https:\/\/www.myscience.fi\/en\/lumat-science-research-forum\/events\/#primaryimage"},"thumbnailUrl":"https:\/\/www.myscience.fi\/en\/files\/2022\/10\/2019-02-28-LUMAT-tutkimusfoorumi-1-kuvannut-Maija-Aksela-e1667225598107.jpeg","datePublished":"2020-08-25T13:49:22+00:00","dateModified":"2025-06-02T13:40:10+00:00","description":"You are warmly welcome to our monthly LUMAT research seminars. In addition, we organise a symposium and summer school annually.","breadcrumb":{"@id":"https:\/\/www.myscience.fi\/en\/lumat-science-research-forum\/events\/#breadcrumb"},"inLanguage":"en-US","potentialAction":[{"@type":"ReadAction","target":["https:\/\/www.myscience.fi\/en\/lumat-science-research-forum\/events\/"]}]},{"@type":"ImageObject","inLanguage":"en-US","@id":"https:\/\/www.myscience.fi\/en\/lumat-science-research-forum\/events\/#primaryimage","url":"https:\/\/www.myscience.fi\/en\/files\/2022\/10\/2019-02-28-LUMAT-tutkimusfoorumi-1-kuvannut-Maija-Aksela-e1667225598107.jpeg","contentUrl":"https:\/\/www.myscience.fi\/en\/files\/2022\/10\/2019-02-28-LUMAT-tutkimusfoorumi-1-kuvannut-Maija-Aksela-e1667225598107.jpeg","width":1200,"height":672,"caption":"Esitelm\u00e4n pitoa LUMAT-tutkimusfoorumin tapahtumassa."},{"@type":"BreadcrumbList","@id":"https:\/\/www.myscience.fi\/en\/lumat-science-research-forum\/events\/#breadcrumb","itemListElement":[{"@type":"ListItem","position":1,"name":"Etusivu","item":"https:\/\/www.myscience.fi\/en\/"},{"@type":"ListItem","position":2,"name":"LUMAT Science Research Forum","item":"https:\/\/www.myscience.fi\/en\/lumat-science-research-forum\/"},{"@type":"ListItem","position":3,"name":"LUMAT Science Research Forum Events"}]},{"@type":"WebSite","@id":"https:\/\/www.myscience.fi\/en\/#website","url":"https:\/\/www.myscience.fi\/en\/","name":"LUMA Centre Finland","description":"A network of Finnish universities to promote science and technology education","publisher":{"@id":"https:\/\/www.myscience.fi\/en\/#organization"},"potentialAction":[{"@type":"SearchAction","target":{"@type":"EntryPoint","urlTemplate":"https:\/\/www.myscience.fi\/en\/?s={search_term_string}"},"query-input":{"@type":"PropertyValueSpecification","valueRequired":true,"valueName":"search_term_string"}}],"inLanguage":"en-US"},{"@type":"Organization","@id":"https:\/\/www.myscience.fi\/en\/#organization","name":"LUMA Centre Finland","url":"https:\/\/www.myscience.fi\/en\/","logo":{"@type":"ImageObject","inLanguage":"en-US","@id":"https:\/\/www.myscience.fi\/en\/#\/schema\/logo\/image\/","url":"https:\/\/www.myscience.fi\/en\/files\/2017\/03\/luma-multicolored-white-en-header.png","contentUrl":"https:\/\/www.myscience.fi\/en\/files\/2017\/03\/luma-multicolored-white-en-header.png","width":500,"height":145,"caption":"LUMA Centre Finland"},"image":{"@id":"https:\/\/www.myscience.fi\/en\/#\/schema\/logo\/image\/"}}]}},"_links":{"self":[{"href":"https:\/\/www.myscience.fi\/en\/wp-json\/wp\/v2\/pages\/1636","targetHints":{"allow":["GET"]}}],"collection":[{"href":"https:\/\/www.myscience.fi\/en\/wp-json\/wp\/v2\/pages"}],"about":[{"href":"https:\/\/www.myscience.fi\/en\/wp-json\/wp\/v2\/types\/page"}],"author":[{"embeddable":true,"href":"https:\/\/www.myscience.fi\/en\/wp-json\/wp\/v2\/users\/1"}],"replies":[{"embeddable":true,"href":"https:\/\/www.myscience.fi\/en\/wp-json\/wp\/v2\/comments?post=1636"}],"version-history":[{"count":162,"href":"https:\/\/www.myscience.fi\/en\/wp-json\/wp\/v2\/pages\/1636\/revisions"}],"predecessor-version":[{"id":3360,"href":"https:\/\/www.myscience.fi\/en\/wp-json\/wp\/v2\/pages\/1636\/revisions\/3360"}],"up":[{"embeddable":true,"href":"https:\/\/www.myscience.fi\/en\/wp-json\/wp\/v2\/pages\/1364"}],"wp:featuredmedia":[{"embeddable":true,"href":"https:\/\/www.myscience.fi\/en\/wp-json\/wp\/v2\/media\/2822"}],"wp:attachment":[{"href":"https:\/\/www.myscience.fi\/en\/wp-json\/wp\/v2\/media?parent=1636"}],"curies":[{"name":"wp","href":"https:\/\/api.w.org\/{rel}","templated":true}]}}