{"id":1364,"date":"2020-01-13T09:03:04","date_gmt":"2020-01-13T07:03:04","guid":{"rendered":"https:\/\/www.myscience.fi\/en\/?page_id=1364"},"modified":"2022-05-10T10:15:00","modified_gmt":"2022-05-10T07:15:00","slug":"lumat-science-research-forum","status":"publish","type":"page","link":"https:\/\/www.myscience.fi\/en\/lumat-science-research-forum\/","title":{"rendered":"LUMAT Science Research Forum"},"content":{"rendered":"\n<p>LUMAT Science Research Forum aims to improve the quality, effectiveness, and visibility of the Finnish science education research. To achieve this, it develops and deepens the dialogue and research collaboration among the universities, faculties and research groups. Universities are in key position in supporting continuous learning opportunities in teacher education.<\/p>\n<p>We also publish <a href=\"https:\/\/www.myscience.fi\/en\/international-lumat-journal\/\">a double peer-reviewed open access journal LUMAT<\/a> on math, science and technology education.<\/p>\n<h2><strong>Forum aims to<br \/><\/strong><\/h2>\n<ol>\n<li>Promote mathematics, science and technology education and teacher education through multidisciplinary research in the LUMA ecosystem<\/li>\n<li>Promote teacher education research (also PhD&#8217;s and master students&#8217; research) on mathematics, science and technology<\/li>\n<li>Foster national and international collaboration<\/li>\n<li>Progress funding opportunities<\/li>\n<li>Support the careers of young researchers<\/li>\n<li>Influence LUMA education policy and practice in Finland<\/li>\n<li>Collaborate with other related associations<\/li>\n<\/ol>\n<p>LUMAT Research Forum develops, supports, and participates in activities and research that progress the quality, effectiveness, and visibility of the Finnish science education research through the forum`s aims. LUMAT Science Research Forum activities and research is described by <b>multidisciplinarity<\/b>, <b>collaboration<\/b>, and <b>openness<\/b>.<\/p>\n<p><a href=\"https:\/\/www.myscience.fi\/en\/lumat-science-research-forum\/events\/\">Our upcoming activites are listed on the Events-page<\/a><\/p>\n<h2><strong>Advisory board<\/strong><\/h2>\n<ul>\n<li>chair, professor, Dr. Maija Aksela, LUMA Centre Finland, University of Helsinki<\/li>\n<li>post-doctoral researcher, Dr. Jaana Herranen, University of Helsinki<\/li>\n<li>university lecturer Dr. Veli-Matti Vesterinen, vice chair, president of the Finnish Mathematics and Science Education Research Association, University of Turku<\/li>\n<li>university lecturer Dr. Johannes Pernaa, managing editor of LUMAT journal, University of Helsinki<\/li>\n<li>senior university lecturer Dr. Mervi Asikainen, University of Eastern Finland<\/li>\n<li>professor, Dr. Minna Hannula-Sormunen, University of Turku<\/li>\n<li>dean, university lecturer, Dr. Sari Harmoinen, University of Oulu<\/li>\n<li>associate professor, Dr. Vesa Hyt\u00f6nen, Tampere University<\/li>\n<li>university lecturer, Dr. Markus H\u00e4hki\u00f6niemi, University of Jyv\u00e4skyl\u00e4<\/li>\n<li>professor, Dr. Tuula Keinonen, University of Eastern Finland<\/li>\n<li>university lecturer, Dr. Anu Laine, University of Helsinki<\/li>\n<li>professor, Dr. Jari Lavonen, University of Helsinki<\/li>\n<li>professor, Dr. Jan Lundell, University of Jyv\u00e4skyl\u00e4<\/li>\n<li>associate professor, Dr. Terhi M\u00e4ntyl\u00e4, University of Jyv\u00e4skyl\u00e4<\/li>\n<li>post-doctoral researcher, Dr. Johanna Naukkarinen, LUT University<\/li>\n<li>professor Dr. Anna Uitto, University of Helsinki<\/li>\n<\/ul>\n<h2><strong>Contact<\/strong><\/h2>\n<ul>\n<li>for all inquiries, please contact: <a href=\"mailto:lumat@support.fi\">support@lumat.fi<\/a><\/li>\n<li>director, prof. Maija Aksela, HY, LUMA Centre Finland<\/li>\n<\/ul>\n\n\n","protected":false},"excerpt":{"rendered":"<p>LUMAT Science Research Forum aims to improve the quality, effectiveness, and visibility of the Finnish science education research. To achieve &#8230; <a title=\"LUMAT Science Research Forum\" class=\"read-more\" href=\"https:\/\/www.myscience.fi\/en\/lumat-science-research-forum\/\" aria-label=\"Read more about LUMAT Science Research Forum\">Read more<\/a><\/p>\n","protected":false},"author":1,"featured_media":0,"parent":0,"menu_order":0,"comment_status":"closed","ping_status":"closed","template":"","meta":{"generate_page_header":"","footnotes":""},"class_list":["post-1364","page","type-page","status-publish"],"yoast_head":"<!-- This site is optimized with the Yoast SEO plugin v25.9 - https:\/\/yoast.com\/wordpress\/plugins\/seo\/ -->\n<title>LUMAT Science Research Forum - LUMA Centre Finland<\/title>\n<meta name=\"robots\" content=\"index, follow, max-snippet:-1, max-image-preview:large, max-video-preview:-1\" \/>\n<link rel=\"canonical\" href=\"https:\/\/www.myscience.fi\/en\/lumat-science-research-forum\/\" \/>\n<meta property=\"og:locale\" content=\"en_US\" \/>\n<meta property=\"og:type\" content=\"article\" \/>\n<meta property=\"og:title\" content=\"LUMAT Science Research Forum - LUMA Centre Finland\" \/>\n<meta property=\"og:description\" content=\"LUMAT Science Research Forum aims to improve the quality, effectiveness, and visibility of the Finnish science education research. To achieve ... Read more\" \/>\n<meta property=\"og:url\" content=\"https:\/\/www.myscience.fi\/en\/lumat-science-research-forum\/\" \/>\n<meta property=\"og:site_name\" content=\"LUMA Centre Finland\" \/>\n<meta property=\"article:modified_time\" content=\"2022-05-10T07:15:00+00:00\" \/>\n<meta name=\"twitter:card\" content=\"summary_large_image\" \/>\n<meta name=\"twitter:label1\" content=\"Est. reading time\" \/>\n\t<meta name=\"twitter:data1\" content=\"2 minutes\" \/>\n<script type=\"application\/ld+json\" class=\"yoast-schema-graph\">{\"@context\":\"https:\/\/schema.org\",\"@graph\":[{\"@type\":\"WebPage\",\"@id\":\"https:\/\/www.myscience.fi\/en\/lumat-science-research-forum\/\",\"url\":\"https:\/\/www.myscience.fi\/en\/lumat-science-research-forum\/\",\"name\":\"LUMAT Science Research Forum - LUMA Centre Finland\",\"isPartOf\":{\"@id\":\"https:\/\/www.myscience.fi\/en\/#website\"},\"datePublished\":\"2020-01-13T07:03:04+00:00\",\"dateModified\":\"2022-05-10T07:15:00+00:00\",\"breadcrumb\":{\"@id\":\"https:\/\/www.myscience.fi\/en\/lumat-science-research-forum\/#breadcrumb\"},\"inLanguage\":\"en-US\",\"potentialAction\":[{\"@type\":\"ReadAction\",\"target\":[\"https:\/\/www.myscience.fi\/en\/lumat-science-research-forum\/\"]}]},{\"@type\":\"BreadcrumbList\",\"@id\":\"https:\/\/www.myscience.fi\/en\/lumat-science-research-forum\/#breadcrumb\",\"itemListElement\":[{\"@type\":\"ListItem\",\"position\":1,\"name\":\"Etusivu\",\"item\":\"https:\/\/www.myscience.fi\/en\/\"},{\"@type\":\"ListItem\",\"position\":2,\"name\":\"LUMAT Science Research Forum\"}]},{\"@type\":\"WebSite\",\"@id\":\"https:\/\/www.myscience.fi\/en\/#website\",\"url\":\"https:\/\/www.myscience.fi\/en\/\",\"name\":\"LUMA Centre Finland\",\"description\":\"A network of Finnish universities to promote science and technology education\",\"publisher\":{\"@id\":\"https:\/\/www.myscience.fi\/en\/#organization\"},\"potentialAction\":[{\"@type\":\"SearchAction\",\"target\":{\"@type\":\"EntryPoint\",\"urlTemplate\":\"https:\/\/www.myscience.fi\/en\/?s={search_term_string}\"},\"query-input\":{\"@type\":\"PropertyValueSpecification\",\"valueRequired\":true,\"valueName\":\"search_term_string\"}}],\"inLanguage\":\"en-US\"},{\"@type\":\"Organization\",\"@id\":\"https:\/\/www.myscience.fi\/en\/#organization\",\"name\":\"LUMA Centre Finland\",\"url\":\"https:\/\/www.myscience.fi\/en\/\",\"logo\":{\"@type\":\"ImageObject\",\"inLanguage\":\"en-US\",\"@id\":\"https:\/\/www.myscience.fi\/en\/#\/schema\/logo\/image\/\",\"url\":\"https:\/\/www.myscience.fi\/en\/files\/2017\/03\/luma-multicolored-white-en-header.png\",\"contentUrl\":\"https:\/\/www.myscience.fi\/en\/files\/2017\/03\/luma-multicolored-white-en-header.png\",\"width\":500,\"height\":145,\"caption\":\"LUMA Centre Finland\"},\"image\":{\"@id\":\"https:\/\/www.myscience.fi\/en\/#\/schema\/logo\/image\/\"}}]}<\/script>\n<!-- \/ Yoast SEO plugin. -->","yoast_head_json":{"title":"LUMAT Science Research Forum - LUMA Centre Finland","robots":{"index":"index","follow":"follow","max-snippet":"max-snippet:-1","max-image-preview":"max-image-preview:large","max-video-preview":"max-video-preview:-1"},"canonical":"https:\/\/www.myscience.fi\/en\/lumat-science-research-forum\/","og_locale":"en_US","og_type":"article","og_title":"LUMAT Science Research Forum - LUMA Centre Finland","og_description":"LUMAT Science Research Forum aims to improve the quality, effectiveness, and visibility of the Finnish science education research. To achieve ... Read more","og_url":"https:\/\/www.myscience.fi\/en\/lumat-science-research-forum\/","og_site_name":"LUMA Centre Finland","article_modified_time":"2022-05-10T07:15:00+00:00","twitter_card":"summary_large_image","twitter_misc":{"Est. reading time":"2 minutes"},"schema":{"@context":"https:\/\/schema.org","@graph":[{"@type":"WebPage","@id":"https:\/\/www.myscience.fi\/en\/lumat-science-research-forum\/","url":"https:\/\/www.myscience.fi\/en\/lumat-science-research-forum\/","name":"LUMAT Science Research Forum - LUMA Centre Finland","isPartOf":{"@id":"https:\/\/www.myscience.fi\/en\/#website"},"datePublished":"2020-01-13T07:03:04+00:00","dateModified":"2022-05-10T07:15:00+00:00","breadcrumb":{"@id":"https:\/\/www.myscience.fi\/en\/lumat-science-research-forum\/#breadcrumb"},"inLanguage":"en-US","potentialAction":[{"@type":"ReadAction","target":["https:\/\/www.myscience.fi\/en\/lumat-science-research-forum\/"]}]},{"@type":"BreadcrumbList","@id":"https:\/\/www.myscience.fi\/en\/lumat-science-research-forum\/#breadcrumb","itemListElement":[{"@type":"ListItem","position":1,"name":"Etusivu","item":"https:\/\/www.myscience.fi\/en\/"},{"@type":"ListItem","position":2,"name":"LUMAT Science Research Forum"}]},{"@type":"WebSite","@id":"https:\/\/www.myscience.fi\/en\/#website","url":"https:\/\/www.myscience.fi\/en\/","name":"LUMA Centre Finland","description":"A network of Finnish universities to promote science and technology education","publisher":{"@id":"https:\/\/www.myscience.fi\/en\/#organization"},"potentialAction":[{"@type":"SearchAction","target":{"@type":"EntryPoint","urlTemplate":"https:\/\/www.myscience.fi\/en\/?s={search_term_string}"},"query-input":{"@type":"PropertyValueSpecification","valueRequired":true,"valueName":"search_term_string"}}],"inLanguage":"en-US"},{"@type":"Organization","@id":"https:\/\/www.myscience.fi\/en\/#organization","name":"LUMA Centre Finland","url":"https:\/\/www.myscience.fi\/en\/","logo":{"@type":"ImageObject","inLanguage":"en-US","@id":"https:\/\/www.myscience.fi\/en\/#\/schema\/logo\/image\/","url":"https:\/\/www.myscience.fi\/en\/files\/2017\/03\/luma-multicolored-white-en-header.png","contentUrl":"https:\/\/www.myscience.fi\/en\/files\/2017\/03\/luma-multicolored-white-en-header.png","width":500,"height":145,"caption":"LUMA Centre Finland"},"image":{"@id":"https:\/\/www.myscience.fi\/en\/#\/schema\/logo\/image\/"}}]}},"_links":{"self":[{"href":"https:\/\/www.myscience.fi\/en\/wp-json\/wp\/v2\/pages\/1364","targetHints":{"allow":["GET"]}}],"collection":[{"href":"https:\/\/www.myscience.fi\/en\/wp-json\/wp\/v2\/pages"}],"about":[{"href":"https:\/\/www.myscience.fi\/en\/wp-json\/wp\/v2\/types\/page"}],"author":[{"embeddable":true,"href":"https:\/\/www.myscience.fi\/en\/wp-json\/wp\/v2\/users\/1"}],"replies":[{"embeddable":true,"href":"https:\/\/www.myscience.fi\/en\/wp-json\/wp\/v2\/comments?post=1364"}],"version-history":[{"count":69,"href":"https:\/\/www.myscience.fi\/en\/wp-json\/wp\/v2\/pages\/1364\/revisions"}],"predecessor-version":[{"id":2697,"href":"https:\/\/www.myscience.fi\/en\/wp-json\/wp\/v2\/pages\/1364\/revisions\/2697"}],"wp:attachment":[{"href":"https:\/\/www.myscience.fi\/en\/wp-json\/wp\/v2\/media?parent=1364"}],"curies":[{"name":"wp","href":"https:\/\/api.w.org\/{rel}","templated":true}]}}